{"id":132970,"date":"2022-11-11T14:36:06","date_gmt":"2022-11-11T14:36:06","guid":{"rendered":"https:\/\/clearchox.com\/de\/?page_id=132970"},"modified":"2025-01-30T11:45:37","modified_gmt":"2025-01-30T11:45:37","slug":"voraussichtliche-liefertermine","status":"publish","type":"page","link":"https:\/\/clearchox.com\/de\/voraussichtliche-liefertermine\/","title":{"rendered":"Voraussichtliche Liefertermine"},"content":{"rendered":"\n<p>Unsere Spezialit\u00e4t ist der Import sch\u00f6ner Schokoladen von kleinen, handwerklich arbeitenden Herstellern aus der ganzen Welt. Bevorzugt aus den Ursprungsl\u00e4ndern.<\/p>\n\n\n\n<p>Das bedeutet auch, dass wir mit vielen Herausforderungen konfrontiert sind, die zu Verz\u00f6gerungen f\u00fchren oder die Verf\u00fcgbarkeit unserer Schokoladen beeintr\u00e4chtigen k\u00f6nnen, wie zum Beispiel:<\/p>\n\n\n\n<ul class=\"wp-block-list\">\n<li>Saisonabh\u00e4ngigkeit. Edelkakao, der die Grundlage unserer Schokoladen bildet, ist kein Massenprodukt. Er wird zu einer bestimmten Zeit im Jahr geerntet und kann nicht unbegrenzt frisch gehalten werden. Au\u00dferdem variiert das Wetter, die Ernten und die Marktbedingungen. Manchmal ist eine bestimmte Art oder Qualit\u00e4t von Kakaobohnen einfach nicht verf\u00fcgbar oder zu teuer f\u00fcr unsere Chocolatiers. Au\u00dferdem kann sich die Kakaoernte verz\u00f6gern, was wiederum zu Verz\u00f6gerungen in der Schokoladenproduktion f\u00fchren kann.<\/li>\n\n\n\n<li>Transportprobleme. Wir versuchen, unsere Transporte so reibungslos wie m\u00f6glich zu gestalten, und wir haben dabei viel Erfahrung gesammelt. Aber wir haben nicht immer die Kontrolle \u00fcber die Dinge. Ein Streik auf einem Flughafen. Ein internationaler Zwischenfall, der Schiffe im Suez-Kanal blockiert. Besonders strenge Zollkontrollen aufgrund der Angst vor Drogentransporten. Wochen- oder monatelange Verz\u00f6gerungen k\u00f6nnen die Folge sein &#8211; und manchmal auch Sch\u00e4den an unseren Pralinen oder zus\u00e4tzliche Kosten f\u00fcr die gek\u00fchlte Lagerung am Flughafen.<\/li>\n\n\n\n<li>Missgeschicke beim Chocolatier. Alle unsere Lieferanten f\u00fchren ihre Gesch\u00e4fte auf fantastische Weise, aber Unternehmertum ist nie einfach, und in einigen L\u00e4ndern wird die Gesch\u00e4ftst\u00e4tigkeit durch politische oder wirtschaftliche Umst\u00e4nde zus\u00e4tzlich erschwert. Im Laufe der Jahre hatten wir mit Dingen wie begrenzter Stromversorgung, Entf\u00fchrungen von Landarbeitern, blockierten Stra\u00dfen nach tropischen St\u00fcrmen und der Krankheit des einzigen verf\u00fcgbaren Bio-Zertifizierungsbeauftragten, der einmal im Jahr zu Besuch kommt, zu tun. Alles M\u00f6gliche\u2026<\/li>\n<\/ul>\n\n\n\n<p>Um diese sch\u00f6ne, besondere, superfaire Schokolade in bestem Zustand zu Ihnen zu bringen, bedarf es gro\u00dfer Anstrengungen, und es klappt nicht immer so, wie wir gehofft oder geplant haben. Daf\u00fcr bitten wir um Ihr Verst\u00e4ndnis.<\/p>\n\n\n\n<p>Wir werden versuchen, Sie in unserem Newsletter \u00fcber die Verf\u00fcgbarkeit zu informieren. Bitte z\u00f6gern Sie aber auch nicht, uns zu kontaktieren, wenn Sie Fragen zur Verf\u00fcgbarkeit oder zu Lieferterminen haben.<\/p>\n\n\n\n<p><\/p>\n","protected":false},"excerpt":{"rendered":"<p>Unsere Spezialit\u00e4t ist der Import sch\u00f6ner Schokoladen von kleinen, handwerklich arbeitenden Herstellern aus der ganzen Welt. Bevorzugt aus den Ursprungsl\u00e4ndern. Das bedeutet auch, dass wir mit vielen Herausforderungen konfrontiert sind, die zu Verz\u00f6gerungen f\u00fchren oder die Verf\u00fcgbarkeit unserer Schokoladen beeintr\u00e4chtigen k\u00f6nnen, wie zum Beispiel: Um diese sch\u00f6ne, besondere, superfaire Schokolade in bestem Zustand zu Ihnen &#8230; <a title=\"Voraussichtliche Liefertermine\" class=\"read-more\" href=\"https:\/\/clearchox.com\/de\/voraussichtliche-liefertermine\/\" aria-label=\"Mehr Informationen \u00fcber Voraussichtliche Liefertermine\">Mehr..<\/a><\/p>\n","protected":false},"author":392,"featured_media":0,"parent":0,"menu_order":0,"comment_status":"closed","ping_status":"closed","template":"","meta":{"footnotes":""},"class_list":{"0":"post-132970","1":"page","2":"type-page","3":"status-publish","5":"infinite-scroll-item"},"_links":{"self":[{"href":"https:\/\/clearchox.com\/de\/wp-json\/wp\/v2\/pages\/132970","targetHints":{"allow":["GET"]}}],"collection":[{"href":"https:\/\/clearchox.com\/de\/wp-json\/wp\/v2\/pages"}],"about":[{"href":"https:\/\/clearchox.com\/de\/wp-json\/wp\/v2\/types\/page"}],"author":[{"embeddable":true,"href":"https:\/\/clearchox.com\/de\/wp-json\/wp\/v2\/users\/392"}],"replies":[{"embeddable":true,"href":"https:\/\/clearchox.com\/de\/wp-json\/wp\/v2\/comments?post=132970"}],"version-history":[{"count":0,"href":"https:\/\/clearchox.com\/de\/wp-json\/wp\/v2\/pages\/132970\/revisions"}],"wp:attachment":[{"href":"https:\/\/clearchox.com\/de\/wp-json\/wp\/v2\/media?parent=132970"}],"curies":[{"name":"wp","href":"https:\/\/api.w.org\/{rel}","templated":true}]}}