{"id":3,"date":"2019-11-19T09:35:19","date_gmt":"2019-11-19T09:35:19","guid":{"rendered":"https:\/\/clearchox.com\/?page_id=3"},"modified":"2020-01-28T14:36:43","modified_gmt":"2020-01-28T14:36:43","slug":"cookie-richtlinie","status":"publish","type":"page","link":"https:\/\/clearchox.com\/de\/cookie-richtlinie\/","title":{"rendered":"Cookie Richtlinie"},"content":{"rendered":"\n<h2 class=\"wp-block-heading\">Allgemeine Informationen<\/h2>\n\n\n\n<p>Die ClearChox Website verwendet Cookies. Cookies sind kleine Textdateien, die von Ihrem Browser gespeichert werden und dazu dienen, gewisse Informationen w\u00e4hrend des Navigierens auf einer Website oder bei zuk\u00fcnftigen Besuchen wieder abrufen zu k\u00f6nnen. ClearChox verwendet eine Reihe so genannter Erstanbieter-Cookies, die von der ClearChox Website selbst erstellt und verwendet werden, sowie einige Drittanbieter-Cookies, die auf unserer Website von Drittanbietern erstellt werden. Cookies erm\u00f6glichen es uns, die einzelnen Schritte Ihrer Online-Buchung sowie Ihre Kundendaten zu speichern, basierend auf den von Ihnen ausgew\u00e4hlten Optionen und besuchten Seiten. Ebenso helfen sie uns dabei, das Verhalten der Besucher unserer Website zu analysieren und so die Website zu optimieren.<br>Cookies speichern ausschlie\u00dflich Textfolgen, die stets anonym und in den meisten F\u00e4llen verschl\u00fcsselt sind. Auf keinen Fall speichert ClearChox pers\u00f6nliche Daten in Cookies.<\/p>\n\n\n\n<h2 class=\"wp-block-heading\">Was sind Cookies?<\/h2>\n\n\n\n<p>Cookies sind kleine, einfache Textdateien, die von einer Website w\u00e4hrend Ihres Besuchs erstellt werden. Sie speichern Informationen, die f\u00fcr die weitere Navigation auf der Website von Nutzen sein k\u00f6nnten. So bleiben Ihre Informationen auch bei einem Wechsel auf eine andere Seite bestehen, und Ihre Nutzung der Website kann analysiert werden. Sie k\u00f6nnen Cookies also \u00f6ffnen und lesen. Die in den Cookies enthaltenen Daten sind oft verschl\u00fcsselt oder werden in Form eines numerischen Codes gespeichert. Deshalb k\u00f6nnen sie oftmals nur von der Website, von der sie erstellt wurden, entschl\u00fcsselt werden.<br>Cookies sind sicher: Sie k\u00f6nnen nur Informationen speichern, die vom Browser geliefert werden, d.h. Informationen, die der Benutzer selbst in den Browser eingegeben hat oder die auf der Website vorhanden sind.<br>Cookies k\u00f6nnen keine Codes ausf\u00fchren und k\u00f6nnen nicht verwendet werden, um auf Ihren Computer zuzugreifen. Sind die in einem Cookie gespeicherten Informationen verschl\u00fcsselt, so k\u00f6nnen sie nur vom betreffenden Anbieter gelesen werden.<br>Es gibt zwei verschiede Arten von Cookies: <em>Session Cookies<\/em> und <em>Persistent Cookies<\/em>. Sie werden f\u00fcr unterschiedliche Zwecke eingesetzt und speichern unterschiedliche Informationen.<br><em>Session Cookies<\/em> speichern Informationen, die w\u00e4hrend Ihrer aktuellen Browser-Sitzung verwendet werden. Diese Cookies werden automatisch gel\u00f6scht, wenn Sie Ihren Browser schlie\u00dfen. Keinerlei Informationen verbleiben auf Ihrer Festplatte, nachdem Sie die Website verlassen haben.<br><em>Persistent Cookies<\/em> speichern Informationen zwischen zwei Besuchen der Website. Anhand dieser Informationen werden Sie bei Ihrem n\u00e4chsten Besuch als wiederkehrender Kunde erkannt, und die Website reagiert entsprechend. Die Lebensdauer eines Persistent Cookies wird vom Ersteller des Cookies bestimmt und kann von ein paar Minuten bis zu mehreren Jahren reichen.<\/p>\n\n\n\n<h2 class=\"wp-block-heading\">Wozu werden Cookies eingesetzt?<\/h2>\n\n\n\n<p>Cookies werden eingesetzt, um Ihre Einstellungen beizubehalten, w\u00e4hrend Sie auf der Website navigieren; sie speichern Ihre Bestellinformationen und sorgen daf\u00fcr, dass Sie w\u00e4hrend der gesamten Sitzung eingeloggt bleiben.<br>Analyse-Cookies von Google und Statcounter erlauben es uns, die Nutzung der Website durch unsere Kunden zu verfolgen. So gewinnen wir wertvolle Erkenntnisse, um sowohl die Website, als auch unsere Produkte und Dienstleistungen zu optimieren.<br>Analyse-Cookies von MailPoet erlaubt uns zu analysieren welche Artikeln in unsere Newsletter mehr oder weniger werden gelesen.<\/p>\n\n\n\n<h2 class=\"wp-block-heading\">Deaktivierung und L\u00f6schung von Cookies<\/h2>\n\n\n\n<p>Sie haben bei allen Webbrowsern die M\u00f6glichkeit, die Verwendung von Cookies einzuschr\u00e4nken oder zu deaktivieren, indem Sie die Einstellungen oder Optionen Ihres Browsers entsprechend konfigurieren. Die dazu n\u00f6tigen Schritte variieren von Browser zu Browser; eine entsprechende Anleitung finden Sie im Hilfe-Menu Ihres Browsers.<br>Wenn Sie in Ihrem Browser Cookies deaktivieren, k\u00f6nnen Sie auf der ClearChox Website keine Bestellung vornehmen, denn Ihren Warenkorb kann nicht werden gef\u00fcllt. Ebenso kann Ihre Navigation auf der Website beeintr\u00e4chtigt werden.<\/p>\n\n\n\n<h2 class=\"wp-block-heading\">Was f\u00fcr Cookies erstellt die ClearChox Website?<\/h2>\n\n\n\n<p>Die von ClearChox erstellten Session Cookies beinhalten unter anderem Informationen \u00fcber den Webserver, der Ihre Sitzung verarbeitet und Ihren Authentifizierungsstatus (anhand der ClearChox Kundendatenbank).<br>Die von der ClearChox Website erstellten Persistent Cookies werden von unseren Technologiepartnern Google und Statcounter verwendet, um wiederkehrende Besucher unserer Website von Neukunden zu unterscheiden. Die L\u00f6schung dieser Cookies beeintr\u00e4chtigt weder Ihre Nutzung der ClearChox Website, noch deren Funktionen.<\/p>\n","protected":false},"excerpt":{"rendered":"<p>Allgemeine Informationen Die ClearChox Website verwendet Cookies. Cookies sind kleine Textdateien, die von Ihrem Browser gespeichert werden und dazu dienen, gewisse Informationen w\u00e4hrend des Navigierens auf einer Website oder bei zuk\u00fcnftigen Besuchen wieder abrufen zu k\u00f6nnen. ClearChox verwendet eine Reihe so genannter Erstanbieter-Cookies, die von der ClearChox Website selbst erstellt und verwendet werden, sowie einige &#8230; <a title=\"Cookie Richtlinie\" class=\"read-more\" href=\"https:\/\/clearchox.com\/de\/cookie-richtlinie\/\" aria-label=\"Mehr Informationen \u00fcber Cookie Richtlinie\">Mehr..<\/a><\/p>\n","protected":false},"author":1,"featured_media":0,"parent":0,"menu_order":0,"comment_status":"closed","ping_status":"open","template":"","meta":{"footnotes":""},"class_list":{"0":"post-3","1":"page","2":"type-page","3":"status-publish","5":"infinite-scroll-item"},"_links":{"self":[{"href":"https:\/\/clearchox.com\/de\/wp-json\/wp\/v2\/pages\/3","targetHints":{"allow":["GET"]}}],"collection":[{"href":"https:\/\/clearchox.com\/de\/wp-json\/wp\/v2\/pages"}],"about":[{"href":"https:\/\/clearchox.com\/de\/wp-json\/wp\/v2\/types\/page"}],"author":[{"embeddable":true,"href":"https:\/\/clearchox.com\/de\/wp-json\/wp\/v2\/users\/1"}],"replies":[{"embeddable":true,"href":"https:\/\/clearchox.com\/de\/wp-json\/wp\/v2\/comments?post=3"}],"version-history":[{"count":0,"href":"https:\/\/clearchox.com\/de\/wp-json\/wp\/v2\/pages\/3\/revisions"}],"wp:attachment":[{"href":"https:\/\/clearchox.com\/de\/wp-json\/wp\/v2\/media?parent=3"}],"curies":[{"name":"wp","href":"https:\/\/api.w.org\/{rel}","templated":true}]}}