{"id":84473,"date":"2019-11-29T19:27:09","date_gmt":"2019-11-29T19:27:09","guid":{"rendered":"https:\/\/clearchox.com\/?page_id=84473"},"modified":"2025-03-21T10:33:52","modified_gmt":"2025-03-21T10:33:52","slug":"home","status":"publish","type":"page","link":"https:\/\/clearchox.com\/de\/","title":{"rendered":"Gesch\u00e4ftlich"},"content":{"rendered":"\n<div class=\"wp-block-group alignfull no-topmarges no-login has-background\" style=\"background-color:#f7f4ee\"><div class=\"wp-block-group__inner-container is-layout-flow wp-block-group-is-layout-flow\">\n<div class=\"wp-block-columns no-margins is-layout-flex wp-container-core-columns-is-layout-9d6595d7 wp-block-columns-is-layout-flex\">\n<div class=\"wp-block-column is-layout-flow wp-block-column-is-layout-flow\" style=\"flex-basis:30%\"><div class=\"wp-block-image\">\n<figure class=\"aligncenter size-large is-resized\"><img decoding=\"async\" src=\"https:\/\/clearchox.com\/wp-content\/uploads\/2020\/01\/alberto-1.png\" alt=\"\" class=\"wp-image-86587\" style=\"width:244px;height:242px\"\/><\/figure>\n<\/div><\/div>\n\n\n\n<div class=\"wp-block-column is-vertically-aligned-center no-marges is-layout-flow wp-block-column-is-layout-flow\" style=\"flex-basis:70%\">\n<h2 class=\"wp-block-heading\" id=\"h-anmeldung-geschaftskunde-oder-registrierung\">Anmeldung Gesch\u00e4ftskunde oder <a href=\"https:\/\/clearchox.com\/de\/gute-schokolade\/\">Registrierung<\/a><\/h2>\n\n\n\n<div class=\"woocommerce\"><\/div>\n<\/div>\n<\/div>\n<\/div><\/div>\n\n\n\n<div class=\"wp-block-group alignfull no-margins no-login has-background\" style=\"background-color:#fce4a3\"><div class=\"wp-block-group__inner-container is-layout-flow wp-block-group-is-layout-flow\">\n<div style=\"height:35px\" aria-hidden=\"true\" class=\"wp-block-spacer\"><\/div>\n\n\n\n<h2 class=\"wp-block-heading\" id=\"h-noch-kein-geschaftskunde\">Noch kein Gesch\u00e4ftskunde?<\/h2>\n\n\n\n<div class=\"wp-block-columns no-margins is-layout-flex wp-container-core-columns-is-layout-9d6595d7 wp-block-columns-is-layout-flex\">\n<div class=\"wp-block-column is-layout-flow wp-block-column-is-layout-flow\">\n<p class=\"has-medium-font-size\">Clearchox ist Gro\u00dfh\u00e4ndler und Importeur von sehr guter Schokolade, vorzugsweise im Herkunftsland hergestellt.<\/p>\n<\/div>\n\n\n\n<div class=\"wp-block-column is-layout-flow wp-block-column-is-layout-flow\">\n<div class=\"wp-block-button\"><a class=\"wp-block-button__link has-background wp-element-button\" href=\"https:\/\/clearchox.com\/de\/gute-schokolade\/\" style=\"background-color:#3a2213\"> Registrieren<\/a><\/div>\n<\/div>\n<\/div>\n\n\n\n<div style=\"height:20px\" aria-hidden=\"true\" class=\"wp-block-spacer\"><\/div>\n<\/div><\/div>\n\n\n\n<div class=\"wp-block-group alignfull\"><div class=\"wp-block-group__inner-container is-layout-flow wp-block-group-is-layout-flow\">\n<h2 class=\"wp-block-heading has-text-align-center\" id=\"h-hintergrundgeschichten\"> Hintergrundgeschichten  <\/h2>\n\n\n<div class=\"display-posts-listing grid\"><div class=\"listing-item\"><a class=\"image\" href=\"https:\/\/clearchox.com\/de\/ein-wunderschoenes-comeback-von-pure-chocolate\/\"><img loading=\"lazy\" decoding=\"async\" width=\"300\" height=\"300\" src=\"https:\/\/clearchox.com\/de\/wp-content\/uploads\/sites\/7\/2026\/04\/Pure-Chocolate-logo-300x300.jpg\" class=\"attachment-medium size-medium wp-post-image\" alt=\"pure chocolate jamaika\" srcset=\"https:\/\/clearchox.com\/de\/wp-content\/uploads\/sites\/7\/2026\/04\/Pure-Chocolate-logo-300x300.jpg 300w, https:\/\/clearchox.com\/de\/wp-content\/uploads\/sites\/7\/2026\/04\/Pure-Chocolate-logo-1024x1024.jpg 1024w, https:\/\/clearchox.com\/de\/wp-content\/uploads\/sites\/7\/2026\/04\/Pure-Chocolate-logo-150x150.jpg 150w, https:\/\/clearchox.com\/de\/wp-content\/uploads\/sites\/7\/2026\/04\/Pure-Chocolate-logo-768x769.jpg 768w, https:\/\/clearchox.com\/de\/wp-content\/uploads\/sites\/7\/2026\/04\/Pure-Chocolate-logo-600x601.jpg 600w, https:\/\/clearchox.com\/de\/wp-content\/uploads\/sites\/7\/2026\/04\/Pure-Chocolate-logo-100x100.jpg 100w, https:\/\/clearchox.com\/de\/wp-content\/uploads\/sites\/7\/2026\/04\/Pure-Chocolate-logo.jpg 1194w\" sizes=\"auto, (max-width: 300px) 100vw, 300px\" \/><\/a> <a class=\"title\" href=\"https:\/\/clearchox.com\/de\/ein-wunderschoenes-comeback-von-pure-chocolate\/\">Ein wundersch\u00f6nes Comeback von PURE Chocolate<\/a> <span class=\"excerpt-dash\">-<\/span> <span class=\"excerpt\">Nur eine Woche nach der Er\u00f6ffnung wurde die neue Produktionsst\u00e4tte von PURE Chocolate auf Jamaika vom Hurrikan Melissa getroffen. Ein riesiger Baum st\u00fcrzte auf&hellip; <a class=\"excerpt-more\" href=\"https:\/\/clearchox.com\/de\/ein-wunderschoenes-comeback-von-pure-chocolate\/\">Weiterlesen<\/a><\/span><\/div><div class=\"listing-item\"><a class=\"image\" href=\"https:\/\/clearchox.com\/de\/ocelot-gewinnt-viele-preise\/\"><img loading=\"lazy\" decoding=\"async\" width=\"300\" height=\"300\" src=\"https:\/\/clearchox.com\/de\/wp-content\/uploads\/sites\/7\/2025\/10\/Ocelot-Great-Taste-2025-thumb-300x300.jpg\" class=\"attachment-medium size-medium wp-post-image\" alt=\"\" srcset=\"https:\/\/clearchox.com\/de\/wp-content\/uploads\/sites\/7\/2025\/10\/Ocelot-Great-Taste-2025-thumb-300x300.jpg 300w, https:\/\/clearchox.com\/de\/wp-content\/uploads\/sites\/7\/2025\/10\/Ocelot-Great-Taste-2025-thumb-150x150.jpg 150w, https:\/\/clearchox.com\/de\/wp-content\/uploads\/sites\/7\/2025\/10\/Ocelot-Great-Taste-2025-thumb-768x768.jpg 768w, https:\/\/clearchox.com\/de\/wp-content\/uploads\/sites\/7\/2025\/10\/Ocelot-Great-Taste-2025-thumb-600x600.jpg 600w, https:\/\/clearchox.com\/de\/wp-content\/uploads\/sites\/7\/2025\/10\/Ocelot-Great-Taste-2025-thumb-100x100.jpg 100w, https:\/\/clearchox.com\/de\/wp-content\/uploads\/sites\/7\/2025\/10\/Ocelot-Great-Taste-2025-thumb.jpg 851w\" sizes=\"auto, (max-width: 300px) 100vw, 300px\" \/><\/a> <a class=\"title\" href=\"https:\/\/clearchox.com\/de\/ocelot-gewinnt-viele-preise\/\">Ocelot gewinnt viele Preise<\/a> <span class=\"excerpt-dash\">-<\/span> <span class=\"excerpt\">Ocelot hat bei den Great Taste Awards in Gro\u00dfbritannien mit f\u00fcnf Tafeln Sterne gewonnen. Die Great Taste Awards gelten als die Oscars der Lebensmittelbranche.&hellip; <a class=\"excerpt-more\" href=\"https:\/\/clearchox.com\/de\/ocelot-gewinnt-viele-preise\/\">Weiterlesen<\/a><\/span><\/div><div class=\"listing-item\"><a class=\"image\" href=\"https:\/\/clearchox.com\/de\/clearchox-und-dillicious-kooperieren\/\"><img loading=\"lazy\" decoding=\"async\" width=\"300\" height=\"300\" src=\"https:\/\/clearchox.com\/de\/wp-content\/uploads\/sites\/7\/2025\/07\/Dillicious-x-ClearChox-300x300.jpg\" class=\"attachment-medium size-medium wp-post-image\" alt=\"\" srcset=\"https:\/\/clearchox.com\/de\/wp-content\/uploads\/sites\/7\/2025\/07\/Dillicious-x-ClearChox-300x300.jpg 300w, https:\/\/clearchox.com\/de\/wp-content\/uploads\/sites\/7\/2025\/07\/Dillicious-x-ClearChox-1024x1024.jpg 1024w, https:\/\/clearchox.com\/de\/wp-content\/uploads\/sites\/7\/2025\/07\/Dillicious-x-ClearChox-150x150.jpg 150w, https:\/\/clearchox.com\/de\/wp-content\/uploads\/sites\/7\/2025\/07\/Dillicious-x-ClearChox-768x769.jpg 768w, https:\/\/clearchox.com\/de\/wp-content\/uploads\/sites\/7\/2025\/07\/Dillicious-x-ClearChox-600x600.jpg 600w, https:\/\/clearchox.com\/de\/wp-content\/uploads\/sites\/7\/2025\/07\/Dillicious-x-ClearChox-100x100.jpg 100w, https:\/\/clearchox.com\/de\/wp-content\/uploads\/sites\/7\/2025\/07\/Dillicious-x-ClearChox.jpg 1432w\" sizes=\"auto, (max-width: 300px) 100vw, 300px\" \/><\/a> <a class=\"title\" href=\"https:\/\/clearchox.com\/de\/clearchox-und-dillicious-kooperieren\/\">ClearChox und Dillicious kooperieren<\/a> <span class=\"excerpt-dash\">-<\/span> <span class=\"excerpt\">P\u00fcnktlich zur neuen Saison startet im August die neue Zusammenarbeit zwischen Clearchox und Dillicious auf dem deutschen Markt. <a class=\"excerpt-more\" href=\"https:\/\/clearchox.com\/de\/clearchox-und-dillicious-kooperieren\/\">Weiterlesen<\/a><\/span><\/div><div class=\"listing-item\"><a class=\"image\" href=\"https:\/\/clearchox.com\/de\/warten-auf-grenada\/\"><img loading=\"lazy\" decoding=\"async\" width=\"240\" height=\"240\" src=\"https:\/\/clearchox.com\/de\/wp-content\/uploads\/sites\/7\/2019\/11\/Grenada-Chocolate-Company-240x2402.jpg\" class=\"attachment-medium size-medium wp-post-image\" alt=\"\" srcset=\"https:\/\/clearchox.com\/de\/wp-content\/uploads\/sites\/7\/2019\/11\/Grenada-Chocolate-Company-240x2402.jpg 240w, https:\/\/clearchox.com\/de\/wp-content\/uploads\/sites\/7\/2019\/11\/Grenada-Chocolate-Company-240x2402-150x150.jpg 150w, https:\/\/clearchox.com\/de\/wp-content\/uploads\/sites\/7\/2019\/11\/Grenada-Chocolate-Company-240x2402-100x100.jpg 100w\" sizes=\"auto, (max-width: 240px) 100vw, 240px\" \/><\/a> <a class=\"title\" href=\"https:\/\/clearchox.com\/de\/warten-auf-grenada\/\">Warten auf Grenada<\/a> <span class=\"excerpt-dash\">-<\/span> <span class=\"excerpt\">Warten, warten, warten. Die Grenada Chocolate Company ist letztes Jahr umgezogen: neue Adresse, neue BIO-Zertifizierung und das hat zu einigen, an sich kleinen, Unklarheiten&hellip; <a class=\"excerpt-more\" href=\"https:\/\/clearchox.com\/de\/warten-auf-grenada\/\">Weiterlesen<\/a><\/span><\/div><\/div>\n\n\n\n<div style=\"height:20px\" aria-hidden=\"true\" class=\"wp-block-spacer\"><\/div>\n\n\n\n<div class=\"wp-block-button aligncenter\"><a class=\"wp-block-button__link wp-element-button\" href=\"https:\/\/clearchox.com\/de\/blog\/\">Mehr&#8230;<\/a><\/div>\n<\/div><\/div>\n\n\n\n<div class=\"wp-block-group alignfull has-background\" style=\"background-color:#fce4a3\"><div class=\"wp-block-group__inner-container is-layout-flow wp-block-group-is-layout-flow\">\n<p class=\"has-medium-font-size\">ClearChox hat drei verschiedene Websites: <a href=\"https:\/\/clearchox.com\/nl\/\">Business BENELUX,<\/a> <em>Gesch\u00e4ftlich D-A-CH<\/em> und <a href=\"https:\/\/clearchox.com\/en\/\">Wholesale INTERNATIONAL<\/a>. F\u00fcr die Bestellung auf den Business-Websites ist eine <a href=\"https:\/\/clearchox.com\/de\/gute-schokolade\/\">Registrierung <\/a>f\u00fcr die entsprechende Website erforderlich.<\/p>\n<\/div><\/div>\n\n\n\n<div class=\"wp-block-group\"><div class=\"wp-block-group__inner-container is-layout-flow wp-block-group-is-layout-flow\">\n<figure class=\"wp-block-image\"><img decoding=\"async\" src=\"https:\/\/clearchox.com\/wp-content\/uploads\/2013\/11\/clearchainchocolate.png\" alt=\"\" class=\"wp-image-36504\"\/><\/figure>\n\n\n\n<figure class=\"wp-block-image\"><img decoding=\"async\" src=\"https:\/\/clearchox.com\/wp-content\/uploads\/2013\/11\/info-1200x245.png\" alt=\"\" class=\"wp-image-39158\"\/><\/figure>\n\n\n\n<div class=\"wp-block-columns has-2-columns is-layout-flex wp-container-core-columns-is-layout-9d6595d7 wp-block-columns-is-layout-flex\">\n<div class=\"wp-block-column is-layout-flow wp-block-column-is-layout-flow\">\n<h2 class=\"wp-block-heading\" id=\"h-kurze-klare-kette\">Kurze klare Kette<\/h2>\n\n\n\n<p>Wir bieten sehr gute Schokolade. In jeder Hinsicht, sowohl in Bezug auf Qualit\u00e4t als auch auf die Herkunft. Der beste Kakao von Bauern, welche mehr als fair bezahlt werden und von passionierten Chocolatiers, die diese Bohnen zu Schokolade verarbeiten. Keine obskuren Quellen, keine Geheimnisse. Darum hei\u00dfen wir ClearChox und Clear Chain Chocolate ist unser Motto! Schokolade mit einer transparenten Lieferkette. Von der Farm zu Ihnen in so wenigen Schritten wie m\u00f6glich. So schmeckt es viel besser.<\/p>\n<\/div>\n\n\n\n<div class=\"wp-block-column is-layout-flow wp-block-column-is-layout-flow\">\n<h2 class=\"wp-block-heading\" id=\"h-herkunftschokolade\">Herkunftschokolade<\/h2>\n\n\n\n<p>Wir wollen die Bauer oder Genossenschaften kennen. Wir m\u00f6chten wissen von welcher Plantage, von welchen B\u00e4umen der Kakao kommt. Und wir wollen wissen, wer die Schokolade macht. Keine Massenproduktion. Denn alles was mit Liebe und Aufmerksamkeit gemacht ist, ist rein, ist gut, und das schmeckt!<br>Diese Schokoladen werden Herkunftschokoladen genannt.<br>Unser Symbol ist die Raute mit der blauen und schokoladenbraunen H\u00e4lfte. Es sind zwei Pfeile, die jeweils in die umgekehrte Richtung zeigen. Denn auch der Weg zur\u00fcck mu\u00df verfolgt werden k\u00f6nnen.<\/p>\n<\/div>\n<\/div>\n<\/div><\/div>\n\n\n\n<div class=\"wp-block-group alignfull has-very-light-gray-background-color has-background\"><div class=\"wp-block-group__inner-container is-layout-flow wp-block-group-is-layout-flow\">\n<h2 class=\"wp-block-heading has-text-align-center\" id=\"h-fur-sie-ausgewahlt\">f\u00fcr Sie ausgew\u00e4hlt<\/h2>\n\n\n<div data-block-name=\"woocommerce\/handpicked-products\" data-content-visibility=\"{&quot;title&quot;:true,&quot;price&quot;:false,&quot;rating&quot;:true,&quot;button&quot;:false}\" data-products=\"[384,186,393]\" class=\"wc-block-grid wp-block-handpicked-products wp-block-woocommerce-handpicked-products wc-block-handpicked-products has-3-columns has-multiple-rows\"><ul class=\"wc-block-grid__products\"><li class=\"wc-block-grid__product\">\n\t\t\t\t<a href=\"https:\/\/clearchox.com\/de\/shop\/soklet-puur-82\/\" class=\"wc-block-grid__product-link\">\n\t\t\t\t\t\n\t\t\t\t\t<div class=\"wc-block-grid__product-image\"><img loading=\"lazy\" decoding=\"async\" width=\"300\" height=\"300\" src=\"https:\/\/clearchox.com\/de\/wp-content\/uploads\/sites\/7\/2019\/11\/Soklet-dark-82-front-800x800-300x300.jpg\" class=\"attachment-woocommerce_thumbnail size-woocommerce_thumbnail\" alt=\"Soklet - dark 82 - front - 800x800\" srcset=\"https:\/\/clearchox.com\/de\/wp-content\/uploads\/sites\/7\/2019\/11\/Soklet-dark-82-front-800x800-300x300.jpg 300w, https:\/\/clearchox.com\/de\/wp-content\/uploads\/sites\/7\/2019\/11\/Soklet-dark-82-front-800x800-150x150.jpg 150w, https:\/\/clearchox.com\/de\/wp-content\/uploads\/sites\/7\/2019\/11\/Soklet-dark-82-front-800x800-768x768.jpg 768w, https:\/\/clearchox.com\/de\/wp-content\/uploads\/sites\/7\/2019\/11\/Soklet-dark-82-front-800x800-600x600.jpg 600w, https:\/\/clearchox.com\/de\/wp-content\/uploads\/sites\/7\/2019\/11\/Soklet-dark-82-front-800x800-100x100.jpg 100w, https:\/\/clearchox.com\/de\/wp-content\/uploads\/sites\/7\/2019\/11\/Soklet-dark-82-front-800x800.jpg 800w\" sizes=\"auto, (max-width: 300px) 100vw, 300px\" \/><\/div>\n\t\t\t\t\t<div class=\"wc-block-grid__product-title\">Soklet Dunkel 82%<\/div>\n\t\t\t\t<\/a>\n\t\t\t\t\n\t\t\t\t\n\t\t\t\t\n\t\t\t<\/li><li class=\"wc-block-grid__product\">\n\t\t\t\t<a href=\"https:\/\/clearchox.com\/de\/shop\/georgia-ramon-carolina-reaper-chili-70\/\" class=\"wc-block-grid__product-link\">\n\t\t\t\t\t\n\t\t\t\t\t<div class=\"wc-block-grid__product-image\"><img loading=\"lazy\" decoding=\"async\" width=\"300\" height=\"300\" src=\"https:\/\/clearchox.com\/de\/wp-content\/uploads\/sites\/7\/2020\/09\/Carolina-reaper-70.-300x300.jpg\" class=\"attachment-woocommerce_thumbnail size-woocommerce_thumbnail\" alt=\"Georgia Ramon Carolina Reaper Chili 70%\" srcset=\"https:\/\/clearchox.com\/de\/wp-content\/uploads\/sites\/7\/2020\/09\/Carolina-reaper-70.-300x300.jpg 300w, https:\/\/clearchox.com\/de\/wp-content\/uploads\/sites\/7\/2020\/09\/Carolina-reaper-70.-150x150.jpg 150w, https:\/\/clearchox.com\/de\/wp-content\/uploads\/sites\/7\/2020\/09\/Carolina-reaper-70.-768x768.jpg 768w, https:\/\/clearchox.com\/de\/wp-content\/uploads\/sites\/7\/2020\/09\/Carolina-reaper-70.-600x600.jpg 600w, https:\/\/clearchox.com\/de\/wp-content\/uploads\/sites\/7\/2020\/09\/Carolina-reaper-70.-100x100.jpg 100w, https:\/\/clearchox.com\/de\/wp-content\/uploads\/sites\/7\/2020\/09\/Carolina-reaper-70..jpg 850w\" sizes=\"auto, (max-width: 300px) 100vw, 300px\" \/><\/div>\n\t\t\t\t\t<div class=\"wc-block-grid__product-title\">Georgia Ramon Carolina Reaper Chili 70%<\/div>\n\t\t\t\t<\/a>\n\t\t\t\t\n\t\t\t\t\n\t\t\t\t\n\t\t\t<\/li><\/ul><\/div><\/div><\/div>\n\n\n\n<div class=\"wp-block-group\"><div class=\"wp-block-group__inner-container is-layout-flow wp-block-group-is-layout-flow\">\n<div class=\"wp-block-media-text alignwide is-stacked-on-mobile\"><figure class=\"wp-block-media-text__media\"><img loading=\"lazy\" decoding=\"async\" width=\"425\" height=\"425\" src=\"https:\/\/clearchox.com\/de\/wp-content\/uploads\/sites\/7\/2019\/12\/Mar\u00eda-Cuastumal-Colombia-Tibito-72px.jpg\" alt=\"\" class=\"wp-image-85187 size-full\" srcset=\"https:\/\/clearchox.com\/de\/wp-content\/uploads\/sites\/7\/2019\/12\/Mar\u00eda-Cuastumal-Colombia-Tibito-72px.jpg 425w, https:\/\/clearchox.com\/de\/wp-content\/uploads\/sites\/7\/2019\/12\/Mar\u00eda-Cuastumal-Colombia-Tibito-72px-300x300.jpg 300w, https:\/\/clearchox.com\/de\/wp-content\/uploads\/sites\/7\/2019\/12\/Mar\u00eda-Cuastumal-Colombia-Tibito-72px-150x150.jpg 150w, https:\/\/clearchox.com\/de\/wp-content\/uploads\/sites\/7\/2019\/12\/Mar\u00eda-Cuastumal-Colombia-Tibito-72px-100x100.jpg 100w\" sizes=\"auto, (max-width: 425px) 100vw, 425px\" \/><\/figure><div class=\"wp-block-media-text__content\">\n<p class=\"has-large-font-size\">Chocolate-arte<\/p>\n\n\n\n<p> <em>Ein Kunstprojekt von Laura Reiman.<\/em> <\/p>\n\n\n\n<div class=\"wp-block-button\"><a class=\"wp-block-button__link has-background wp-element-button\" href=\"https:\/\/clearchox.com\/de\/chocolate-arte\/\" style=\"background-color:#59433d\"> Schokoladengemalte Portr\u00e4ts <\/a><\/div>\n<\/div><\/div>\n<\/div><\/div>\n","protected":false},"excerpt":{"rendered":"<p>Anmeldung Gesch\u00e4ftskunde oder Registrierung Noch kein Gesch\u00e4ftskunde? Clearchox ist Gro\u00dfh\u00e4ndler und Importeur von sehr guter Schokolade, vorzugsweise im Herkunftsland hergestellt. Hintergrundgeschichten Kurze klare Kette Wir bieten sehr gute Schokolade. In jeder Hinsicht, sowohl in Bezug auf Qualit\u00e4t als auch auf die Herkunft. Der beste Kakao von Bauern, welche mehr als fair bezahlt werden und von &#8230; <a title=\"Warten auf Grenada\" class=\"read-more\" href=\"https:\/\/clearchox.com\/de\/warten-auf-grenada\/\" aria-label=\"Mehr Informationen \u00fcber Warten auf Grenada\">Mehr..<\/a><\/p>\n","protected":false},"author":1,"featured_media":86798,"parent":0,"menu_order":0,"comment_status":"closed","ping_status":"closed","template":"","meta":{"footnotes":""},"class_list":["post-84473","page","type-page","status-publish","has-post-thumbnail","hentry","infinite-scroll-item","resize-featured-image"],"_links":{"self":[{"href":"https:\/\/clearchox.com\/de\/wp-json\/wp\/v2\/pages\/84473","targetHints":{"allow":["GET"]}}],"collection":[{"href":"https:\/\/clearchox.com\/de\/wp-json\/wp\/v2\/pages"}],"about":[{"href":"https:\/\/clearchox.com\/de\/wp-json\/wp\/v2\/types\/page"}],"author":[{"embeddable":true,"href":"https:\/\/clearchox.com\/de\/wp-json\/wp\/v2\/users\/1"}],"replies":[{"embeddable":true,"href":"https:\/\/clearchox.com\/de\/wp-json\/wp\/v2\/comments?post=84473"}],"version-history":[{"count":0,"href":"https:\/\/clearchox.com\/de\/wp-json\/wp\/v2\/pages\/84473\/revisions"}],"wp:featuredmedia":[{"embeddable":true,"href":"https:\/\/clearchox.com\/de\/wp-json\/wp\/v2\/media\/86798"}],"wp:attachment":[{"href":"https:\/\/clearchox.com\/de\/wp-json\/wp\/v2\/media?parent=84473"}],"curies":[{"name":"wp","href":"https:\/\/api.w.org\/{rel}","templated":true}]}}