{"id":85198,"date":"2020-02-17T12:42:44","date_gmt":"2020-02-17T12:42:44","guid":{"rendered":"https:\/\/clearchox.com\/?page_id=85198"},"modified":"2021-01-31T20:29:59","modified_gmt":"2021-01-31T20:29:59","slug":"gute-schokolade","status":"publish","type":"page","link":"https:\/\/clearchox.com\/de\/gute-schokolade\/","title":{"rendered":"Der Weg zu guten Schokoladen"},"content":{"rendered":"\n<h1 class=\"wp-block-heading\" id=\"h-mit-clearchox\">mit ClearChox!<\/h1>\n\n\n\n<div class=\"wp-block-columns is-layout-flex wp-container-core-columns-is-layout-9d6595d7 wp-block-columns-is-layout-flex\">\n<div class=\"wp-block-column is-layout-flow wp-block-column-is-layout-flow\">\n<p>Sie suchen ganz bewusst nach <strong>der besten Schokolade f\u00fcr Ihre Kunden<\/strong>. Super leckere Schokolade, verantwortungsvoll hergestellt, mit guten Zutaten. Mit einer Geschichte.<\/p>\n\n\n\n<figure class=\"wp-block-image size-large\"><img loading=\"lazy\" decoding=\"async\" width=\"1024\" height=\"501\" src=\"https:\/\/clearchox.com\/de\/wp-content\/uploads\/sites\/7\/2019\/11\/Kichwa-compile-Ecuador-1024x501.jpg\" alt=\"Kichwa - compile Ecuador\" class=\"wp-image-83156\" srcset=\"https:\/\/clearchox.com\/de\/wp-content\/uploads\/sites\/7\/2019\/11\/Kichwa-compile-Ecuador-1024x501.jpg 1024w, https:\/\/clearchox.com\/de\/wp-content\/uploads\/sites\/7\/2019\/11\/Kichwa-compile-Ecuador-300x147.jpg 300w, https:\/\/clearchox.com\/de\/wp-content\/uploads\/sites\/7\/2019\/11\/Kichwa-compile-Ecuador-768x376.jpg 768w, https:\/\/clearchox.com\/de\/wp-content\/uploads\/sites\/7\/2019\/11\/Kichwa-compile-Ecuador-600x293.jpg 600w, https:\/\/clearchox.com\/de\/wp-content\/uploads\/sites\/7\/2019\/11\/Kichwa-compile-Ecuador.jpg 1100w\" sizes=\"auto, (max-width: 1024px) 100vw, 1024px\" \/><\/figure>\n<\/div>\n\n\n\n<div class=\"wp-block-column is-layout-flow wp-block-column-is-layout-flow\">\n<p>> <strong>wirklich gute Schokolade<\/strong> = gut f\u00fcr die Bauern und von guter Qualit\u00e4t, auch BIO, vegan, allergenfrei<br>> <strong>transparente<\/strong> Handelskette ohne Zwischenh\u00e4ndler <br>> Bauer oder die Kooperative des Kakaos ist <strong>bekannt<\/strong><br>> faires Einkommen f\u00fcr den Bauern: <strong>weit \u00fcber Fairtrade<\/strong><br>> im Herkunftsland hergestellt = dort 7 mal mehr Einkommen<br>> <strong>direkte<\/strong> Beziehung zu den Schokoladenherstellern<br>> wir bieten Ihnen <strong>pers\u00f6nlichen<\/strong> Service<br>> schnelle <strong>Logistik<\/strong><br>> ab <strong>Lager<\/strong> lieferbar<\/p>\n<\/div>\n<\/div>\n\n\n\n<p>ClearChox wurde 2009 gegr\u00fcndet und ist auf den Import und Vertrieb ehrlicher Qualit\u00e4tsschokoladen aus nah und fern spezialisiert. <strong>Von der Kakaobohne bis zur Tafel<\/strong> kennen wir uns aus und arbeiten eng mit den Manufakturen zusammen. Wir bieten Ihnen eine gro\u00dfe Markenauswahl und beliefern Sie guten Gewissens und servicebewu\u00dft mit diesen feinen Schokoladen aus der ganzen Welt, mit ihren verschiedenen Kakaosorten, reichen Aromen, dem Geschmackserlebnis. <strong>Denn die Schokoladenwelt ist so viel reicher als das, was das Supermarktregal zeigt.<\/strong><\/p>\n\n\n\n<div class=\"wp-block-group alignfull has-very-light-gray-background-color has-background\"><div class=\"wp-block-group__inner-container is-layout-flow wp-block-group-is-layout-flow\">\n<h2 class=\"wp-block-heading\" id=\"h-registrieren-sie-sich-und-1-2-3-sind-die-guten-schokoladen-bei-ihnen\">Registrieren Sie sich und 1-2-3 sind die guten Schokoladen bei Ihnen.<\/h2>\n\n\n\n<div class=\"wp-block-columns is-layout-flex wp-container-core-columns-is-layout-9d6595d7 wp-block-columns-is-layout-flex\">\n<div class=\"wp-block-column is-layout-flow wp-block-column-is-layout-flow\">\n<h3 class=\"wp-block-heading\" id=\"h-1-f-llen-sie-dieses-formular-aus\"><strong>1  F\u00fcllen Sie dieses Formular aus <\/strong><\/h3>\n\n\n\n<p class=\"has-small-font-size\">Geben Sie ggf. die bevorzugten R\u00fcckrufzeiten an<\/p>\n\n\n\n<script>\nfunction validateForm() {\n  var c = document.forms[\"weclapp\"][\"company_name\"].value;\n  if (c == \"\") {\n    alert(\"Bitte geben Sie Ihren Firmennamen ein\");\n    return false;\n  }  \n  var e = document.forms[\"weclapp\"][\"email\"].value;\n  if (e == \"\") {\n    alert(\"Bitte geben Sie Ihre E-Mail-Adresse ein\");\n    return false;\n  }  \n  var n = document.forms[\"weclapp\"][\"lastName\"].value;\n  if (n == \"\") {\n    alert(\"Bitte geben Sie Ihren Nachnamen ein\");\n    return false;\n  }\n  var t = document.forms[\"weclapp\"][\"mobile\"].value;\n  if (t == \"\") {\n    alert(\"Bitte geben Sie Ihren Telefonnummer ein\");\n    return false;\n  }\n} \n <\/script>\n<form name=\"weclapp\" class=\"weclapp\" method=\"post\" action=\"https:\/\/clearchox.weclapp.com\/webapp\/seam\/resource\/rest\/web2lead?charset=UTF-8\" onsubmit=\"return validateForm()\" accept-charset=\"UTF-8\">\n  <div class=\"forminator-field\">\n\n      <label for=\"idWC_company_name\" class=\"forminator-label\">Firmenname<span class=\"forminator-required\">*<\/span><\/label>\n      <br>\n<input class=\"forminator-input forminator-name--field\" type=\"text\" id=\"idWC_company_name\" name=\"company_name\" maxlength=\"1000\">\n  \n<\/div>\n  <div class=\"forminator-field\">\n    <label for=\"idWC_email\" class=\"forminator-label\">E-Mail<span class=\"forminator-required\">*<\/span><\/label>\n    <input class=\"forminator-input forminator-name--field\" type=\"text\" id=\"idWC_email\" name=\"email\" maxlength=\"1000\">\n  <\/div>\n  <div class=\"forminator-field\">\n    <label for=\"idWC_firstname\" class=\"forminator-label\">Vorname<br>\n    <\/label>\n    <input class=\"forminator-input forminator-name--field\" type=\"text\" id=\"idWC_firstname\" name=\"firstname\" maxlength=\"1000\">\n  <\/div>\n  <div class=\"forminator-field\">\n\n      <label for=\"idWC_lastName\" class=\"forminator-label\">Nachname<span class=\"forminator-required\">*<\/span><\/label>\n      <br>\n<input class=\"forminator-input forminator-name--field\" type=\"text\" id=\"idWC_lastName\" name=\"lastName\" maxlength=\"1000\">  \n<\/div>\n  <div class=\"forminator-field\">\n    <label for=\"idWC_mobile\" class=\"forminator-label\">Telefonnummer<span class=\"forminator-required\">*<\/span><\/label>\n    <input class=\"forminator-input forminator-name--field\" type=\"text\" id=\"idWC_mobile\" name=\"mobile\" maxlength=\"1000\">\n  <\/div>\n    <div class=\"forminator-field\">\n    <label for=\"idWC_sales_tax_id\" class=\"forminator-label\">Umsatzsteuer-Identifikationsnummer<br>\n    <\/label>\n    <input class=\"forminator-input forminator-name--field\" type=\"text\" id=\"idWC_sales_tax_id\" name=\"sales_tax_id\" maxlength=\"1000\">\n  <\/div>\n  <div class=\"forminator-field\">\n    <label for=\"idWC_description\" class=\"forminator-label\">Frage, Bemerkung oder R\u00fcckrufzeiten<br>\n    <\/label>\n    <textarea id=\"idWC_description\" name=\"description\" rows=\"5\"><\/textarea>\n  <\/div>\n  <input type=\"hidden\" name=\"honeypot\" value=\"\"><br>\n  <input type=\"hidden\" name=\"token\" value=\"3b427713-e9a0-4efd-ae1d-1b90899927ac\"><br>\n  <input type=\"submit\" value=\"Senden\">\n<\/form>\n<\/div>\n\n\n\n<div class=\"wp-block-column is-layout-flow wp-block-column-is-layout-flow\">\n<h3 class=\"wp-block-heading\" id=\"h-2-pers-nlicher-kontakt\"><strong>2  Pers\u00f6nlicher Kontakt <\/strong><\/h3>\n\n\n\n<p>So wie wir unsere Lieferanten kennenlernen wollen, kennen wir auch unsere Kunden. Wir werden Sie nach Erhalt der Daten anrufen. <\/p>\n\n\n\n<p>Wir nehmen nur Unternehmen als Gesch\u00e4ftskunden auf, daher ben\u00f6tigen Sie eine  USt.-ID. <\/p>\n\n\n\n<p>Sie k\u00f6nnen auch direkt anrufen.<\/p>\n\n\n\n<p>Sabine Bauschke<\/p>\n\n\n\n<p> +49 (0)221 732 976 76 <\/p>\n\n\n\n<p><em>Wir sind bekannt f\u00fcr unseren guten Service. <\/em><br><a href=\"#kunden\"><em>Und was sagen unsere Kunden? <\/em><\/a><br><em>Oder lesen Sie mehr <a rel=\"noreferrer noopener\" aria-label=\"\u00fcber uns (\u00f6ffnet in einem neuem Tab)\" href=\"https:\/\/clearchox.com\/de\/ueber-uns\/\" target=\"_blank\">\u00fcber uns<\/a>.<\/em><br><\/p>\n<\/div>\n\n\n\n<div class=\"wp-block-column is-layout-flow wp-block-column-is-layout-flow\">\n<h3 class=\"wp-block-heading\" id=\"h-3-erste-bestellung\"><strong>3  Erste Bestellung <\/strong><\/h3>\n\n\n\n<p>Nach der Registrierung auf unserer Website k\u00f6nnen Sie im Shop st\u00f6bern oder direkt mit unserem praktischen Bestellformular bestellen.<\/p>\n\n\n\n<h3 class=\"wp-block-heading\" id=\"h-spielregeln\">Spielregeln<\/h3>\n\n\n\n<ul class=\"wp-block-list\"><li>Bestellen Sie rund um die Uhr \u00fcber die Website<\/li><li>Kein Mindestbestellwert<\/li><li>Auch Einzelntafeln erlaubt<\/li><li>Meist innerhalb von zwei Tagen geliefert (DE)<\/li><li>Keine Rabatte, da unsere Preise schon eng kalkuliert sind<\/li><\/ul>\n<\/div>\n<\/div>\n<\/div><\/div>\n\n\n\n<div class=\"wp-block-group\"><div class=\"wp-block-group__inner-container is-layout-flow wp-block-group-is-layout-flow\">\n<div class=\"wp-block-group\"><div class=\"wp-block-group__inner-container is-layout-flow wp-block-group-is-layout-flow\">\n<div class=\"wp-block-group\"><div class=\"wp-block-group__inner-container is-layout-flow wp-block-group-is-layout-flow\">\n<h2 class=\"wp-block-heading\" id=\"kunden\">Was sagen unsere Kunden? <\/h2>\n\n\n\n<div class=\"wp-block-columns is-layout-flex wp-container-core-columns-is-layout-9d6595d7 wp-block-columns-is-layout-flex\">\n<div class=\"wp-block-column is-layout-flow wp-block-column-is-layout-flow\">\n<blockquote class=\"wp-block-quote is-layout-flow wp-block-quote-is-layout-flow\"><p>&#8222;Euer Angebot an <em>sauberen<\/em> Schokoladen hat mich schon immer \u00fcberzeugt und wenn ich es mir aussuchen k\u00f6nnte, w\u00fcrde ich mein Gesch\u00e4ft ausschlie\u00dflich auf solche Schokoladen umstellen.&#8220;<br><br>Natascha Kespy, <a rel=\"noreferrer noopener\" href=\"https:\/\/www.winterfeldt-schokoladen.de\" target=\"_blank\">Winterfeldt<\/a>, Berlin <\/p><\/blockquote>\n\n\n\n<blockquote class=\"wp-block-quote is-layout-flow wp-block-quote-is-layout-flow\"><p>&#8222;ClearChox ist f\u00fcr mich immer die erste Empfehlung, wenn Schokoladenmarken auf mich zukommen, weil man einen Vertriebspartner in Deutschland sucht.&#8220;&nbsp;<br> &#8222;Ich habe&nbsp;viel Energie in meinen OnlineShop investiert. Da ist ein zuverl\u00e4ssiger Partner, der Schnelligkeit und Sorgfalt in den Versand legt, viel wert.&#8220; <br><br>Cornelia Dressler, <a rel=\"noreferrer noopener\" aria-label=\"Wein &amp; Schokolade (\u00f6ffnet in einem neuem Tab)\" href=\"https:\/\/www.wein-und-schokolade.com\" target=\"_blank\">Wein &amp; Schokolade<\/a>, Leipzig<br><br><\/p><\/blockquote>\n<\/div>\n\n\n\n<div class=\"wp-block-column is-layout-flow wp-block-column-is-layout-flow\">\n<blockquote class=\"wp-block-quote is-layout-flow wp-block-quote-is-layout-flow\"><p>&#8222;Der rundherum sorglos Service und vor allen Dingen die gro\u00dfe Auswahl an Bio- und fair gehandelten Schokoladen macht den Unterschied aus. Hier stimmt das Preis-Leisungsverh\u00e4ltnis.&nbsp;Toll auch, dass ClearChox immer wieder neue Marken aus den Ursprungsl\u00e4ndern sucht und pr\u00e4sentiert.&#8220;<br><br>Sabine Schlenker, <a href=\"https:\/\/schokothek.de\" target=\"_blank\" rel=\"noreferrer noopener\" aria-label=\"Schokothek (\u00f6ffnet in einem neuem Tab)\">Schokothek<\/a>, L\u00fcneburg<\/p><\/blockquote>\n\n\n\n<blockquote class=\"wp-block-quote is-layout-flow wp-block-quote-is-layout-flow\"><p> &#8222;Warum ich bei ClearChox einkaufe? Naja, eine gro\u00dfe Auswahl aus einer  Hand und die M\u00f6glichkeit auch unter einer VE einzukaufen. Ja, das stimmt  absolut, aber f\u00fcr mich ist am wichtigsten, erstens der hervorragende  Service und zweitens die 100% klare Kette der Herkunftsschokolade. Wenn  ich Schokolade von ClearChox verkaufe und dar\u00fcber erz\u00e4hle, habe ich  immer viel Freude. Dann trage ich einen kleinen, aber wichtigen Teil f\u00fcr  diese Welt bei. Eine Welt, die mit jeder verkauften Herkunftsschokolade  sch\u00f6ner wird.&#8220; <br><br>Verneris Pugzlys, <a rel=\"noreferrer noopener\" href=\"https:\/\/www.sixsinne.de\" target=\"_blank\">Six Sinne<\/a>, \u00dcberlingen <\/p><\/blockquote>\n<\/div>\n<\/div>\n<\/div><\/div>\n<\/div><\/div>\n<\/div><\/div>\n","protected":false},"excerpt":{"rendered":"<p>mit ClearChox! Sie suchen ganz bewusst nach der besten Schokolade f\u00fcr Ihre Kunden. Super leckere Schokolade, verantwortungsvoll hergestellt, mit guten Zutaten. Mit einer Geschichte. > wirklich gute Schokolade = gut f\u00fcr die Bauern und von guter Qualit\u00e4t, auch BIO, vegan, allergenfrei> transparente Handelskette ohne Zwischenh\u00e4ndler > Bauer oder die Kooperative des Kakaos ist bekannt> faires &#8230; <a title=\"Der Weg zu guten Schokoladen\" class=\"read-more\" href=\"https:\/\/clearchox.com\/de\/gute-schokolade\/\" aria-label=\"Mehr Informationen \u00fcber Der Weg zu guten Schokoladen\">Mehr..<\/a><\/p>\n","protected":false},"author":1,"featured_media":0,"parent":0,"menu_order":0,"comment_status":"closed","ping_status":"closed","template":"","meta":{"footnotes":""},"class_list":{"0":"post-85198","1":"page","2":"type-page","3":"status-publish","5":"infinite-scroll-item"},"_links":{"self":[{"href":"https:\/\/clearchox.com\/de\/wp-json\/wp\/v2\/pages\/85198","targetHints":{"allow":["GET"]}}],"collection":[{"href":"https:\/\/clearchox.com\/de\/wp-json\/wp\/v2\/pages"}],"about":[{"href":"https:\/\/clearchox.com\/de\/wp-json\/wp\/v2\/types\/page"}],"author":[{"embeddable":true,"href":"https:\/\/clearchox.com\/de\/wp-json\/wp\/v2\/users\/1"}],"replies":[{"embeddable":true,"href":"https:\/\/clearchox.com\/de\/wp-json\/wp\/v2\/comments?post=85198"}],"version-history":[{"count":0,"href":"https:\/\/clearchox.com\/de\/wp-json\/wp\/v2\/pages\/85198\/revisions"}],"wp:attachment":[{"href":"https:\/\/clearchox.com\/de\/wp-json\/wp\/v2\/media?parent=85198"}],"curies":[{"name":"wp","href":"https:\/\/api.w.org\/{rel}","templated":true}]}}