{"id":86462,"date":"2020-01-07T18:28:55","date_gmt":"2020-01-07T18:28:55","guid":{"rendered":"https:\/\/clearchox.com\/?page_id=86462"},"modified":"2025-08-27T08:15:16","modified_gmt":"2025-08-27T08:15:16","slug":"kontakt","status":"publish","type":"page","link":"https:\/\/clearchox.com\/de\/kontakt\/","title":{"rendered":"Kontakt"},"content":{"rendered":"\n<div class=\"wp-block-columns is-layout-flex wp-container-core-columns-is-layout-9d6595d7 wp-block-columns-is-layout-flex\">\n<div class=\"wp-block-column is-layout-flow wp-block-column-is-layout-flow\">\n<p>Haben Sie Anmerkungen, Komplimente, Fragen oder Beschwerden, f\u00fcllen Sie  bitte das Formular aus.  M\u00f6chten Sie Gesch\u00e4ftskunde werden, f\u00fcllen Sie <a href=\"https:\/\/clearchox.com\/de\/gute-schokoladen\/\">dieses Formular<\/a> aus. Wir bem\u00fchen uns, innerhalb eines Tages zu  antworten. <\/p>\n\n\n\n<div class=\"wp-block-columns is-layout-flex wp-container-core-columns-is-layout-9d6595d7 wp-block-columns-is-layout-flex\">\n<div class=\"wp-block-column is-layout-flow wp-block-column-is-layout-flow\" style=\"flex-basis:33.33%\"><\/div>\n\n\n\n<div class=\"wp-block-column is-layout-flow wp-block-column-is-layout-flow\" style=\"flex-basis:66.66%\">\n<p>Sie k\u00f6nnen auch anrufen <\/p>\n\n\n\n<p>Bez\u00fcglich Lieferungen:<br>Norbert Mergen<br>T:+31 6 53 26 13 88<\/p>\n\n\n\n<p>Kundenbetreuung:<br>Oliver Dilli<br>T: +49 (0)163 \/ 241 51 48<\/p>\n<\/div>\n<\/div>\n<\/div>\n\n\n\n<div class=\"wp-block-column is-layout-flow wp-block-column-is-layout-flow\"><div class=\"forminator-ui forminator-custom-form forminator-custom-form-86909 forminator-design--default  forminator_ajax\" data-forminator-render=\"0\" data-form=\"forminator-module-86909\" data-uid=\"69d271bed22e2\"><br\/><\/div><form\r\n\t\t\t\tid=\"forminator-module-86909\"\r\n\t\t\t\tclass=\"forminator-ui forminator-custom-form forminator-custom-form-86909 forminator-design--default  forminator_ajax\"\r\n\t\t\t\tmethod=\"post\"\r\n\t\t\t\tdata-forminator-render=\"0\"\r\n\t\t\t\tdata-form-id=\"86909\"\r\n\t\t\t\t data-color-option=\"default\" data-design=\"default\" data-grid=\"open\" style=\"display: none;\"\r\n\t\t\t\tdata-uid=\"69d271bed22e2\"\r\n\t\t\t><div role=\"alert\" aria-live=\"polite\" class=\"forminator-response-message forminator-error\" aria-hidden=\"true\"><\/div><div class=\"forminator-row\"><div id=\"text-1\" class=\"forminator-field-text forminator-col forminator-col-12 \"><div class=\"forminator-field\"><label for=\"forminator-field-text-1_69d271bed22e2\" id=\"forminator-field-text-1_69d271bed22e2-label\" class=\"forminator-label\">Ihr Name <span class=\"forminator-required\">*<\/span><\/label><input type=\"text\" name=\"text-1\" value=\"\" placeholder=\"\" id=\"forminator-field-text-1_69d271bed22e2\" class=\"forminator-input forminator-name--field\" data-required=\"1\" \/><\/div><\/div><\/div><div class=\"forminator-row\"><div id=\"email-1\" class=\"forminator-field-email forminator-col forminator-col-12 \"><div class=\"forminator-field\"><label for=\"forminator-field-email-1_69d271bed22e2\" id=\"forminator-field-email-1_69d271bed22e2-label\" class=\"forminator-label\"> Ihre E-Mail-Adresse * <span class=\"forminator-required\">*<\/span><\/label><input type=\"email\" name=\"email-1\" value=\"\" placeholder=\"\" id=\"forminator-field-email-1_69d271bed22e2\" class=\"forminator-input forminator-email--field\" data-required=\"1\" aria-required=\"true\" autocomplete=\"email\" \/><\/div><\/div><\/div><div class=\"forminator-row\"><div id=\"textarea-1\" class=\"forminator-field-textarea forminator-col forminator-col-12 \"><div class=\"forminator-field\"><label for=\"forminator-field-textarea-1_69d271bed22e2\" id=\"forminator-field-textarea-1_69d271bed22e2-label\" class=\"forminator-label\">Ihre Nachricht<\/label><textarea name=\"textarea-1\" placeholder=\"\" id=\"forminator-field-textarea-1_69d271bed22e2\" class=\"forminator-textarea\" rows=\"6\" style=\"min-height:140px;\" ><\/textarea><\/div><\/div><\/div><div class=\"forminator-row\"><div id=\"captcha-1\" class=\"forminator-field-captcha forminator-col forminator-col-12 \"><div class=\"forminator-captcha-left forminator-g-recaptcha recaptcha-invisible\" data-theme=\"light\" data-badge=\"inline\" data-sitekey=\"6Ld1EukUAAAAAD6uUSckRIkkUw7OYyRCnD82-KzP\" data-size=\"invisible\"><\/div> <\/div><\/div><input type=\"hidden\" name=\"referer_url\" value=\"\" \/><div class=\"forminator-row forminator-row-last\"><div class=\"forminator-col\"><div class=\"forminator-field\"><button class=\"forminator-button forminator-button-submit\">Senden<\/button><\/div><\/div><\/div><input type=\"hidden\" id=\"forminator_nonce\" name=\"forminator_nonce\" value=\"c74300baf6\" \/><input type=\"hidden\" name=\"_wp_http_referer\" value=\"\/de\/wp-json\/wp\/v2\/pages\/86462\" \/><input type=\"hidden\" name=\"form_id\" value=\"86909\"><input type=\"hidden\" name=\"page_id\" value=\"86462\"><input type=\"hidden\" name=\"form_type\" value=\"\"><input type=\"hidden\" name=\"current_url\" value=\"https:\/\/clearchox.com\/de\/kontakt\/\"><input type=\"hidden\" name=\"render_id\" value=\"0\"><input type=\"hidden\" name=\"action\" value=\"forminator_submit_form_custom-forms\"><\/form>\n<\/div>\n<\/div>\n","protected":false},"excerpt":{"rendered":"<p>Haben Sie Anmerkungen, Komplimente, Fragen oder Beschwerden, f\u00fcllen Sie bitte das Formular aus. M\u00f6chten Sie Gesch\u00e4ftskunde werden, f\u00fcllen Sie dieses Formular aus. Wir bem\u00fchen uns, innerhalb eines Tages zu antworten. Sie k\u00f6nnen auch anrufen Bez\u00fcglich Lieferungen:Norbert MergenT:+31 6 53 26 13 88 Kundenbetreuung:Oliver DilliT: +49 (0)163 \/ 241 51 48<\/p>\n","protected":false},"author":1,"featured_media":0,"parent":0,"menu_order":0,"comment_status":"closed","ping_status":"closed","template":"","meta":{"footnotes":""},"class_list":{"0":"post-86462","1":"page","2":"type-page","3":"status-publish","5":"infinite-scroll-item"},"_links":{"self":[{"href":"https:\/\/clearchox.com\/de\/wp-json\/wp\/v2\/pages\/86462","targetHints":{"allow":["GET"]}}],"collection":[{"href":"https:\/\/clearchox.com\/de\/wp-json\/wp\/v2\/pages"}],"about":[{"href":"https:\/\/clearchox.com\/de\/wp-json\/wp\/v2\/types\/page"}],"author":[{"embeddable":true,"href":"https:\/\/clearchox.com\/de\/wp-json\/wp\/v2\/users\/1"}],"replies":[{"embeddable":true,"href":"https:\/\/clearchox.com\/de\/wp-json\/wp\/v2\/comments?post=86462"}],"version-history":[{"count":0,"href":"https:\/\/clearchox.com\/de\/wp-json\/wp\/v2\/pages\/86462\/revisions"}],"wp:attachment":[{"href":"https:\/\/clearchox.com\/de\/wp-json\/wp\/v2\/media?parent=86462"}],"curies":[{"name":"wp","href":"https:\/\/api.w.org\/{rel}","templated":true}]}}