{"id":86529,"date":"2020-01-08T08:41:45","date_gmt":"2020-01-08T08:41:45","guid":{"rendered":"https:\/\/clearchox.com\/?page_id=86529"},"modified":"2025-10-27T14:15:23","modified_gmt":"2025-10-27T14:15:23","slug":"ueber-uns","status":"publish","type":"page","link":"https:\/\/clearchox.com\/de\/ueber-uns\/","title":{"rendered":"\u00dcber uns"},"content":{"rendered":"\n<p>Im Jahr 2009 ist ClearChox unter dem Namen \u201eChocoweb\u201c gestartet. <strong>Ein wahrhaft europ\u00e4isches Unternehmen<\/strong>. Eines der ersten, das sich darauf konzentrierte wirklich gute Schokolade zu verkaufen. Sowohl wenn es um den Ursprung als auch um das Geschmackserlebnis geht.<\/p>\n\n\n\n<p>Gegr\u00fcndet von Jan-Paul Fros, Norbert Mergen und Marijke Metz, begann alles als Webshop f\u00fcr Schokoladenliebhaber, die im ganzen Land leben. Inhaber von Gesch\u00e4ften aus Stein und Zement wagten sich damals noch nicht daran \u201eteure\u201c Schokoladen f\u00fcr vielleicht ein oder zwei Liebhaber einzukaufen.<\/p>\n\n\n\n<h2 class=\"wp-block-heading\" id=\"h-grosshandler\">Gro\u00dfh\u00e4ndler<\/h2>\n\n\n\n<p>Seit 2014, nach f\u00fcnf Jahren Pionierarbeit begann ClearChox auch Feinkost- und Schokoladenfachgesch\u00e4fte als auch gute Restaurants mit Schokoladen zu beliefern. Zuerst in den Benelux (Belgien, Niederlande und Luxemburg) und ein Jahr sp\u00e4ter auch in Deutschland, \u00d6sterreich und der deutschsprachigen Schweiz. ClearChox ist f\u00fcr S\u00fcdamerikanische Schokoladenhersteller das sog. Sprungbrett nach Europa und exportiert daher deren Schokoladen auch an Gro\u00dfh\u00e4ndler in andere EU-L\u00e4nder.<\/p>\n\n\n\n<p>Im August 2025 haben wir eine Zusammenarbeit mit Dillicious, dem Unternehmen von Oliver Dilli, angefangen. Wir kannten uns schon l\u00e4nger und verkauften Chocolat Madagascar damals au\u00dferhalb von Deutschland.<\/p>\n\n\n\n<h2 class=\"wp-block-heading\" id=\"h-weit-uber-fair-trade\">Weit \u00fcber Fair Trade<\/h2>\n\n\n\n<p>Wir vertreiben Schokoladen von h\u00f6chster Qualit\u00e4t und vereinen einzigartige Marken, hergestellt von herausragenden Chocolatiers in unserem Sortiment. <strong>Keine Schokolade, mit der ClearChox handelt, tr\u00e4gt jedoch ein G\u00fctesiegel, au\u00dfer BIO<\/strong>. Unserer Meinung nach werden viele G\u00fctesiegel heutzutage von Gro\u00dfkonzernen und Superm\u00e4rkten mehr als Verkaufsargument benutzt, als dass es den Bauern wirklich etwas bringt. Ein Vorstandsmitglied eines lokalen Weltladens hat ClearChox als ein Unternehmen bezeichnet, das \u201eweit \u00fcber fairen Handel&#8220; agiert. Das ist ein Kompliment, das wir gerne annehmen.<\/p>\n\n\n\n<h2 class=\"wp-block-heading\" id=\"h-bio\">Bio<\/h2>\n\n\n\n<p>Ein Teil unseres Sortiments umfasst \u00f6kologisch erzeugte und zertifizierte Schokolade. F\u00fcr den Rest unseres Sortiments bedeutet das nicht, dass Pestizide verwendet wurden, nein, sondern dass eine Bio-Zertifizierung zu teuer oder nicht m\u00f6glich ist (z. B. aufgrund einer speziellen Zutat einer Tafel, die wild w\u00e4chst).<\/p>\n\n\n\n<h2 class=\"wp-block-heading\" id=\"h-transparente-lieferkette\">Transparente Lieferkette<\/h2>\n\n\n\n<p>Wir verlangen eine Transparente Lieferkette und realistische Preise. Der Weg vom Landwirt bis zum Einzelh\u00e4ndler und Verbraucher soll nachvollziehbar sein.<br>Uns ist es wichtig, dass auch die Kakaobauern und kleine Kooperativen der Ursprungsl\u00e4nder <strong>ein faires Einkommen<\/strong> erhalten und dass eine nachhaltige Anbauweise gew\u00e4hrleistet werden kann.<br>Wir bevorzugen Schokolade, die im Ursprungsland hergestellt wird. Dann bleibt ein gr\u00f6\u00dferer Teil der Einnahmen dort, wo es hingeh\u00f6rt. Doch das ist oftmals ein Wunsch als die Regel. Nicht zuletzt, weil Schokolade herzustellen ein hohes Ma\u00df an Fachwissen voraussetzt und es dabei auf die Feinheiten ankommt, die es zu beherrschen gilt.<\/p>\n\n\n\n<p>Empfang, Lagerung und Versand aller Schokoladen werden in unserem Lager in Heteren, Niederlande koordiniert.<\/p>\n\n\n\n<p><strong>Weil wir mit kleinen feinen Herstellern zusammenarbeiten, kann es vorkommen, dass bestimmte Schokoladentafeln vor\u00fcbergehend nicht lieferbar sind. Vergleichbar mit&nbsp;besseren Weinen<\/strong>.<\/p>\n\n\n\n<h2 class=\"wp-block-heading\" id=\"h-was-uns-auszeichnet\">Was uns auszeichnet<\/h2>\n\n\n\n<p>Einzigartige Marken, Elite der Schokoladenhersteller<br>Kurze Handelsketten, 100%Transparenz<br>Besuchen Sie den Bauer oder die Genossenschaft<br>Ein wenig rebellisch<br>Wissen \u00fcber Schokolade (wir kennen den Weg von der Bohne bis&nbsp;zur Tafel)<br>One-Stop-Shopping<br>Engagement, vom Landwirt zum Verbraucher<br>Realistische Preise<\/p>\n\n\n\n<p>Liebe Gr\u00fc\u00dfe,<\/p>\n\n\n\n<p>Ihr ClearChox-Team: Oliver Dilli, Marijke Metz, Daan Koemans und Norbert Mergen<\/p>\n\n\n\n<p>PS ClearChox hat ein B\u00fcro in Bonn, der Firmensitz ist in Arnhem (Niederlande) und unser Lager in Heteren (Niederlande). Von dort werden die Waren auf kurzen Wegen zu Ihnen verschickt.<\/p>\n","protected":false},"excerpt":{"rendered":"<p>Im Jahr 2009 ist ClearChox unter dem Namen \u201eChocoweb\u201c gestartet. Ein wahrhaft europ\u00e4isches Unternehmen. Eines der ersten, das sich darauf konzentrierte wirklich gute Schokolade zu verkaufen. Sowohl wenn es um den Ursprung als auch um das Geschmackserlebnis geht. Gegr\u00fcndet von Jan-Paul Fros, Norbert Mergen und Marijke Metz, begann alles als Webshop f\u00fcr Schokoladenliebhaber, die im &#8230; <a title=\"\u00dcber uns\" class=\"read-more\" href=\"https:\/\/clearchox.com\/de\/ueber-uns\/\" aria-label=\"Mehr Informationen \u00fcber \u00dcber uns\">Mehr..<\/a><\/p>\n","protected":false},"author":1,"featured_media":0,"parent":0,"menu_order":0,"comment_status":"closed","ping_status":"closed","template":"","meta":{"footnotes":""},"class_list":{"0":"post-86529","1":"page","2":"type-page","3":"status-publish","5":"infinite-scroll-item"},"_links":{"self":[{"href":"https:\/\/clearchox.com\/de\/wp-json\/wp\/v2\/pages\/86529","targetHints":{"allow":["GET"]}}],"collection":[{"href":"https:\/\/clearchox.com\/de\/wp-json\/wp\/v2\/pages"}],"about":[{"href":"https:\/\/clearchox.com\/de\/wp-json\/wp\/v2\/types\/page"}],"author":[{"embeddable":true,"href":"https:\/\/clearchox.com\/de\/wp-json\/wp\/v2\/users\/1"}],"replies":[{"embeddable":true,"href":"https:\/\/clearchox.com\/de\/wp-json\/wp\/v2\/comments?post=86529"}],"version-history":[{"count":0,"href":"https:\/\/clearchox.com\/de\/wp-json\/wp\/v2\/pages\/86529\/revisions"}],"wp:attachment":[{"href":"https:\/\/clearchox.com\/de\/wp-json\/wp\/v2\/media?parent=86529"}],"curies":[{"name":"wp","href":"https:\/\/api.w.org\/{rel}","templated":true}]}}