{"id":86532,"date":"2020-01-08T08:42:45","date_gmt":"2020-01-08T08:42:45","guid":{"rendered":"https:\/\/clearchox.com\/?page_id=86532"},"modified":"2025-10-27T14:19:01","modified_gmt":"2025-10-27T14:19:01","slug":"allgemeine-geschaeftsbedingungen-agb","status":"publish","type":"page","link":"https:\/\/clearchox.com\/de\/allgemeine-geschaeftsbedingungen-agb\/","title":{"rendered":"Allgemeine Gesch\u00e4ftsbedingungen (AGB)"},"content":{"rendered":"\n<p>Zuerst dieses:<\/p>\n\n\n\n<h2 class=\"wp-block-heading\" id=\"h-informationen-zu-allergenen\">Informationen zu Allergenen<\/h2>\n\n\n\n<p>ClearChox kann nicht garantieren, dass die Informationen auf der Website 100% richtig sind. Sie tut ihr Bestes, um dies zu erreichen. Die Daten stammen aus den Herstellerangaben auf der Verpackung einer Schokoladentafel. Zum Beispiel, wenn geschrieben steht &#8222;Enth\u00e4lt Spuren von N\u00fcssen, dann ist das klar. Wenn jedoch nichts erw\u00e4hnt wird, kann es sein, dass der Hersteller unvollst\u00e4ndige Angaben liefert. ClearChox wird dann &#8222;unbekannt&#8220; angeben. Wenn ein Allergen nicht in der Schokolade vorkommt, wird ClearChox dieses als solches nennen &#8222;enthalt kein &#8230;.&#8220;<\/p>\n\n\n\n<p>Allgemeine Gesch\u00e4ftsbedingungen \/ Nutzungsbedingungen<\/p>\n\n\n\n<h2 class=\"wp-block-heading\" id=\"h-allgemeines\">Allgemeines<\/h2>\n\n\n\n<p>(0)ClearChox ist der Handelsname von VOF Chocoweb, Boterbloemstraat 17, 6832 BL Arnhem, Niederlande, [eingetragen im Handelsregister der IHK&nbsp; Centraal Gelderland in Arnheim, Niederlande, mit Nummer 50049755]<br>(1) ClearChox h\u00e4lt sich an die EU-Vorschriften. Erstens an das damit verbundene niederl\u00e4ndische Recht. Und f\u00fcr die Kunden in Deutschland auch an das deutsche Recht.<br>(2) Diese allgemeinen Gesch\u00e4ftsbedingungen gelten f\u00fcr alle zwischen ClearChox (Anbieter), und deren Gesch\u00e4ftskunden (L\u00e4den\/Shops\/Gesch\u00e4fte\/Restaurants usw.) und Privatkunden (Endverbraucher) \u00fcber den Online-Shop www.clearchox.com\/de begr\u00fcndeten Rechtsverh\u00e4ltnisse. Ein Abschluss unter abweichenden Bedingungen ist nicht m\u00f6glich, etwaige Allgemeine Gesch\u00e4ftsbedingungen der Kunden werden abgelehnt.<br>(3) Es gelten die allgemeinen Gesch\u00e4ftsbedingungen in der im Zeitpunkt des Vertragsschlusses g\u00fcltigen Fassung.<\/p>\n\n\n\n<h2 class=\"wp-block-heading\" id=\"h-vertragsschluss\">Vertragsschluss<\/h2>\n\n\n\n<p>Mit dem Versand der fertigen Bestellung gibt der Kunde ein verbindliches Angebot zum Erwerb der Ware \/ Dienstleistung gegen\u00fcber dem Anbieter ab.<br>Der Anbieter erteilt dem Kunden unverz\u00fcglich eine Eingangsbest\u00e4tigung der Bestellung per e-mail und \u00fcbermittelt dabei die vorliegende Verbraucherinformation in Textform an den Kunden. Die rechtsverbindliche Annahme der Bestellung erfolgt entweder in einer Mail an den Kunden, mit der der Anbieter die Bestellung der Ware und den Abschluss des Vertrages ausdr\u00fccklich best\u00e4tigt, oder mittels Versand der Ware an den Kunden. Bis zu diesem Zeitpunkt darf der Anbieter die Bestellung zur\u00fcckweisen, z.B. wenn keine Ware mehr vorhanden ist oder sich der Preis ge\u00e4ndert hat.<\/p>\n\n\n\n<h2 class=\"wp-block-heading\" id=\"h-preise-und-zahlungsbedingungen\">Preise und Zahlungsbedingungen<\/h2>\n\n\n\n<p>(1) Es gelten die zum Zeitpunkt der Bestellung aktuellen Preise, die bei der jeweiligen Ware und sp\u00e4ter im Warenkorb des Webshops angezeigt werden. Alle Preisangaben sind f\u00fcr Privatkunden Bruttopreise inkl. MwSt \u2013 aber nur dann richtig, wenn das Land des Kunden (Deutschland) bekannt ist. Der Kaufpreis ist mit Erhalt der Ware zur Zahlung f\u00e4llig. Zus\u00e4tzlich anfallende Versandkosten und sonstige Nebenkosten k\u00f6nnen jederzeit der Preisinformationsseite (www.clearchox.com\/de) entnommen werden und werden dem Kunden noch einmal vor Abschluss des Bestellvorgangs angezeigt.<br>F\u00fcr Gesch\u00e4fte werden Einkaufspreise ohne MwSt gezeigt.<br>(2) Der Kaufpreis ist bei Lieferung der Ware bzw. mit Leistungserbringung zur Zahlung f\u00e4llig. Im Fall der Nichtleistung des Kaufpreises kommt der Kunde automatisch zwei Wochen nach dem F\u00e4lligkeitstag in Verzug.<br>(3) F\u00fcr Privatkunden kommt Nichtleistung in der Praxis nicht vor, da der Anbieter die Ware erst nach Eingang der Zahlung auf seinem Bankkonto versendet.<\/p>\n\n\n\n<h2 class=\"wp-block-heading\" id=\"h-kosten-der-rucksendung-bei-widerruf\">Kosten der R\u00fccksendung bei Widerruf<\/h2>\n\n\n\n<p>Der Kunde hat im Fall des Widerrufs die Kosten der R\u00fccksendung zu tragen, wenn die gelieferte Ware der bestellten entspricht und wenn der Preis der zur\u00fcckzusendenden Sache einen Betrag von 35 Euro nicht \u00fcbersteigt oder wenn der Kunde bei einem h\u00f6heren Preis der Sache zum Zeitpunkt des Widerrufs noch nicht die Gegenleistung oder eine vertraglich vereinbarte Teilzahlung erbracht hat. Anderenfalls ist die R\u00fccksendung f\u00fcr den Kunden kostenfrei.<\/p>\n\n\n\n<h2 class=\"wp-block-heading\" id=\"h-lieferung-gefahrubergang-eigentumsvorbehalt\">Lieferung, Gefahr\u00fcbergang, Eigentumsvorbehalt<\/h2>\n\n\n\n<p>(1) Die Lieferung der Ware erfolgt an die vom Kunden angegebene Lieferanschrift. Ware, die der Anbieter vorr\u00e4tig hat, kommt innerhalb von f\u00fcnf (5)&nbsp;Werktagen zum Versand. Nicht vorr\u00e4tige Waren k\u00f6nnen nicht&nbsp;im Online-Shop bestellt werden.<br>(2) Die Auslieferung der Ware erfolgt auf Gefahr des Anbieters. Die Gefahr des zuf\u00e4lligen Untergangs und der zuf\u00e4lligen Verschlechterung der Ware geht mit \u00dcbergabe an den Kunden auf diesen \u00fcber.<br>(3) Die Ware bleibt bis zur vollst\u00e4ndigen Bezahlung des Kaufpreises Eigentum des Anbieters.<br>(4) Sofern die bestellte Ware trotz vorheriger ordnungsgem\u00e4\u00dfer Eindeckung des Anbieters wegen vertragswidriger Nichtlieferung seines Erstlieferanten nicht rechtzeitig oder gar nicht lieferbar sein sollte, erh\u00e4lt der Kunde unverz\u00fcglich Nachricht. Bei verz\u00f6gerter Lieferung steht es dem Kunden frei, auf die bestellte Ware zu warten oder die Bestellung zu stornieren bzw. vom Vertrag zur\u00fcckzutreten. Bei Unm\u00f6glichkeit der Lieferung sind beide Parteien zum R\u00fccktritt vom Vertrag berechtigt. In diesem Fall werden dem Kunden ggf. bereits erbrachte Zahlungen unverz\u00fcglich erstattet.<br>(5) Der Anbieter bietet die Ware mit einem Mindesthaltbarkeitsdatum (MHD) von f\u00fcnf (5) Monaten oder l\u00e4nger an.<\/p>\n\n\n\n<h2 class=\"wp-block-heading\" id=\"h-rechte-des-kunden-bei-mangeln\">Rechte des Kunden bei M\u00e4ngeln<\/h2>\n\n\n\n<p>(1) Die Gew\u00e4hrleistung richtet sich nach den gesetzlichen Vorschriften.<br>(2) Die Rechte des Kunden bei M\u00e4ngeln auf Nacherf\u00fcllung, R\u00fccktritt vom Vertrag oder Minderung des Kaufpreises bestimmen sich nach den gesetzlichen Regelungen.<\/p>\n\n\n\n<h2 class=\"wp-block-heading\" id=\"h-haftung\">Haftung<\/h2>\n\n\n\n<p>(1) Der Anbieter haftet unbeschadet der nachfolgenden Haftungsbegrenzungen immer bei Arglist oder f\u00fcr Sch\u00e4den aus der Verletzung des Lebens, des K\u00f6rpers oder der Gesundheit oder Anspr\u00fcche nach dem Produkthaftungsgesetz.<br>(2) Der Anbieter haftet nicht f\u00fcr leicht fahrl\u00e4ssige Pflichtverletzungen, sofern diese keine vertragswesentlichen Pflichten betreffen.<br>(3) Soweit der Anbieter auch f\u00fcr leichte Fahrl\u00e4ssigkeit haftet, ist die Haftung der H\u00f6he nach auf vertragstypische, vorhersehbare Sch\u00e4den begrenzt.<br>(4) Soweit die Haftung des Anbieters ausgeschlossen oder beschr\u00e4nkt ist, gilt dies auch f\u00fcr die Haftung von gesetzlichen Vertretern, Mitarbeitern und Erf\u00fcllungsgehilfen des Anbieters.<br>(5) Der Anbieter haftet nicht f\u00fcr die st\u00e4ndige Verf\u00fcgbarkeit und\/oder die Funktionsf\u00e4higkeit seines Webshops und der damit verbundenen technischen Einrichtungen.<br>(6) Der Anbieter haftet nicht f\u00fcr Transportsch\u00e4den, sofern bei Versand alles gut verpackt war. Der Transport ist aber versichert. Wenn es Transportsch\u00e4den gibt, ist der Kunde verpflichtet unmittelbar und direkt Fotos von der Lieferung zu nehmen und sie innerhalb eines halben Tages per e-mail an den Anbieter zu schicken.<\/p>\n\n\n\n<h2 class=\"wp-block-heading\" id=\"h-aufrechnung\">Aufrechnung<\/h2>\n\n\n\n<p>Ein Aufrechnungsrecht des Kunden besteht nur, wenn seine Gegenanspr\u00fcche rechtskr\u00e4ftig festgestellt wurden oder unbestritten sind.<\/p>\n\n\n\n<h2 class=\"wp-block-heading\" id=\"h-widerrufsbelehrung-wiederrufsrecht\">Widerrufsbelehrung\/Wiederrufsrecht<\/h2>\n\n\n\n<p>Endverbraucher\/Privatkunden haben das Recht, binnen vierzehn Tagen ohne Angabe von Gr\u00fcnden diesen Vertrag zu widerrufen. Die Widerrufsfrist betr\u00e4gt vierzehn Tage ab dem Tag, an dem Sie oder ein von Ihnen benannter Dritter, der nicht der Bef\u00f6rderer ist, die Waren in Besitz genommen haben bzw. hat. Um Ihr Widerrufsrecht auszu\u00fcben, m\u00fcssen Sie uns<\/p>\n\n\n\n<p>ClearChox<br>Boterbloemstraat 17<br>6832 BL Arnhem<br>Niederlande<br>Email: <a href=\"mailto:service@clearchox.de\">service@clearchox.de<\/a><\/p>\n\n\n\n<p>mittels einer eindeutigen Erkl\u00e4rung (z.B. ein mit der Post versandter Brief oder E-Mail oder Widerrufsformular an unseren Webshop) \u00fcber Ihren Entschluss, diesen Vertrag zu widerrufen, informieren. Sie k\u00f6nnen das Muster-Widerrufsformular oder eine andere eindeutige Erkl\u00e4rung auch auf unserer Webseite <a href=\"https:\/\/clearchox.com\/wp-content\/uploads\/2017\/08\/Musterbrief-Widerruf.pdf\" target=\"_blank\" rel=\"noreferrer noopener\">hier<\/a><a href=\"https:\/\/clearchox.com\/wp-content\/uploads\/2017\/08\/Musterbrief-Widerruf.pdf\"> <\/a>herunterladen. Oder Sie k\u00f6nnen in Ihrer Bestell\u00fcbersicht den Button \u201eWiderruf anlegen\u201c nutzen und es bequem online ausf\u00fcllen. Machen Sie von dieser M\u00f6glichkeit Gebrauch, so werden wir Ihnen unverz\u00fcglich (z. B. per E-Mail) eine Best\u00e4tigung \u00fcber den Eingang eines solchen Widerrufs \u00fcbermitteln. Zur Wahrung der Widerrufsfrist reicht es aus, dass Sie die Mitteilung \u00fcber die Aus\u00fcbung des Widerrufsrechts vor Ablauf der Widerrufsfrist absenden.<\/p>\n\n\n\n<h2 class=\"wp-block-heading\" id=\"h-folgen-des-widerrufs\">Folgen des Widerrufs<\/h2>\n\n\n\n<p>Wenn Sie diesen Vertrag widerrufen, haben wir Ihnen alle Zahlungen, die wir von Ihnen erhalten haben, einschlie\u00dflich der Lieferkosten (mit Ausnahme der zus\u00e4tzlichen Kosten, die sich daraus ergeben, dass Sie eine andere Art der Lieferung als die von uns angebotene, g\u00fcnstigste Standardlieferung gew\u00e4hlt haben), unverz\u00fcglich und sp\u00e4testens binnen vierzehn Tagen ab dem Tag zur\u00fcckzuzahlen, an dem die Mitteilung \u00fcber Ihren Widerruf dieses Vertrags bei uns eingegangen ist. F\u00fcr diese R\u00fcckzahlung verwenden wir dasselbe Zahlungsmittel, das Sie bei der urspr\u00fcnglichen Transaktion eingesetzt haben, es sei denn, mit Ihnen wurde ausdr\u00fccklich etwas anderes vereinbart; in keinem Fall werden Ihnen wegen dieser R\u00fcckzahlung Entgelte berechnet.<br>Sie haben die Waren unverz\u00fcglich und in jedem Fall sp\u00e4testens binnen vierzehn Tagen ab dem Tag, an dem Sie uns \u00fcber den Widerruf dieses Vertrags unterrichten, an uns zur\u00fcckzusenden oder zu \u00fcbergeben. Die Frist ist gewahrt, wenn Sie die Waren vor Ablauf der Frist von vierzehn Tagen absenden. Wir tragen die Kosten der R\u00fccksendung der Waren. Sie m\u00fcssen f\u00fcr einen etwaigen Wertverlust der Waren nur aufkommen, wenn dieser Wertverlust auf einen zur Pr\u00fcfung der Beschaffenheit, Eigenschaften und Funktionsweise der Waren nicht notwendigen Umgang mit ihnen zur\u00fcckzuf\u00fchren ist. Die R\u00fccksendung ist f\u00fcr Sie kostenlos.<br><strong>Ende der Widerrufsbelehrung<\/strong><\/p>\n\n\n\n<p>Das Widerrufsrecht besteht nicht bei Fernabsatzvertr\u00e4gen<br>&#8211;&nbsp;&nbsp;&nbsp; zur Lieferung von Waren, die nach Kundenspezifikation angefertigt werden oder<br>&#8211; &nbsp;&nbsp; eindeutig auf die pers\u00f6nlichen Bed\u00fcrfnisse zugeschnitten sind oder<br>&#8211; &nbsp;&nbsp; die auf Grund ihrer Beschaffenheit nicht f\u00fcr eine R\u00fccksendung geeignet sind.<br>Mindestlaufzeit bei Dauerschuldverh\u00e4ltnis<\/p>\n\n\n\n<p>Soweit dauernde oder regelm\u00e4\u00dfig wiederkehrende Leistungen (Warenlieferungen\/Dienstleistungen) vereinbart werden, betr\u00e4gt die Mindestlaufzeit 12 Monate.<\/p>\n\n\n\n<h2 class=\"wp-block-heading\" id=\"h-datenschutz\">Datenschutz<\/h2>\n\n\n\n<p>(1) Beim Betrieb des Online-Shops und bei der Aufnahme und Abwicklung von Bestellungen einschlie\u00dflich Lieferung, Abrechnung und Zahlungs\u00fcberwachung erhebt und verwendet der Anbieter personenbezogene sowie zum Teil pseudonymisierte oder anonymisierte Daten der Kunden. Bei allen diesen Vorg\u00e4ngen h\u00e4lt sich der Anbieter strikt an die geltenden Bestimmungen des Datenschutzrechts.<br>(2) Die Erhebung und Verwendung der Daten dient dabei ausschlie\u00dflich der ordnungsgem\u00e4\u00dfen Funktion und interaktiven Kommunikation mit dem Kunden sowie der Steuerung und Abwicklung der vom Kunden initiierten Bestellvorg\u00e4nge und get\u00e4tigten Erwerbsgesch\u00e4fte.<br>(3) Die Mitteilung von personenbezogenen Daten durch den Kunden, z.B. bei der Eingabe der Bestellung, geschieht freiwillig und nur in dem Umfang, der zur Aufnahme und Abwicklung des Gesch\u00e4fts notwendig ist. Die Verwendung der Daten und ggf. ihre Weitergabe an sorgf\u00e4ltig \u00fcberwachte Unternehmen (Versand, Zahlung, Inkasso) erfolgt ausschlie\u00dflich zum Zweck der Vertragsdurchf\u00fchrung mit dem Kunden. Eine dar\u00fcber hinausgehende Verwendung oder Weitergabe der Daten an Dritte erfolgt nicht.<br>(4) Der Anbieter darf f\u00fcr Zwecke der Werbung, der Marktforschung oder zur bedarfsgerechten Gestaltung der Telemedien Nutzungsprofile bei Verwendung von Pseudonymen erstellen, sofern der Kunde dem nicht widerspricht. Der Anbieter stellt sicher, dass diese Nutzungsprofile nicht mit Daten \u00fcber den betroffenen Kunden zusammengef\u00fchrt werden. Der Kunde hat das Recht, dieser Verwendung seiner Nutzungsdaten jederzeit zu widersprechen.<br>(5) Bei jedem Aufruf der Website werden zwingend notwendig technische Informationen zwischen dem Server und dem Kundenrechner ausgetauscht (URL-Kennung, Browsertyp, weitere technische Eigenschaften). Zur Verbesserung der Navigation und erleichterten Bedienung bei Bestellungen und sonstigen Diensten auf der Website werden sitzungsbezogene kleine Textdateien (Cookies) erstellt und auf dem Ger\u00e4t des Nutzers vor\u00fcbergehend gespeichert. Bei Beendigung der Sitzung werden die Cookies gel\u00f6scht. Zur Verhinderung der Cookies kann der Kunde seinen Browser entsprechend einstellen.<br>(6) Der Kunde kann jederzeit unentgeltlich Auskunft \u00fcber die zu seiner Person gespeicherten Daten, sowie ggf. Berichtigung, Sperrung oder L\u00f6schung dieser Daten verlangen.<br>(7) Verantwortliche Stelle i.S. des Datenschutzrechts ist der Anbieter, der unter der nachfolgenden Adresse postalisch oder e-mail zu erreichen ist:<\/p>\n\n\n\n<p>ClearChox B.V.<br>Boterbloemstraat 17<br>6832 BL Arnhem<br>Niederlande<br><a href=\"mailto:service@clearchox.de\">service@clearchox.de<\/a><\/p>\n\n\n\n<p>An diese Stelle sind s\u00e4mtliche Auskunfts-, Berichtigungs-, Sperrungs-, L\u00f6schungsbegehren sowie der Widerspruch gegen die pseudonyme Verwendung der Nutzungsdaten sowie der Widerruf etwa erteilter Einwilligungen in die Datenerhebung, Verwendung oder Verarbeitung zu richten.<\/p>\n\n\n\n<hr class=\"wp-block-separator has-css-opacity\"\/>\n\n\n\n<h2 class=\"wp-block-heading\" id=\"h-landkarte\">Landkarte<\/h2>\n\n\n\n<p>ClearChox ver\u00f6ffentlicht auf ihrer Internetseite eine Landkarte, auf der der Standort seiner Gesch\u00e4ftskunden, bzw. deren Gesch\u00e4ft eingetragen ist und gesucht werden kann. ClearChox m\u00f6chte dem Verbraucher die Suche nach richtig guten Schokoladen in ihrer N\u00e4he vereinfachen.<\/p>\n\n\n\n<p>Die ClearChox-Kunden (Content-Teilnehmer) erkl\u00e4ren sich damit einverstanden, dass Ihr Gesch\u00e4ftsstandort auf die ClearChox-Internetseite ver\u00f6ffentlicht wird und Sie im Zusammenhang mit der Ver\u00f6ffentlichung Ihres Gesch\u00e4ftstandortes namentlich genannt werden d\u00fcrfen. Diese Erkl\u00e4rung kann jederzeit widerrufen werden. Es gen\u00fcgt eine kurze Mitteilung an ClearChox und Ihre Angaben zu Namen und Standort werden in einer Frist von max. 7 Tagen aus der Kunden-Standort-Karte gel\u00f6scht.<\/p>\n\n\n\n<hr class=\"wp-block-separator has-css-opacity\"\/>\n\n\n\n<h2 class=\"wp-block-heading\" id=\"h-schlussbestimmungen\">Schlussbestimmungen<\/h2>\n\n\n\n<p>(1) Es gilt das Recht der Bundesrepublik Deutschland unter Ausschluss des UN-Kaufrechts. Die Anwendbarkeit zwingender Normen des Staates, in dem der Kunde bei Vertragsschluss seinen gew\u00f6hnlichen Aufenthalt hat, bleibt von dieser Rechtswahl unber\u00fchrt.<br>(2) Sofern eine oder mehrere Bestimmungen dieser Allgemeinen Gesch\u00e4ftsbedingungen unwirksam oder undurchf\u00fchrbar sind oder werden, ber\u00fchrt dies nicht die Wirksamkeit der Gesch\u00e4ftsbedingungen im \u00dcbrigen. Die unwirksame oder undurchf\u00fchrbare Bestimmung ist durch eine solche zu ersetzen, die wirtschaftlich und rechtlich dem am N\u00e4chsten kommt, was die Parteien mit der urspr\u00fcnglichen Regelung beabsichtigt haben. Dies gilt auch f\u00fcr etwaige Vertragsl\u00fccken.<\/p>\n\n\n\n<p>Stand: 27.10.2025<\/p>\n","protected":false},"excerpt":{"rendered":"<p>Zuerst dieses: Informationen zu Allergenen ClearChox kann nicht garantieren, dass die Informationen auf der Website 100% richtig sind. Sie tut ihr Bestes, um dies zu erreichen. Die Daten stammen aus den Herstellerangaben auf der Verpackung einer Schokoladentafel. Zum Beispiel, wenn geschrieben steht &#8222;Enth\u00e4lt Spuren von N\u00fcssen, dann ist das klar. Wenn jedoch nichts erw\u00e4hnt wird, &#8230; <a title=\"Allgemeine Gesch\u00e4ftsbedingungen (AGB)\" class=\"read-more\" href=\"https:\/\/clearchox.com\/de\/allgemeine-geschaeftsbedingungen-agb\/\" aria-label=\"Mehr Informationen \u00fcber Allgemeine Gesch\u00e4ftsbedingungen (AGB)\">Mehr..<\/a><\/p>\n","protected":false},"author":1,"featured_media":0,"parent":0,"menu_order":0,"comment_status":"closed","ping_status":"closed","template":"","meta":{"footnotes":""},"class_list":{"0":"post-86532","1":"page","2":"type-page","3":"status-publish","5":"infinite-scroll-item"},"_links":{"self":[{"href":"https:\/\/clearchox.com\/de\/wp-json\/wp\/v2\/pages\/86532","targetHints":{"allow":["GET"]}}],"collection":[{"href":"https:\/\/clearchox.com\/de\/wp-json\/wp\/v2\/pages"}],"about":[{"href":"https:\/\/clearchox.com\/de\/wp-json\/wp\/v2\/types\/page"}],"author":[{"embeddable":true,"href":"https:\/\/clearchox.com\/de\/wp-json\/wp\/v2\/users\/1"}],"replies":[{"embeddable":true,"href":"https:\/\/clearchox.com\/de\/wp-json\/wp\/v2\/comments?post=86532"}],"version-history":[{"count":0,"href":"https:\/\/clearchox.com\/de\/wp-json\/wp\/v2\/pages\/86532\/revisions"}],"wp:attachment":[{"href":"https:\/\/clearchox.com\/de\/wp-json\/wp\/v2\/media?parent=86532"}],"curies":[{"name":"wp","href":"https:\/\/api.w.org\/{rel}","templated":true}]}}