{"id":86537,"date":"2020-01-08T08:47:48","date_gmt":"2020-01-08T08:47:48","guid":{"rendered":"https:\/\/clearchox.com\/?page_id=86537"},"modified":"2026-04-23T08:56:48","modified_gmt":"2026-04-23T08:56:48","slug":"ekobio-zertifikate","status":"publish","type":"page","link":"https:\/\/clearchox.com\/de\/ekobio-zertifikate\/","title":{"rendered":"EKO\/BIO Zertifikat"},"content":{"rendered":"\n<p><em>Der Bio-Handel ist eine Kette. Sie, unser Kunde, brauchen nur unser BIO-Zertifikat.<\/em><\/p>\n\n\n\n<p>ClearChox (Handelsname von VOF Chocoweb) ist Distributor f\u00fcr viele Marken in Benelux und DACH (Deutschland, \u00d6sterreich und Schweiz) und andere EU-L\u00e4ndern. <a href=\"https:\/\/clearchox.com\/nl\/wp-content\/uploads\/sites\/11\/2026\/04\/ClearChox-BIO-Certificate-2026-2027.pdf\" target=\"_blank\" rel=\"noreferrer noopener\">Unser Zertifikat (PDF)<\/a>. Leider ist es nur auf Niederl\u00e4ndisch. In den vergangenen Jahren bekamen wir es in mehreren Sprachen.<\/p>\n","protected":false},"excerpt":{"rendered":"<p>Der Bio-Handel ist eine Kette. Sie, unser Kunde, brauchen nur unser BIO-Zertifikat. ClearChox (Handelsname von VOF Chocoweb) ist Distributor f\u00fcr viele Marken in Benelux und DACH (Deutschland, \u00d6sterreich und Schweiz) und andere EU-L\u00e4ndern. Unser Zertifikat (PDF). Leider ist es nur auf Niederl\u00e4ndisch. In den vergangenen Jahren bekamen wir es in mehreren Sprachen.<\/p>\n","protected":false},"author":1,"featured_media":0,"parent":0,"menu_order":0,"comment_status":"closed","ping_status":"closed","template":"","meta":{"footnotes":""},"class_list":{"0":"post-86537","1":"page","2":"type-page","3":"status-publish","5":"infinite-scroll-item"},"_links":{"self":[{"href":"https:\/\/clearchox.com\/de\/wp-json\/wp\/v2\/pages\/86537","targetHints":{"allow":["GET"]}}],"collection":[{"href":"https:\/\/clearchox.com\/de\/wp-json\/wp\/v2\/pages"}],"about":[{"href":"https:\/\/clearchox.com\/de\/wp-json\/wp\/v2\/types\/page"}],"author":[{"embeddable":true,"href":"https:\/\/clearchox.com\/de\/wp-json\/wp\/v2\/users\/1"}],"replies":[{"embeddable":true,"href":"https:\/\/clearchox.com\/de\/wp-json\/wp\/v2\/comments?post=86537"}],"version-history":[{"count":0,"href":"https:\/\/clearchox.com\/de\/wp-json\/wp\/v2\/pages\/86537\/revisions"}],"wp:attachment":[{"href":"https:\/\/clearchox.com\/de\/wp-json\/wp\/v2\/media?parent=86537"}],"curies":[{"name":"wp","href":"https:\/\/api.w.org\/{rel}","templated":true}]}}