{"id":100303,"date":"2020-06-07T19:10:28","date_gmt":"2020-06-07T19:10:28","guid":{"rendered":"https:\/\/clearchox.com\/de\/shop\/morin-cacao-powder-ivory-coast-100\/"},"modified":"2026-01-08T09:57:34","modified_gmt":"2026-01-08T09:57:34","slug":"morin-kakaopulver-elfenbeinkueste-100-200g","status":"publish","type":"product","link":"https:\/\/clearchox.com\/de\/shop\/morin-kakaopulver-elfenbeinkueste-100-200g\/","title":{"rendered":"Morin Kakaopulver Elfenbeink\u00fcste 100% (200g)"},"content":{"rendered":"<p>Kakao aus C\u00f4te d&#8217;Ivoire (Elfenbeink\u00fcste) ist weltweit anerkannt, weil dieses Land der gr\u00f6\u00dfte Kakaoproduzent der Welt ist. Die Kakaobohnen, mit denen Morin arbeitet, stammen von einer ausschlie\u00dflich weiblichen Kooperative in der Region Gu\u00e9mon, die sich in einem Wald- und Berggebiet befindet. Ihre 300 Mitglieder profitieren von zus\u00e4tzlichen Schulungen, Mikrokrediten f\u00fcr Investitionen in ihre Plantagen, sowie der Entwicklung anderer Projekte, wie einem Ern\u00e4hrungshilfeprogramm f\u00fcr neun lokale Schulen in der Region. Kultivierter Kakao ist Forestero.<\/p>\n<p>Das Pulver wird bei Morin in Donz\u00e8re gepresst und verpackt.<\/p>\n<p>Sie k\u00f6nnen es in Milch oder Wasser (2 Teel\u00f6ffel pro 200 ml) umr\u00fchren und nach Wunsch zuckern oder es f\u00fcr ein schokoladiges Fr\u00fchst\u00fcck, in Kuchen oder zum Garnieren Ihrer Desserts verwenden.<\/p>\n<p><strong>Zutaten<\/strong>: Kakaopulver<\/p>\n<p><span style=\"color: #993300;\"><strong><em>Kann Spuren von Milch, N\u00fcssen und Sesam enthalten.<\/em><\/strong><\/span><\/p>\n<table width=\"593\">\n<tbody>\n<tr>\n<td width=\"333\">N\u00e4hrwerte\/Nutritional values\/Voedingswaarde<\/td>\n<td width=\"260\">Per 100 g<\/td>\n<\/tr>\n<tr>\n<td>Energie\/Energy<\/td>\n<td>450 kcal\/1889 kJ<\/td>\n<\/tr>\n<tr>\n<td>Fett\/Fat\/Vet<\/td>\n<td>15 g<\/td>\n<\/tr>\n<tr>\n<td>davon ges\u00e4ttigte Fetts\u00e4uren\/of that saturated fatty acids\/waarvan verzadigd<\/td>\n<td>8 g<\/td>\n<\/tr>\n<tr>\n<td>Kohlenhydrate\/Carbohydrates\/Koolhydraten<\/td>\n<td>46,6 g<\/td>\n<\/tr>\n<tr>\n<td>davon Zucker\/of which sugar\/waarvan suiker<\/td>\n<td>2 g<\/td>\n<\/tr>\n<tr>\n<td>Eiweiss\/Protein\/Eiwit<\/td>\n<td>25,8 g<\/td>\n<\/tr>\n<tr>\n<td>Salz\/Salt\/Zout<\/td>\n<td>&lt; 0,03 g<\/td>\n<\/tr>\n<\/tbody>\n<\/table>\n","protected":false},"excerpt":{"rendered":"<p>Aus dem S\u00fcdwesten der Elfenbeink\u00fcste kommt der Kakao mit pflanzlichen und D\u00f6rrobstaromen, deren Abgang s\u00fc\u00dfere Noten begleitet. Ausgezeichnet mit Gold des AoC 2019.<\/p>\n","protected":false},"featured_media":100307,"comment_status":"open","ping_status":"closed","template":"","meta":[],"product_brand":[79],"product_cat":[15,736],"product_tag":[],"class_list":{"0":"post-100303","1":"product","2":"type-product","3":"status-publish","4":"has-post-thumbnail","6":"product_brand-chocolaterie-a-morin","7":"product_cat-schokolade","8":"product_cat-vegan","9":"infinite-scroll-item","10":"resize-featured-image","11":"sales-flash-overlay","12":"woocommerce-text-align-center","13":"woocommerce-image-align-center","14":"wc-has-gallery","16":"first","17":"outofstock","18":"shipping-taxable","19":"purchasable","20":"product-type-simple"},"_links":{"self":[{"href":"https:\/\/clearchox.com\/de\/wp-json\/wp\/v2\/product\/100303","targetHints":{"allow":["GET"]}}],"collection":[{"href":"https:\/\/clearchox.com\/de\/wp-json\/wp\/v2\/product"}],"about":[{"href":"https:\/\/clearchox.com\/de\/wp-json\/wp\/v2\/types\/product"}],"replies":[{"embeddable":true,"href":"https:\/\/clearchox.com\/de\/wp-json\/wp\/v2\/comments?post=100303"}],"wp:featuredmedia":[{"embeddable":true,"href":"https:\/\/clearchox.com\/de\/wp-json\/wp\/v2\/media\/100307"}],"wp:attachment":[{"href":"https:\/\/clearchox.com\/de\/wp-json\/wp\/v2\/media?parent=100303"}],"wp:term":[{"taxonomy":"product_brand","embeddable":true,"href":"https:\/\/clearchox.com\/de\/wp-json\/wp\/v2\/product_brand?post=100303"},{"taxonomy":"product_cat","embeddable":true,"href":"https:\/\/clearchox.com\/de\/wp-json\/wp\/v2\/product_cat?post=100303"},{"taxonomy":"product_tag","embeddable":true,"href":"https:\/\/clearchox.com\/de\/wp-json\/wp\/v2\/product_tag?post=100303"}],"curies":[{"name":"wp","href":"https:\/\/api.w.org\/{rel}","templated":true}]}}