{"id":100311,"date":"2020-06-08T03:37:05","date_gmt":"2020-06-08T03:37:05","guid":{"rendered":"https:\/\/clearchox.com\/de\/shop\/morin-cacao-powder-vietnam-100\/"},"modified":"2026-04-21T11:47:46","modified_gmt":"2026-04-21T11:47:46","slug":"morin-kakaopulver-vietnam-100-200g","status":"publish","type":"product","link":"https:\/\/clearchox.com\/de\/shop\/morin-kakaopulver-vietnam-100-200g\/","title":{"rendered":"Morin Kakaopulver Vietnam 100% (200g)"},"content":{"rendered":"<p>Der Kakao stammt aus der Region Ben Tre im Mekong-Delta im S\u00fcden Vietnams.<\/p>\n<p>Die Bohnen werden von mehreren Bauern geliefert und zu einer Kakaoverarbeitungsstation gebracht, die sich in einer Schule f\u00fcr behinderte Jugendliche befindet. Vietcacao setzt sich f\u00fcr eine professionelle Wiedereingliederung dieser jungen Menschen ein. Hier findet die G\u00e4rung und Trocknung der Bohnen statt. Weitere Informationen finden Sie auf der <a href=\"https:\/\/www.vietcacao.com\/\" target=\"_blank\" rel=\"noopener noreferrer\">Vietcacao-Website<\/a>.<\/p>\n<p>Das Pulver wird bei Morin in Donz\u00e8re gepresst und verpackt.<\/p>\n<p>Sie k\u00f6nnen es in Milch oder Wasser (2 Teel\u00f6ffel pro 200 ml) umr\u00fchren und nach Wunsch zuckern, f\u00fcr ein schokoladiges Fr\u00fchst\u00fcck, in Kuchen oder zum Garnieren Ihrer Desserts verwenden.<\/p>\n<p><strong>Zutaten<\/strong>: Kakaopulver<\/p>\n<p><span style=\"color: #993300;\"><em><strong>Kann Spuren von Milch, N\u00fcssen und Sesam enthalten.<\/strong><\/em><\/span><\/p>\n<table width=\"593\">\n<tbody>\n<tr>\n<td width=\"333\">N\u00e4hrwerte\/Nutritional values\/Voedingswaarde<\/td>\n<td width=\"260\">Per 100 g<\/td>\n<\/tr>\n<tr>\n<td>Energie\/Energy<\/td>\n<td>450 kcal\/1889 kJ<\/td>\n<\/tr>\n<tr>\n<td>Fett\/Fat\/Vet<\/td>\n<td>15 g<\/td>\n<\/tr>\n<tr>\n<td>davon ges\u00e4ttigte Fetts\u00e4uren\/of that saturated fatty acids\/waarvan verzadigd<\/td>\n<td>8 g<\/td>\n<\/tr>\n<tr>\n<td>Kohlenhydrate\/Carbohydrates\/Koolhydraten<\/td>\n<td>46,6 g<\/td>\n<\/tr>\n<tr>\n<td>davon Zucker\/of which sugar\/waarvan suiker<\/td>\n<td>2 g<\/td>\n<\/tr>\n<tr>\n<td>Eiweiss\/Protein\/Eiwit<\/td>\n<td>25,8 g<\/td>\n<\/tr>\n<tr>\n<td>Salz\/Salt\/Zout<\/td>\n<td>&lt; 0,03 g<\/td>\n<\/tr>\n<\/tbody>\n<\/table>\n","protected":false},"excerpt":{"rendered":"<p>Die vietnamesische Kakaoregion Ben Tre ist bekannt f\u00fcr ihre herausragenden Kakaobohnen. Morin hat deren angenehm w\u00fcrzige Noten herausgearbeitet und in diese formsch\u00f6ne 200g Dose gebannt.<\/p>\n","protected":false},"featured_media":100309,"comment_status":"open","ping_status":"closed","template":"","meta":[],"product_brand":[79],"product_cat":[15,736],"product_tag":[],"class_list":{"0":"post-100311","1":"product","2":"type-product","3":"status-publish","4":"has-post-thumbnail","6":"product_brand-chocolaterie-a-morin","7":"product_cat-schokolade","8":"product_cat-vegan","9":"infinite-scroll-item","10":"resize-featured-image","11":"sales-flash-overlay","12":"woocommerce-text-align-center","13":"woocommerce-image-align-center","14":"wc-has-gallery","16":"first","17":"instock","18":"shipping-taxable","19":"purchasable","20":"product-type-simple"},"_links":{"self":[{"href":"https:\/\/clearchox.com\/de\/wp-json\/wp\/v2\/product\/100311","targetHints":{"allow":["GET"]}}],"collection":[{"href":"https:\/\/clearchox.com\/de\/wp-json\/wp\/v2\/product"}],"about":[{"href":"https:\/\/clearchox.com\/de\/wp-json\/wp\/v2\/types\/product"}],"replies":[{"embeddable":true,"href":"https:\/\/clearchox.com\/de\/wp-json\/wp\/v2\/comments?post=100311"}],"wp:featuredmedia":[{"embeddable":true,"href":"https:\/\/clearchox.com\/de\/wp-json\/wp\/v2\/media\/100309"}],"wp:attachment":[{"href":"https:\/\/clearchox.com\/de\/wp-json\/wp\/v2\/media?parent=100311"}],"wp:term":[{"taxonomy":"product_brand","embeddable":true,"href":"https:\/\/clearchox.com\/de\/wp-json\/wp\/v2\/product_brand?post=100311"},{"taxonomy":"product_cat","embeddable":true,"href":"https:\/\/clearchox.com\/de\/wp-json\/wp\/v2\/product_cat?post=100311"},{"taxonomy":"product_tag","embeddable":true,"href":"https:\/\/clearchox.com\/de\/wp-json\/wp\/v2\/product_tag?post=100311"}],"curies":[{"name":"wp","href":"https:\/\/api.w.org\/{rel}","templated":true}]}}