{"id":100419,"date":"2020-06-18T07:02:31","date_gmt":"2020-06-18T07:02:31","guid":{"rendered":"https:\/\/clearchox.com\/de\/shop\/soklet-zero-sugar-80\/"},"modified":"2026-01-16T17:29:35","modified_gmt":"2026-01-16T17:29:35","slug":"soklet-zero-sugar-80","status":"publish","type":"product","link":"https:\/\/clearchox.com\/de\/shop\/soklet-zero-sugar-80\/","title":{"rendered":"Soklet 80% Milchschokolade ohne Zuckerzusatz"},"content":{"rendered":"<p><strong>Zutaten<\/strong>: Kakaomasse, Mager<em><strong>milch<\/strong><\/em>pulver<\/p>\n<p><strong>Aroma<\/strong>: Reich-cremig<\/p>\n<p><span style=\"color: #993300;\"><strong>Enth\u00e4lt Milch. Kann Spuren von Erdn\u00fcssen und Schalenfr\u00fcchten eenthalten.<\/strong><\/span><\/p>\n<table border=\"0\" width=\"593\" cellspacing=\"0\" cellpadding=\"0\">\n<colgroup>\n<col width=\"333\" \/>\n<col width=\"260\" \/><\/colgroup>\n<tbody>\n<tr>\n<td class=\"xl68\" width=\"333\" height=\"15\"><strong>Nutrition values\/N\u00e4hrwerte\/Voedingswaarde<\/strong><\/td>\n<td class=\"xl66\" width=\"260\"><strong>per\/pro\/per 100 g<\/strong><\/td>\n<\/tr>\n<tr>\n<td class=\"xl64\" height=\"15\">Energy\/Energie<\/td>\n<td class=\"xl65\">548,59 kcal\/ 2021,58 kj<\/td>\n<\/tr>\n<tr>\n<td class=\"xl64\" height=\"15\">Fat\/Fett\/vetten<\/td>\n<td class=\"xl65\">32,4 g<\/td>\n<\/tr>\n<tr>\n<td class=\"xl64\" height=\"15\">of which saturated\/davon ges\u00e4ttigte Fetts\u00e4uren\/waarvan verzadigd<\/td>\n<td class=\"xl65\">9,72 g<\/td>\n<\/tr>\n<tr>\n<td class=\"xl64\" height=\"15\">Carbonhydrates\/Kohlenhydrate\/koolhydraten<\/td>\n<td class=\"xl65\">58,39 g<\/td>\n<\/tr>\n<tr>\n<td class=\"xl64\" height=\"15\">of which sugar\/davon Zucker\/waarvan suiker (<a href=\"https:\/\/de.wikipedia.org\/wiki\/Lactose\" target=\"_blank\" rel=\"noopener noreferrer\">Lactose<\/a>)<\/td>\n<td class=\"xl65\">11,89 g<\/td>\n<\/tr>\n<tr>\n<td class=\"xl64\" height=\"15\">Proteins\/Eiweiss\/eiwitten<\/td>\n<td class=\"xl65\">5,98g<\/td>\n<\/tr>\n<tr>\n<td class=\"xl67\" height=\"15\">Salt\/Salz\/zout<\/td>\n<td class=\"xl63\">0 g<\/td>\n<\/tr>\n<\/tbody>\n<\/table>\n","protected":false},"excerpt":{"rendered":"<p>Die extra dunkle Milchschokolade enth\u00e4lt keinen zus\u00e4tzlichen Zucker und wird nur aus Kakao und Magermilchpulver hergestellt. Die perfekte Wahl f\u00fcr diejenigen, die Zucker meiden m\u00f6chten.<\/p>\n","protected":false},"featured_media":133513,"comment_status":"open","ping_status":"closed","template":"","meta":[],"product_brand":[108],"product_cat":[15],"product_tag":[],"class_list":{"0":"post-100419","1":"product","2":"type-product","3":"status-publish","4":"has-post-thumbnail","6":"product_brand-soklet","7":"product_cat-schokolade","8":"infinite-scroll-item","9":"resize-featured-image","10":"sales-flash-overlay","11":"woocommerce-text-align-center","12":"woocommerce-image-align-center","13":"wc-has-gallery","15":"first","16":"outofstock","17":"shipping-taxable","18":"purchasable","19":"product-type-simple"},"_links":{"self":[{"href":"https:\/\/clearchox.com\/de\/wp-json\/wp\/v2\/product\/100419","targetHints":{"allow":["GET"]}}],"collection":[{"href":"https:\/\/clearchox.com\/de\/wp-json\/wp\/v2\/product"}],"about":[{"href":"https:\/\/clearchox.com\/de\/wp-json\/wp\/v2\/types\/product"}],"replies":[{"embeddable":true,"href":"https:\/\/clearchox.com\/de\/wp-json\/wp\/v2\/comments?post=100419"}],"wp:featuredmedia":[{"embeddable":true,"href":"https:\/\/clearchox.com\/de\/wp-json\/wp\/v2\/media\/133513"}],"wp:attachment":[{"href":"https:\/\/clearchox.com\/de\/wp-json\/wp\/v2\/media?parent=100419"}],"wp:term":[{"taxonomy":"product_brand","embeddable":true,"href":"https:\/\/clearchox.com\/de\/wp-json\/wp\/v2\/product_brand?post=100419"},{"taxonomy":"product_cat","embeddable":true,"href":"https:\/\/clearchox.com\/de\/wp-json\/wp\/v2\/product_cat?post=100419"},{"taxonomy":"product_tag","embeddable":true,"href":"https:\/\/clearchox.com\/de\/wp-json\/wp\/v2\/product_tag?post=100419"}],"curies":[{"name":"wp","href":"https:\/\/api.w.org\/{rel}","templated":true}]}}