{"id":100428,"date":"2020-06-18T12:26:48","date_gmt":"2020-06-18T12:26:48","guid":{"rendered":"https:\/\/clearchox.com\/de\/shop\/soklet-dark-with-hibiscus-and-pumpkin-seeds-70\/"},"modified":"2026-01-08T09:57:57","modified_gmt":"2026-01-08T09:57:57","slug":"soklet-70-dunkel-mit-hibiskus-und-kuerbiskerne","status":"publish","type":"product","link":"https:\/\/clearchox.com\/de\/shop\/soklet-70-dunkel-mit-hibiskus-und-kuerbiskerne\/","title":{"rendered":"Soklet 70% Dunkel mit Hibiskus und K\u00fcrbiskerne"},"content":{"rendered":"<p><strong>Zutaten<\/strong>: Kakaomasse, Rohrzucker, Kakaobutter, ger\u00f6stete K\u00fcrbiskerne, getrocknete Hibiskubl\u00fcten<\/p>\n<p><strong>Aroma<\/strong>:<span class=\"tlid-translation translation\" lang=\"de\"><span class=\"\" title=\"\"><br \/>\n<\/span><\/span><\/p>\n<p><strong>Kann Spuren von Milch, Erdn\u00fcssen und Schalenfr\u00fcchten enthalten.<\/strong><\/p>\n<table border=\"0\" width=\"593\" cellspacing=\"0\" cellpadding=\"0\">\n<colgroup>\n<col width=\"333\" \/>\n<col width=\"260\" \/><\/colgroup>\n<tbody>\n<tr>\n<td class=\"xl68\" width=\"333\" height=\"15\"><strong>Nutrition values\/N\u00e4hrwerte\/Voedingswaarde<\/strong><\/td>\n<td class=\"xl66\" width=\"260\"><strong>per\/pro\/per 100 g<\/strong><\/td>\n<\/tr>\n<tr>\n<td class=\"xl64\" height=\"15\">Energy\/Energie<\/td>\n<td class=\"xl65\">508,35 kcal\/ 2128 kJ<\/td>\n<\/tr>\n<tr>\n<td class=\"xl64\" height=\"15\">Fat\/Fett\/vetten<\/td>\n<td class=\"xl65\">23,99 g<\/td>\n<\/tr>\n<tr>\n<td class=\"xl64\" height=\"15\">of which saturated\/davon ges\u00e4ttigte Fetts\u00e4uren\/waarvan verzadigd<\/td>\n<td class=\"xl65\">7,2 g<\/td>\n<\/tr>\n<tr>\n<td class=\"xl64\" height=\"15\">Carbonhydrates\/Kohlenhydrate\/koolhydraten<\/td>\n<td class=\"xl65\">58,53 g<\/td>\n<\/tr>\n<tr>\n<td class=\"xl64\" height=\"15\">of which sugar\/davon Zucker\/waarvan suiker<\/td>\n<td class=\"xl65\">12,1 g<\/td>\n<\/tr>\n<tr>\n<td class=\"xl64\" height=\"15\">Proteins\/Eiweiss\/eiwitten<\/td>\n<td class=\"xl65\">14,26 g<\/td>\n<\/tr>\n<tr>\n<td class=\"xl67\" height=\"15\">Salt\/Salz\/zout<\/td>\n<td class=\"xl63\">0 g<\/td>\n<\/tr>\n<\/tbody>\n<\/table>\n","protected":false},"excerpt":{"rendered":"<p>Die Kombination von Hibiskus mit einem Topping ger\u00f6steter K\u00fcrbiskerne verbinden sich zu dieser einzigartig indischen Schokolade.<\/p>\n","protected":false},"featured_media":100414,"comment_status":"open","ping_status":"closed","template":"","meta":[],"product_brand":[108],"product_cat":[15],"product_tag":[],"class_list":{"0":"post-100428","1":"product","2":"type-product","3":"status-publish","4":"has-post-thumbnail","6":"product_brand-soklet","7":"product_cat-schokolade","8":"infinite-scroll-item","9":"resize-featured-image","10":"sales-flash-overlay","11":"woocommerce-text-align-center","12":"woocommerce-image-align-center","13":"wc-has-gallery","15":"first","16":"outofstock","17":"shipping-taxable","18":"purchasable","19":"product-type-simple"},"_links":{"self":[{"href":"https:\/\/clearchox.com\/de\/wp-json\/wp\/v2\/product\/100428","targetHints":{"allow":["GET"]}}],"collection":[{"href":"https:\/\/clearchox.com\/de\/wp-json\/wp\/v2\/product"}],"about":[{"href":"https:\/\/clearchox.com\/de\/wp-json\/wp\/v2\/types\/product"}],"replies":[{"embeddable":true,"href":"https:\/\/clearchox.com\/de\/wp-json\/wp\/v2\/comments?post=100428"}],"wp:featuredmedia":[{"embeddable":true,"href":"https:\/\/clearchox.com\/de\/wp-json\/wp\/v2\/media\/100414"}],"wp:attachment":[{"href":"https:\/\/clearchox.com\/de\/wp-json\/wp\/v2\/media?parent=100428"}],"wp:term":[{"taxonomy":"product_brand","embeddable":true,"href":"https:\/\/clearchox.com\/de\/wp-json\/wp\/v2\/product_brand?post=100428"},{"taxonomy":"product_cat","embeddable":true,"href":"https:\/\/clearchox.com\/de\/wp-json\/wp\/v2\/product_cat?post=100428"},{"taxonomy":"product_tag","embeddable":true,"href":"https:\/\/clearchox.com\/de\/wp-json\/wp\/v2\/product_tag?post=100428"}],"curies":[{"name":"wp","href":"https:\/\/api.w.org\/{rel}","templated":true}]}}