{"id":100430,"date":"2020-06-18T13:17:49","date_gmt":"2020-06-18T13:17:49","guid":{"rendered":"https:\/\/clearchox.com\/de\/shop\/soklet-dark-with-roasted-peanuts-and-sea-salt-60\/"},"modified":"2026-04-09T10:48:50","modified_gmt":"2026-04-09T10:48:50","slug":"soklet-dark-with-roasted-peanuts-and-sea-salt-60","status":"publish","type":"product","link":"https:\/\/clearchox.com\/de\/shop\/soklet-dark-with-roasted-peanuts-and-sea-salt-60\/","title":{"rendered":"Soklet 60% Dunkel &#8211; Erdnuss Crunch"},"content":{"rendered":"<p><strong>Zutaten<\/strong>: Kakaomasse, Vollrohrzucker, <span style=\"color: #993300\"><strong><em>Erdn\u00fcsse<\/em><\/strong><\/span>, Kakaobutter, Meersalz<\/p>\n<p><strong>Aroma<\/strong>: <span class=\"tlid-translation translation\" lang=\"de\"><span class=\"\" title=\"\"><br \/>\n<\/span><\/span><\/p>\n<p><em><span style=\"color: #993300\"><strong>Enth\u00e4lt Erdn\u00fcsse. Kann auch Spuren von Milch und Schalenfr\u00fcchten enthalten.<\/strong><\/span><\/em><\/p>\n<table border=\"0\" width=\"593\" cellspacing=\"0\" cellpadding=\"0\">\n<colgroup>\n<col width=\"333\" \/>\n<col width=\"260\" \/><\/colgroup>\n<tbody>\n<tr>\n<td class=\"xl68\" width=\"333\" height=\"15\"><strong>Nutrition values\/N\u00e4hrwerte\/Voedingswaarde<\/strong><\/td>\n<td class=\"xl66\" width=\"260\"><strong>per\/pro\/per 100 g<\/strong><\/td>\n<\/tr>\n<tr>\n<td class=\"xl64\" height=\"15\">Energy\/Energie<\/td>\n<td class=\"xl65\">529,04 kcal\/ 2215 kJ<\/td>\n<\/tr>\n<tr>\n<td class=\"xl64\" height=\"15\">Fat\/Fett\/vetten<\/td>\n<td class=\"xl65\">29,13 g<\/td>\n<\/tr>\n<tr>\n<td class=\"xl64\" height=\"15\">of which saturated\/davon ges\u00e4ttigte Fetts\u00e4uren\/waarvan verzadigd<\/td>\n<td class=\"xl65\">8,74 g<\/td>\n<\/tr>\n<tr>\n<td class=\"xl64\" height=\"15\">Carbonhydrates\/Kohlenhydrate\/koolhydraten<\/td>\n<td class=\"xl65\">46,57 g<\/td>\n<\/tr>\n<tr>\n<td class=\"xl64\" height=\"15\">of which sugar\/davon Zucker\/waarvan suiker<\/td>\n<td class=\"xl65\">14,9 g<\/td>\n<\/tr>\n<tr>\n<td class=\"xl64\" height=\"15\">Proteins\/Eiweiss\/eiwitten<\/td>\n<td class=\"xl65\">10,81 g<\/td>\n<\/tr>\n<tr>\n<td class=\"xl67\" height=\"15\">Salt\/Salz\/zout<\/td>\n<td class=\"xl63\">0,5 mg<\/td>\n<\/tr>\n<\/tbody>\n<\/table>\n","protected":false},"excerpt":{"rendered":"<p>Ger\u00f6stete Erdn\u00fcsse werden mit flockigem Meersalz auf die Schokolade gesteurt, sodass Ihre Geschmacksknospen mit einer gewissen Wendung kitzelt werden.<\/p>\n","protected":false},"featured_media":100416,"comment_status":"open","ping_status":"closed","template":"","meta":[],"product_brand":[108],"product_cat":[15],"product_tag":[],"class_list":{"0":"post-100430","1":"product","2":"type-product","3":"status-publish","4":"has-post-thumbnail","6":"product_brand-soklet","7":"product_cat-schokolade","8":"infinite-scroll-item","9":"resize-featured-image","10":"sales-flash-overlay","11":"woocommerce-text-align-center","12":"woocommerce-image-align-center","13":"wc-has-gallery","15":"first","16":"instock","17":"shipping-taxable","18":"purchasable","19":"product-type-simple"},"_links":{"self":[{"href":"https:\/\/clearchox.com\/de\/wp-json\/wp\/v2\/product\/100430","targetHints":{"allow":["GET"]}}],"collection":[{"href":"https:\/\/clearchox.com\/de\/wp-json\/wp\/v2\/product"}],"about":[{"href":"https:\/\/clearchox.com\/de\/wp-json\/wp\/v2\/types\/product"}],"replies":[{"embeddable":true,"href":"https:\/\/clearchox.com\/de\/wp-json\/wp\/v2\/comments?post=100430"}],"wp:featuredmedia":[{"embeddable":true,"href":"https:\/\/clearchox.com\/de\/wp-json\/wp\/v2\/media\/100416"}],"wp:attachment":[{"href":"https:\/\/clearchox.com\/de\/wp-json\/wp\/v2\/media?parent=100430"}],"wp:term":[{"taxonomy":"product_brand","embeddable":true,"href":"https:\/\/clearchox.com\/de\/wp-json\/wp\/v2\/product_brand?post=100430"},{"taxonomy":"product_cat","embeddable":true,"href":"https:\/\/clearchox.com\/de\/wp-json\/wp\/v2\/product_cat?post=100430"},{"taxonomy":"product_tag","embeddable":true,"href":"https:\/\/clearchox.com\/de\/wp-json\/wp\/v2\/product_tag?post=100430"}],"curies":[{"name":"wp","href":"https:\/\/api.w.org\/{rel}","templated":true}]}}