{"id":100436,"date":"2020-06-18T15:46:29","date_gmt":"2020-06-18T15:46:29","guid":{"rendered":"https:\/\/clearchox.com\/de\/shop\/soklet-filter-kaapi-arabica-coffee-and-chicory-root-55\/"},"modified":"2026-01-16T17:29:40","modified_gmt":"2026-01-16T17:29:40","slug":"soklet-filter-kaapi-arabica-coffee-and-chicory-root-55","status":"publish","type":"product","link":"https:\/\/clearchox.com\/de\/shop\/soklet-filter-kaapi-arabica-coffee-and-chicory-root-55\/","title":{"rendered":"Soklet Filter Kaapi &#8211; 55% dunkle Milchschokolade, Arabica-Kaffee und Chicor\u00e9e-Wurzel"},"content":{"rendered":"<p><strong>Zutaten<\/strong>: Kakaomasse, Rohrzucker, Mager<span style=\"color: #993300;\"><strong><em>milch<\/em><\/strong><\/span>pulver, Kakaobutter, Arabica-Kaffee, <span style=\"color: #993300;\"><strong><em>Ghee<\/em><\/strong><\/span>, Chicor\u00e9ewurzelpulver<\/p>\n<p><strong>Aroma<\/strong>: <span class=\"tlid-translation translation\" lang=\"de\"><span class=\"\" title=\"\"><br \/>\n<\/span><\/span><\/p>\n<p><span style=\"color: #993300;\"><em><strong>Enth\u00e4lt Milch, kann Spuren von Erdn\u00fcssen und N\u00fcssen enthalten.<\/strong><\/em><\/span><\/p>\n<table border=\"0\" width=\"593\" cellspacing=\"0\" cellpadding=\"0\">\n<colgroup>\n<col width=\"333\" \/>\n<col width=\"260\" \/><\/colgroup>\n<tbody>\n<tr>\n<td class=\"xl68\" width=\"333\" height=\"15\"><strong>Nutrition values\/N\u00e4hrwerte\/Voedingswaarde<\/strong><\/td>\n<td class=\"xl66\" width=\"260\"><strong>per\/pro\/per 100 g<\/strong><\/td>\n<\/tr>\n<tr>\n<td class=\"xl64\" height=\"15\">Energy\/Energie<\/td>\n<td class=\"xl65\">565,78 kcal\/ 2200 kJ<\/td>\n<\/tr>\n<tr>\n<td class=\"xl64\" height=\"15\">Fat\/Fett\/vetten<\/td>\n<td class=\"xl65\">26,87 g<\/td>\n<\/tr>\n<tr>\n<td class=\"xl64\" height=\"15\">of which saturated\/davon ges\u00e4ttigte Fetts\u00e4uren\/waarvan verzadigd<\/td>\n<td class=\"xl65\">8,06 g<\/td>\n<\/tr>\n<tr>\n<td class=\"xl64\" height=\"15\">Carbonhydrates\/Kohlenhydrate\/koolhydraten<\/td>\n<td class=\"xl65\">60,77 g<\/td>\n<\/tr>\n<tr>\n<td class=\"xl64\" height=\"15\">of which sugar\/davon Zucker\/waarvan suiker<\/td>\n<td class=\"xl65\">21,3 g<\/td>\n<\/tr>\n<tr>\n<td class=\"xl64\" height=\"15\">Proteins\/Eiweiss\/eiwitten<\/td>\n<td class=\"xl65\">9,98 g<\/td>\n<\/tr>\n<tr>\n<td class=\"xl67\" height=\"15\">Salt\/Salz\/zout<\/td>\n<td class=\"xl63\">0 mg<\/td>\n<\/tr>\n<\/tbody>\n<\/table>\n","protected":false},"excerpt":{"rendered":"<p>Reichhaltiger Chikmagalur Kaffee mit einem Hauch von Chicor\u00e9e wirkt wie Zauberei in der dunklen Milchschokolade, die an typisch s\u00fcdindischen Filterkaffee erinnert.<\/p>\n","protected":false},"featured_media":100409,"comment_status":"open","ping_status":"closed","template":"","meta":[],"product_brand":[108],"product_cat":[754,15],"product_tag":[],"class_list":{"0":"post-100436","1":"product","2":"type-product","3":"status-publish","4":"has-post-thumbnail","6":"product_brand-soklet","7":"product_cat-herkunftschokolade","8":"product_cat-schokolade","9":"infinite-scroll-item","10":"resize-featured-image","11":"sales-flash-overlay","12":"woocommerce-text-align-center","13":"woocommerce-image-align-center","14":"wc-has-gallery","16":"first","17":"instock","18":"shipping-taxable","19":"purchasable","20":"product-type-simple"},"_links":{"self":[{"href":"https:\/\/clearchox.com\/de\/wp-json\/wp\/v2\/product\/100436","targetHints":{"allow":["GET"]}}],"collection":[{"href":"https:\/\/clearchox.com\/de\/wp-json\/wp\/v2\/product"}],"about":[{"href":"https:\/\/clearchox.com\/de\/wp-json\/wp\/v2\/types\/product"}],"replies":[{"embeddable":true,"href":"https:\/\/clearchox.com\/de\/wp-json\/wp\/v2\/comments?post=100436"}],"wp:featuredmedia":[{"embeddable":true,"href":"https:\/\/clearchox.com\/de\/wp-json\/wp\/v2\/media\/100409"}],"wp:attachment":[{"href":"https:\/\/clearchox.com\/de\/wp-json\/wp\/v2\/media?parent=100436"}],"wp:term":[{"taxonomy":"product_brand","embeddable":true,"href":"https:\/\/clearchox.com\/de\/wp-json\/wp\/v2\/product_brand?post=100436"},{"taxonomy":"product_cat","embeddable":true,"href":"https:\/\/clearchox.com\/de\/wp-json\/wp\/v2\/product_cat?post=100436"},{"taxonomy":"product_tag","embeddable":true,"href":"https:\/\/clearchox.com\/de\/wp-json\/wp\/v2\/product_tag?post=100436"}],"curies":[{"name":"wp","href":"https:\/\/api.w.org\/{rel}","templated":true}]}}