{"id":103263,"date":"2020-07-23T08:51:30","date_gmt":"2020-07-23T08:51:30","guid":{"rendered":"https:\/\/clearchox.com\/de\/shop\/georgia-ramon-chuncho-peru-74-bio\/"},"modified":"2026-04-24T11:03:37","modified_gmt":"2026-04-24T11:03:37","slug":"georgia-ramon-chuncho-peru-74-bio","status":"publish","type":"product","link":"https:\/\/clearchox.com\/de\/shop\/georgia-ramon-chuncho-peru-74-bio\/","title":{"rendered":"Georgia Ramon Chuncho Peru 74% BIO"},"content":{"rendered":"<p>Unter den H\u00f6hen des\u00a0<a href=\"https:\/\/de.wikipedia.org\/wiki\/Machu_Picchu\" target=\"_blank\" rel=\"noopener noreferrer\">Machu Picchu<\/a> w\u00e4chst der Chuncho-Kakao, der im Laufe der Zeit im <a href=\"https:\/\/de.wikipedia.org\/wiki\/Urubamba\" target=\"_blank\" rel=\"noopener noreferrer\">Urubamba-Tal<\/a> \u00fcberlebt hat. Die alten und robusten Chuncho-B\u00e4ume, von denen einige 200 Jahre alt sind, wachsen in H\u00f6hen, die f\u00fcr den Kakaoanbau kaum bekannt sind.<br \/>\nKakaowissenschaftler glauben, dass Chuncho der aromatischste Kakao der Welt ist. Die Einheimischen sind sehr stolz auf ihr Chuncho-Erbe und viele Familien ernten die Kakaofr\u00fcchte sorgf\u00e4ltig von ihren \u00e4ltesten B\u00e4umen, um die Bohnen in ihre eigene Schokolade zu verwandeln.<\/p>\n<p><strong>Zutaten: <\/strong>Kakaomasse, Rohrohrzucker, Kakaobutter<br \/>\n<strong>Aroma<\/strong>: Leicht fruchtig, Trockenblumen, Gr\u00e4ser<\/p>\n<p><span style=\"color: #993300\"><em><strong><span class=\"tlid-translation translation\" lang=\"de\"><span class=\"\" title=\"\">Kann Spuren von Milch und N\u00fcssen enthalten.<\/span><\/span><\/strong><\/em><\/span><\/p>\n<table border=\"0\" width=\"593\" cellspacing=\"0\" cellpadding=\"0\">\n<colgroup>\n<col width=\"333\" \/>\n<col width=\"260\" \/><\/colgroup>\n<tbody>\n<tr>\n<td class=\"xl68\" width=\"333\" height=\"15\"><strong>Nutrition values\/N\u00e4hrwerte\/Voedingswaarde<\/strong><\/td>\n<td class=\"xl66\" width=\"260\"><strong>per\/pro\/per 100 g<\/strong><\/td>\n<\/tr>\n<tr>\n<td class=\"xl64\" height=\"15\">Energy\/Energie<\/td>\n<td class=\"xl65\">572 kcal\/ 2395 kJ<\/td>\n<\/tr>\n<tr>\n<td class=\"xl64\" height=\"15\">Fat\/Fett\/vetten<\/td>\n<td class=\"xl65\">43 g<\/td>\n<\/tr>\n<tr>\n<td class=\"xl64\" height=\"15\">of which saturated\/davon ges\u00e4ttigte Fetts\u00e4uren\/waarvan verzadigd<\/td>\n<td class=\"xl65\">29 g<\/td>\n<\/tr>\n<tr>\n<td class=\"xl64\" height=\"15\">Carbonhydrates\/Kohlenhydrate\/koolhydraten<\/td>\n<td class=\"xl65\">32 g<\/td>\n<\/tr>\n<tr>\n<td class=\"xl64\" height=\"15\">of which sugar\/davon Zucker\/waarvan suiker<\/td>\n<td class=\"xl65\">26 g<\/td>\n<\/tr>\n<tr>\n<td class=\"xl64\" height=\"15\">Proteins\/Eiweiss\/eiwitten<\/td>\n<td class=\"xl65\">8 g<\/td>\n<\/tr>\n<tr>\n<td class=\"xl67\" height=\"15\">Salt\/Salz\/zout<\/td>\n<td class=\"xl63\">0,02 g<\/td>\n<\/tr>\n<\/tbody>\n<\/table>\n","protected":false},"excerpt":{"rendered":"<p>Vielleicht der aromatischste Kakao der Welt. Der historische Chuncho-Kakao aus Peru hat Geschmacksnoten von Fr\u00fcchten, Blumen und Gr\u00e4sern.<\/p>\n","protected":false},"featured_media":115697,"comment_status":"open","ping_status":"closed","template":"","meta":[],"product_brand":[77],"product_cat":[735,754,15],"product_tag":[],"class_list":{"0":"post-103263","1":"product","2":"type-product","3":"status-publish","4":"has-post-thumbnail","6":"product_brand-georgia-ramon","7":"product_cat-bio","8":"product_cat-herkunftschokolade","9":"product_cat-schokolade","10":"infinite-scroll-item","11":"resize-featured-image","12":"sales-flash-overlay","13":"woocommerce-text-align-center","14":"woocommerce-image-align-center","15":"wc-has-gallery","17":"first","18":"instock","19":"shipping-taxable","20":"purchasable","21":"product-type-simple"},"_links":{"self":[{"href":"https:\/\/clearchox.com\/de\/wp-json\/wp\/v2\/product\/103263","targetHints":{"allow":["GET"]}}],"collection":[{"href":"https:\/\/clearchox.com\/de\/wp-json\/wp\/v2\/product"}],"about":[{"href":"https:\/\/clearchox.com\/de\/wp-json\/wp\/v2\/types\/product"}],"replies":[{"embeddable":true,"href":"https:\/\/clearchox.com\/de\/wp-json\/wp\/v2\/comments?post=103263"}],"wp:featuredmedia":[{"embeddable":true,"href":"https:\/\/clearchox.com\/de\/wp-json\/wp\/v2\/media\/115697"}],"wp:attachment":[{"href":"https:\/\/clearchox.com\/de\/wp-json\/wp\/v2\/media?parent=103263"}],"wp:term":[{"taxonomy":"product_brand","embeddable":true,"href":"https:\/\/clearchox.com\/de\/wp-json\/wp\/v2\/product_brand?post=103263"},{"taxonomy":"product_cat","embeddable":true,"href":"https:\/\/clearchox.com\/de\/wp-json\/wp\/v2\/product_cat?post=103263"},{"taxonomy":"product_tag","embeddable":true,"href":"https:\/\/clearchox.com\/de\/wp-json\/wp\/v2\/product_tag?post=103263"}],"curies":[{"name":"wp","href":"https:\/\/api.w.org\/{rel}","templated":true}]}}