{"id":103264,"date":"2020-07-23T08:51:38","date_gmt":"2020-07-23T08:51:38","guid":{"rendered":"https:\/\/clearchox.com\/de\/shop\/georgia-ramon-brasil-60-bio\/"},"modified":"2026-04-23T07:34:20","modified_gmt":"2026-04-23T07:34:20","slug":"georgia-ramon-brasil-60-bio","status":"publish","type":"product","link":"https:\/\/clearchox.com\/de\/shop\/georgia-ramon-brasil-60-bio\/","title":{"rendered":"Georgia Ramon Brasilien 60% Vollmilch BIO"},"content":{"rendered":"<p>Der Kakao f\u00fcr diese Tafel ist von der Sorte Trinitario und stammt aus dem brasilianischen Amazonas. Er wird von COOPOAM, der <a href=\"https:\/\/www.facebook.com\/Cooperativa-de-Produtos-Org%C3%A2nicos-da-Amaz%C3%B4nia-Coopoam-478365076000212\/\" target=\"_blank\" rel=\"noopener noreferrer\"><strong>Coo<\/strong>perativa de <strong>P<\/strong>rodutos <strong>O<\/strong>rg\u00e2nicos da <strong>Am<\/strong>az\u00f4nia<\/a>\u00a0geliefert.<\/p>\n<p>Die Kooperative hat ihren Sitz auf der Rodovia Transamaz\u00f4nica bei Kilometer 100. Diese Stra\u00dfe f\u00fchrt mitten durch den Amazonas-Regenwald. Der Kakaobaum, der hier oben abgebildet ist, liegt noch weitere 30 km tiefer im Regenwald und geh\u00f6rt zum Einzugsgebiet der Kooperative.<\/p>\n<p><strong>Aroma<\/strong>: Honig, ger\u00f6stete N\u00fcsse, reife Fr\u00fcchte (Feigen, Pflaumen, Johannisbeere), Kaffee.<br \/>\n<strong>Zutaten<\/strong>: Kakaomasse, Kakaobutter, Voll<span style=\"color: #993300\"><strong><em>milch<\/em><\/strong><\/span>pulver, Rohrohrzucker.<\/p>\n<p>Garantiert glutenfrei<br \/>\n<span style=\"color: #993300\"><em><strong>Enth\u00e4lt Milch. Kann Spuren von Schalenfr\u00fcchten enthalten.<\/strong><\/em><\/span><\/p>\n<table border=\"0\" width=\"593\" cellspacing=\"0\" cellpadding=\"0\">\n<colgroup>\n<col width=\"333\" \/>\n<col width=\"260\" \/><\/colgroup>\n<tbody>\n<tr>\n<td class=\"xl68\" width=\"333\" height=\"15\"><strong>N\u00e4hrwerte<\/strong><\/td>\n<td class=\"xl66\" width=\"260\"><strong>pro 100 g<\/strong><\/td>\n<\/tr>\n<tr>\n<td class=\"xl64\" height=\"15\">Energie<\/td>\n<td class=\"xl65\">601 kcal\/ 2517 kj<\/td>\n<\/tr>\n<tr>\n<td class=\"xl64\" height=\"15\">Fett<\/td>\n<td class=\"xl65\">47 g<\/td>\n<\/tr>\n<tr>\n<td class=\"xl64\" height=\"15\">davon ges\u00e4ttigte Fetts\u00e4uren<\/td>\n<td class=\"xl65\">34 g<\/td>\n<\/tr>\n<tr>\n<td class=\"xl64\" height=\"15\">Kohlenhydrate<\/td>\n<td class=\"xl65\">34 g<\/td>\n<\/tr>\n<tr>\n<td class=\"xl64\" height=\"15\">davon Zucker<\/td>\n<td class=\"xl65\">29 g<\/td>\n<\/tr>\n<tr>\n<td class=\"xl64\" height=\"15\">Eiweiss<\/td>\n<td class=\"xl65\">9 g<\/td>\n<\/tr>\n<tr>\n<td class=\"xl67\" height=\"15\">Salz<\/td>\n<td class=\"xl63\">0,26 g<\/td>\n<\/tr>\n<\/tbody>\n<\/table>\n<p>&nbsp;<\/p>\n","protected":false},"excerpt":{"rendered":"<p>Diese dunkle Vollmilch-Schokolade ist ein perfektes Beispiel daf\u00fcr, warum erdiger brasilianischer Kakao und s\u00fc\u00dfe cremige Milch von vielen als ein himmlisches Spiel angesehen werden.<\/p>\n","protected":false},"featured_media":115698,"comment_status":"open","ping_status":"closed","template":"","meta":[],"product_brand":[77],"product_cat":[735,754,15],"product_tag":[],"class_list":{"0":"post-103264","1":"product","2":"type-product","3":"status-publish","4":"has-post-thumbnail","6":"product_brand-georgia-ramon","7":"product_cat-bio","8":"product_cat-herkunftschokolade","9":"product_cat-schokolade","10":"infinite-scroll-item","11":"resize-featured-image","12":"sales-flash-overlay","13":"woocommerce-text-align-center","14":"woocommerce-image-align-center","15":"wc-has-gallery","17":"first","18":"instock","19":"shipping-taxable","20":"purchasable","21":"product-type-simple"},"_links":{"self":[{"href":"https:\/\/clearchox.com\/de\/wp-json\/wp\/v2\/product\/103264","targetHints":{"allow":["GET"]}}],"collection":[{"href":"https:\/\/clearchox.com\/de\/wp-json\/wp\/v2\/product"}],"about":[{"href":"https:\/\/clearchox.com\/de\/wp-json\/wp\/v2\/types\/product"}],"replies":[{"embeddable":true,"href":"https:\/\/clearchox.com\/de\/wp-json\/wp\/v2\/comments?post=103264"}],"wp:featuredmedia":[{"embeddable":true,"href":"https:\/\/clearchox.com\/de\/wp-json\/wp\/v2\/media\/115698"}],"wp:attachment":[{"href":"https:\/\/clearchox.com\/de\/wp-json\/wp\/v2\/media?parent=103264"}],"wp:term":[{"taxonomy":"product_brand","embeddable":true,"href":"https:\/\/clearchox.com\/de\/wp-json\/wp\/v2\/product_brand?post=103264"},{"taxonomy":"product_cat","embeddable":true,"href":"https:\/\/clearchox.com\/de\/wp-json\/wp\/v2\/product_cat?post=103264"},{"taxonomy":"product_tag","embeddable":true,"href":"https:\/\/clearchox.com\/de\/wp-json\/wp\/v2\/product_tag?post=103264"}],"curies":[{"name":"wp","href":"https:\/\/api.w.org\/{rel}","templated":true}]}}