{"id":106883,"date":"2020-08-07T11:35:36","date_gmt":"2020-08-07T11:35:36","guid":{"rendered":"https:\/\/clearchox.com\/de\/?post_type=product&#038;p=106883"},"modified":"2026-04-23T07:34:30","modified_gmt":"2026-04-23T07:34:30","slug":"definite-dunkle-90","status":"publish","type":"product","link":"https:\/\/clearchox.com\/de\/shop\/definite-dunkle-90\/","title":{"rendered":"Definite dunkle 90% Bhonacao"},"content":{"rendered":"<p class=\"elementtoproof\"><span style=\"font-size: 11pt; color: #000000;\">Definite kreiert eine Reihe purer dunkler Schokoladentafeln, die die einzigartigen Geschmacksnoten der verschiedenen Regionen der Dominikanischen Republik hervorheben sollen. Durch die ausschlie\u00dfliche Verwendung von Kakao und Zucker entsteht eine m\u00f6glichst nat\u00fcrliche und reine Schokolade.<\/span><\/p>\n<p><span style=\"font-size: 11pt; color: #000000;\">Seit 2024 stammt der Bio-Kakao f\u00fcr diese 90% Tafel aus Bhonacao, gelegen in Paraiso in der s\u00fcdwestlichen Ecke der Dominikanischen Republik, wo das Klima tropisch und die Str\u00e4nde wei\u00df sind.<\/span><\/p>\n<p><span style=\"font-size: 11pt; color: #000000;\">Bhonacao pflegt durch Schulungen und Zertifizierungen, wie zum Beispiel Rainforest, eine enge Beziehung zu seinen Kakaobauern. Dar\u00fcber hinaus unterst\u00fctzt es die produzierenden Gemeinden der Region durch die Entwicklung sozialer Projekte und stellt diesem Zweck 10% seiner j\u00e4hrlichen Nettomarge zur Verf\u00fcgung. Die Fermentation erfolgt sechs Tage lang in Holzkisten und die Trocknung der Bohnen dauert zwischen acht und zehn Tagen.<\/span><\/p>\n<p><strong>Geschmacksprofil<\/strong>: <span style=\"font-size: 11.0pt;\">Zitrusfr\u00fcchte, N\u00fcsse.<\/span><\/p>\n<p><strong>Zutaten:<\/strong> Kakaomasse, Rohrzucker<\/p>\n<p><span style=\"color: #993300;\"><em><strong><span class=\"tlid-translation translation\" lang=\"de\"><span class=\"\" title=\"\">Kann Spuren von Milch und N\u00fcssen enthalten.<\/span><\/span><\/strong><\/em><\/span><\/p>\n<table border=\"0\" width=\"593\" cellspacing=\"0\" cellpadding=\"0\">\n<colgroup>\n<col width=\"333\" \/>\n<col width=\"260\" \/><\/colgroup>\n<tbody>\n<tr>\n<td class=\"xl68\" width=\"333\" height=\"15\"><strong>Nutrition values\/N\u00e4hrwerte\/Voedingswaarde<\/strong><\/td>\n<td class=\"xl66\" width=\"260\"><strong>per\/pro\/per 100 g<\/strong><\/td>\n<\/tr>\n<tr>\n<td class=\"xl64\" height=\"15\">Energy\/Energie<\/td>\n<td class=\"xl65\">607,2 kcal\/ 2541 kJ<\/td>\n<\/tr>\n<tr>\n<td class=\"xl64\" height=\"15\">Fat\/Fett\/vetten<\/td>\n<td class=\"xl65\">45 g<\/td>\n<\/tr>\n<tr>\n<td class=\"xl64\" height=\"15\">of which saturated\/davon ges\u00e4ttigte Fetts\u00e4uren\/waarvan verzadigd<\/td>\n<td class=\"xl65\">27 g<\/td>\n<\/tr>\n<tr>\n<td class=\"xl64\" height=\"15\">Carbonhydrates\/Kohlenhydrate\/koolhydraten<\/td>\n<td class=\"xl65\">43,3 g<\/td>\n<\/tr>\n<tr>\n<td class=\"xl64\" height=\"15\">of which sugar\/davon Zucker\/waarvan suiker<\/td>\n<td class=\"xl65\">10 g<\/td>\n<\/tr>\n<tr>\n<td class=\"xl64\" height=\"15\">Proteins\/Eiweiss\/eiwitten<\/td>\n<td class=\"xl65\">11,7 g<\/td>\n<\/tr>\n<tr>\n<td class=\"xl67\" height=\"15\">Salt\/Salz\/zout<\/td>\n<td class=\"xl63\">0 mg<\/td>\n<\/tr>\n<\/tbody>\n<\/table>\n","protected":false},"excerpt":{"rendered":"<p class=\"elementtoproof\"><span style=\"font-size: 11.0pt;\">Bhonacaos Bio-Kakao stammt aus der Region Paraiso, im S\u00fcden des Landes. Elegante Zitrusnoten und Nussaromen pr\u00e4gen den feinen Geschmack dieser dunklen Schokolade.\u00a0<\/span><\/p>\n","protected":false},"featured_media":134781,"comment_status":"open","ping_status":"closed","template":"","meta":[],"product_brand":[758],"product_cat":[754,15,736],"product_tag":[1206,1241],"class_list":{"0":"post-106883","1":"product","2":"type-product","3":"status-publish","4":"has-post-thumbnail","6":"product_brand-definite-chocolate","7":"product_cat-herkunftschokolade","8":"product_cat-schokolade","9":"product_cat-vegan","10":"product_tag-dunkel","11":"product_tag-paraiso","12":"infinite-scroll-item","13":"resize-featured-image","14":"sales-flash-overlay","15":"woocommerce-text-align-center","16":"woocommerce-image-align-center","17":"wc-has-gallery","19":"first","20":"instock","21":"shipping-taxable","22":"purchasable","23":"product-type-simple"},"_links":{"self":[{"href":"https:\/\/clearchox.com\/de\/wp-json\/wp\/v2\/product\/106883","targetHints":{"allow":["GET"]}}],"collection":[{"href":"https:\/\/clearchox.com\/de\/wp-json\/wp\/v2\/product"}],"about":[{"href":"https:\/\/clearchox.com\/de\/wp-json\/wp\/v2\/types\/product"}],"replies":[{"embeddable":true,"href":"https:\/\/clearchox.com\/de\/wp-json\/wp\/v2\/comments?post=106883"}],"wp:featuredmedia":[{"embeddable":true,"href":"https:\/\/clearchox.com\/de\/wp-json\/wp\/v2\/media\/134781"}],"wp:attachment":[{"href":"https:\/\/clearchox.com\/de\/wp-json\/wp\/v2\/media?parent=106883"}],"wp:term":[{"taxonomy":"product_brand","embeddable":true,"href":"https:\/\/clearchox.com\/de\/wp-json\/wp\/v2\/product_brand?post=106883"},{"taxonomy":"product_cat","embeddable":true,"href":"https:\/\/clearchox.com\/de\/wp-json\/wp\/v2\/product_cat?post=106883"},{"taxonomy":"product_tag","embeddable":true,"href":"https:\/\/clearchox.com\/de\/wp-json\/wp\/v2\/product_tag?post=106883"}],"curies":[{"name":"wp","href":"https:\/\/api.w.org\/{rel}","templated":true}]}}