{"id":106895,"date":"2020-08-07T11:42:16","date_gmt":"2020-08-07T11:42:16","guid":{"rendered":"https:\/\/clearchox.com\/de\/?post_type=product&#038;p=106895"},"modified":"2026-04-23T07:34:32","modified_gmt":"2026-04-23T07:34:32","slug":"definite-pure-100","status":"publish","type":"product","link":"https:\/\/clearchox.com\/de\/shop\/definite-pure-100\/","title":{"rendered":"Definite pure 100% Zorzal"},"content":{"rendered":"<p>Der Bio-Kakao f\u00fcr diese Tafel stammt von <a href=\"https:\/\/zorzalcacao.com\/\" target=\"_blank\" rel=\"noopener noreferrer\">Zorzal Cacao<\/a>. In ihrem 1.019 Hektar gro\u00dfen Vogelschutzgebiet in den n\u00f6rdlichen Bergen der Dominikanischen Republik produzieren sie fein-w\u00fcrzigen Bio-Kakao. Ihre Vision und ihre F\u00fcrsorge um die Natur spiegeln sich in der seltenen Zwergdrossel des wandernden Singvogels Bicknell wider, der auf Hispaniola (der Insel mit der Dominikanischen Republik und Haiti) Winterschlaf h\u00e4lt. Zorzal ist das spanische Wort f\u00fcr Zwergdrossel.<\/p>\n<p><strong>Geschmackprofil<\/strong>: <span class=\"tlid-translation translation\" lang=\"de\"><span class=\"\" title=\"\">rote Fr\u00fcchte, schwarzer Tee<\/span><\/span><\/p>\n<p><strong>Zutaten:<\/strong> Kakaomasse BIO<\/p>\n<p><span style=\"color: #993300;\"><em><strong><span class=\"tlid-translation translation\" lang=\"de\"><span class=\"\" title=\"\">Kann Spuren von Milch und N\u00fcssen enthalten.<\/span><\/span><\/strong><\/em><\/span><\/p>\n<table border=\"0\" width=\"593\" cellspacing=\"0\" cellpadding=\"0\">\n<colgroup>\n<col width=\"333\" \/>\n<col width=\"260\" \/><\/colgroup>\n<tbody>\n<tr>\n<td class=\"xl68\" width=\"333\" height=\"15\"><strong>Nutrition values\/N\u00e4hrwerte\/Voedingswaarde<\/strong><\/td>\n<td class=\"xl66\" width=\"260\"><strong>per\/pro\/per 100 g<\/strong><\/td>\n<\/tr>\n<tr>\n<td class=\"xl64\" height=\"15\">Energy\/Energie<\/td>\n<td class=\"xl65\">633 kcal\/ 2650 kJ<\/td>\n<\/tr>\n<tr>\n<td class=\"xl64\" height=\"15\">Fat\/Fett\/vetten<\/td>\n<td class=\"xl65\">50 g<\/td>\n<\/tr>\n<tr>\n<td class=\"xl64\" height=\"15\">of which saturated\/davon ges\u00e4ttigte Fetts\u00e4uren\/waarvan verzadigd<\/td>\n<td class=\"xl65\">30 g<\/td>\n<\/tr>\n<tr>\n<td class=\"xl64\" height=\"15\">Carbonhydrates\/Kohlenhydrate\/koolhydraten<\/td>\n<td class=\"xl65\">37 g<\/td>\n<\/tr>\n<tr>\n<td class=\"xl64\" height=\"15\">of which sugar\/davon Zucker\/waarvan suiker<\/td>\n<td class=\"xl65\">0 g<\/td>\n<\/tr>\n<tr>\n<td class=\"xl64\" height=\"15\">Proteins\/Eiweiss\/eiwitten<\/td>\n<td class=\"xl65\">13 g<\/td>\n<\/tr>\n<tr>\n<td class=\"xl67\" height=\"15\">Salt\/Salz\/zout<\/td>\n<td class=\"xl63\">0 mg<\/td>\n<\/tr>\n<\/tbody>\n<\/table>\n","protected":false},"excerpt":{"rendered":"<p>Der Kakao dieser Tafel stammt von Zorzal Kacao, einer Agroforstumgebung und einem Vogelschutzgebiet von \u00fcber 1.100 Hektar. Sie schmecken die Natur in dieser feinen, robusten 100% Tafel.<\/p>\n","protected":false},"featured_media":134791,"comment_status":"open","ping_status":"closed","template":"","meta":[],"product_brand":[758],"product_cat":[754,15,736],"product_tag":[],"class_list":{"0":"post-106895","1":"product","2":"type-product","3":"status-publish","4":"has-post-thumbnail","6":"product_brand-definite-chocolate","7":"product_cat-herkunftschokolade","8":"product_cat-schokolade","9":"product_cat-vegan","10":"infinite-scroll-item","11":"resize-featured-image","12":"sales-flash-overlay","13":"woocommerce-text-align-center","14":"woocommerce-image-align-center","15":"wc-has-gallery","17":"first","18":"instock","19":"shipping-taxable","20":"purchasable","21":"product-type-simple"},"_links":{"self":[{"href":"https:\/\/clearchox.com\/de\/wp-json\/wp\/v2\/product\/106895","targetHints":{"allow":["GET"]}}],"collection":[{"href":"https:\/\/clearchox.com\/de\/wp-json\/wp\/v2\/product"}],"about":[{"href":"https:\/\/clearchox.com\/de\/wp-json\/wp\/v2\/types\/product"}],"replies":[{"embeddable":true,"href":"https:\/\/clearchox.com\/de\/wp-json\/wp\/v2\/comments?post=106895"}],"wp:featuredmedia":[{"embeddable":true,"href":"https:\/\/clearchox.com\/de\/wp-json\/wp\/v2\/media\/134791"}],"wp:attachment":[{"href":"https:\/\/clearchox.com\/de\/wp-json\/wp\/v2\/media?parent=106895"}],"wp:term":[{"taxonomy":"product_brand","embeddable":true,"href":"https:\/\/clearchox.com\/de\/wp-json\/wp\/v2\/product_brand?post=106895"},{"taxonomy":"product_cat","embeddable":true,"href":"https:\/\/clearchox.com\/de\/wp-json\/wp\/v2\/product_cat?post=106895"},{"taxonomy":"product_tag","embeddable":true,"href":"https:\/\/clearchox.com\/de\/wp-json\/wp\/v2\/product_tag?post=106895"}],"curies":[{"name":"wp","href":"https:\/\/api.w.org\/{rel}","templated":true}]}}