{"id":107003,"date":"2020-08-07T11:21:21","date_gmt":"2020-08-07T11:21:21","guid":{"rendered":"https:\/\/clearchox.com\/de\/?post_type=product&#038;p=107003"},"modified":"2026-04-24T11:03:39","modified_gmt":"2026-04-24T11:03:39","slug":"definite-kaffee-und-meersalz-65","status":"publish","type":"product","link":"https:\/\/clearchox.com\/de\/shop\/definite-kaffee-und-meersalz-65\/","title":{"rendered":"Definite Kaffee und Meersalz 65%"},"content":{"rendered":"<p>Der Bio-Kakao f\u00fcr diese Tafel stammt von der Finca Elvesia (El Valle, Provinz Hato Mayor). Dieser Bauernhof liegt inmitten sanfter H\u00fcgel, weit weg von tropischen Str\u00e4nden und beliebten Ferienorten. Die Farm befindet sich in der landwirtschaftlichen Gemeinde El Valle und erstreckt sich \u00fcber mehr als 150 Hektar fruchtbares Land. Die Finca Elvesia ist ein botanischer Garten mit allen Arten von Kakaosorten, die Mitte des 17. Jahrhunderts haupts\u00e4chlich aus Venezuela stammten. Es f\u00fchlt sich an, als betrete man ein anderes Universum &#8211; einen friedlichen Kosmos von Kakaob\u00e4umen, aus denen rote, orange, gelbe und gr\u00fcne Schoten aller Formen und Gr\u00f6\u00dfen sprie\u00dfen.<\/p>\n<p>Es ist kein Zufall, dass die Finca Elvesia als eine der besonderen Farmen in der Dominikanischen Republik gilt.<\/p>\n<p>Die Farm hat im Laufe der Jahre mehrmals den Besitzer gewechselt. Heute ist es Ramon Lopez. Ramon wuchs in El Cibao auf, dem Herzen des dominikanischen Kakaosektors. Er wird von Isidro Castillo unterst\u00fctzt und besch\u00e4ftigt rund 35 Mitarbeiter.<\/p>\n<p>Der Kaffee in dieser Tafel ist eine <a href=\"https:\/\/www.casabaristacoffee.com\/\" target=\"_blank\" rel=\"noopener noreferrer\">Casa Barista<\/a> Hausmischung aus Bohnen von Jarabacoa und Barahona.<\/p>\n<p><strong>Geschmacksprofil<\/strong>: Datteln, Karamell, N\u00fcsse<\/p>\n<p><strong>Zutaten:<\/strong> Kakaomasse, Rohrzucker, Kakaobutter, Kaffeebohnen, Meersalz<\/p>\n<p><strong><em><span style=\"color: #993300;\"><span class=\"tlid-translation translation\" lang=\"de\"><span class=\"\" title=\"\">Kann Spuren von Milch und N\u00fcssen enthalten.<\/span><\/span><\/span><\/em><br \/>\n<\/strong><\/p>\n<table border=\"0\" width=\"593\" cellspacing=\"0\" cellpadding=\"0\">\n<colgroup>\n<col width=\"333\" \/>\n<col width=\"260\" \/><\/colgroup>\n<tbody>\n<tr>\n<td class=\"xl68\" width=\"333\" height=\"15\"><strong>Nutrition values\/N\u00e4hrwerte\/Voedingswaarde<\/strong><\/td>\n<td class=\"xl66\" width=\"260\"><strong>per\/pro\/per 100 g<\/strong><\/td>\n<\/tr>\n<tr>\n<td class=\"xl64\" height=\"15\">Energy\/Energie<\/td>\n<td class=\"xl65\">558,5 kcal\/ 2336 kJ<\/td>\n<\/tr>\n<tr>\n<td class=\"xl64\" height=\"15\">Fat\/Fett\/vetten<\/td>\n<td class=\"xl65\">36,3 g<\/td>\n<\/tr>\n<tr>\n<td class=\"xl64\" height=\"15\">of which saturated\/davon ges\u00e4ttigte Fetts\u00e4uren\/waarvan verzadigd<\/td>\n<td class=\"xl65\">21,6 g<\/td>\n<\/tr>\n<tr>\n<td class=\"xl64\" height=\"15\">Carbonhydrates\/Kohlenhydrate\/koolhydraten<\/td>\n<td class=\"xl65\">54,5 g<\/td>\n<\/tr>\n<tr>\n<td class=\"xl64\" height=\"15\">of which sugar\/davon Zucker\/waarvan suiker<\/td>\n<td class=\"xl65\">32,5 g<\/td>\n<\/tr>\n<tr>\n<td class=\"xl64\" height=\"15\">Proteins\/Eiweiss\/eiwitten<\/td>\n<td class=\"xl65\">7,7 g<\/td>\n<\/tr>\n<tr>\n<td class=\"xl67\" height=\"15\">Salt\/Salz\/zout<\/td>\n<td class=\"xl63\">0,5 g<\/td>\n<\/tr>\n<\/tbody>\n<\/table>\n","protected":false},"excerpt":{"rendered":"<p>Der Kakao in dieser Tafel stammt von der Finca Elvesia, einem einzigartigen botanischen Garten mit Kakaosorten aus dem 17. Jahrhundert. Es wird mit wundersch\u00f6nem dominikanischen Kaffee und einem Hauch von Meersalz kombiniert.<\/p>\n","protected":false},"featured_media":134785,"comment_status":"open","ping_status":"closed","template":"","meta":[],"product_brand":[758],"product_cat":[754,15,736],"product_tag":[],"class_list":{"0":"post-107003","1":"product","2":"type-product","3":"status-publish","4":"has-post-thumbnail","6":"product_brand-definite-chocolate","7":"product_cat-herkunftschokolade","8":"product_cat-schokolade","9":"product_cat-vegan","10":"infinite-scroll-item","11":"resize-featured-image","12":"sales-flash-overlay","13":"woocommerce-text-align-center","14":"woocommerce-image-align-center","15":"wc-has-gallery","17":"first","18":"instock","19":"shipping-taxable","20":"purchasable","21":"product-type-simple"},"_links":{"self":[{"href":"https:\/\/clearchox.com\/de\/wp-json\/wp\/v2\/product\/107003","targetHints":{"allow":["GET"]}}],"collection":[{"href":"https:\/\/clearchox.com\/de\/wp-json\/wp\/v2\/product"}],"about":[{"href":"https:\/\/clearchox.com\/de\/wp-json\/wp\/v2\/types\/product"}],"replies":[{"embeddable":true,"href":"https:\/\/clearchox.com\/de\/wp-json\/wp\/v2\/comments?post=107003"}],"wp:featuredmedia":[{"embeddable":true,"href":"https:\/\/clearchox.com\/de\/wp-json\/wp\/v2\/media\/134785"}],"wp:attachment":[{"href":"https:\/\/clearchox.com\/de\/wp-json\/wp\/v2\/media?parent=107003"}],"wp:term":[{"taxonomy":"product_brand","embeddable":true,"href":"https:\/\/clearchox.com\/de\/wp-json\/wp\/v2\/product_brand?post=107003"},{"taxonomy":"product_cat","embeddable":true,"href":"https:\/\/clearchox.com\/de\/wp-json\/wp\/v2\/product_cat?post=107003"},{"taxonomy":"product_tag","embeddable":true,"href":"https:\/\/clearchox.com\/de\/wp-json\/wp\/v2\/product_tag?post=107003"}],"curies":[{"name":"wp","href":"https:\/\/api.w.org\/{rel}","templated":true}]}}