{"id":107329,"date":"2020-08-07T08:36:40","date_gmt":"2020-08-07T08:36:40","guid":{"rendered":"https:\/\/clearchox.com\/de\/?post_type=product&#038;p=107329"},"modified":"2026-04-24T11:03:42","modified_gmt":"2026-04-24T11:03:42","slug":"definite-cashewmilch-und-karamellisierte-mandeln-55","status":"publish","type":"product","link":"https:\/\/clearchox.com\/de\/shop\/definite-cashewmilch-und-karamellisierte-mandeln-55\/","title":{"rendered":"Definite Cashewmylch und karamellisierte Mandeln 55%"},"content":{"rendered":"<p>Der biologisch angebaute Kakao f\u00fcr diese Tafel stammt von <a href=\"http:\/\/www.valdezcacao.com.do\/\" target=\"_blank\" rel=\"noopener noreferrer\">Valdez Cacao<\/a>. Dieses Familienunternehmen hat seine Farm in Castillo (Provinz Duarte). Mehr als 60% des gesamten dominikanischen Kakaos wird in dieser Region angebaut. Valdez Cacao wurde 1961 von Porfirio Valdez gegr\u00fcndet. Er begann klein, kaufte mit dem Geld, das er verdiente, Landst\u00fccke und entwickelte sein Unternehmen langsam zu einer der f\u00fchrenden Farmen im Kakaoanbau.<\/p>\n<p>Valdez Cacao engagiert sich sozial f\u00fcr die lokale Bev\u00f6lkerung. Sie bietet Arbeit, leistet soziale Dienste, baute zwei Aqu\u00e4dukte, ein Baseballfeld und verbindet die Grundschule mit dem Internet.<\/p>\n<p><strong>Geschmacksprofil<\/strong>:<\/p>\n<p><strong>Zutaten:<\/strong> Kakaobohnen, Rohrzucker, Kakaobutter, <span style=\"color: #993300;\"><em><strong>Cashew<\/strong><\/em><\/span>drinkpulver, <span style=\"color: #993300;\"><em><strong>Mandeln<\/strong><\/em><\/span>, Zimt, Muskatnuss, Kardamom, Ingwer, s\u00fc\u00dfe Nelken<\/p>\n<p><span style=\"color: #993300;\"><em><strong><span lang=\"de\"><span title=\"\">Enth\u00e4lt Cashews, kann Spuren von Kuhmilch enthalten.<\/span><\/span><\/strong><\/em><\/span><\/p>\n<table border=\"0\" width=\"593\" cellspacing=\"0\" cellpadding=\"0\">\n<colgroup>\n<col width=\"333\" \/>\n<col width=\"260\" \/><\/colgroup>\n<tbody>\n<tr>\n<td class=\"xl68\" width=\"333\" height=\"15\"><strong>Nutrition values\/N\u00e4hrwerte\/Voedingswaarde<\/strong><\/td>\n<td class=\"xl66\" width=\"260\"><strong>per\/pro\/per 100 g<\/strong><\/td>\n<\/tr>\n<tr>\n<td class=\"xl64\" height=\"15\">Energy\/Energie<\/td>\n<td class=\"xl65\">568,5 kcal\/ 2378 kJ<\/td>\n<\/tr>\n<tr>\n<td class=\"xl64\" height=\"15\">Fat\/Fett\/vetten<\/td>\n<td class=\"xl65\">37,1 g<\/td>\n<\/tr>\n<tr>\n<td class=\"xl64\" height=\"15\">of which saturated\/davon ges\u00e4ttigte Fetts\u00e4uren\/waarvan verzadigd<\/td>\n<td class=\"xl65\">19,6 g<\/td>\n<\/tr>\n<tr>\n<td class=\"xl64\" height=\"15\">Carbonhydrates\/Kohlenhydrate\/koolhydraten<\/td>\n<td class=\"xl65\">53,4 g<\/td>\n<\/tr>\n<tr>\n<td class=\"xl64\" height=\"15\">of which sugar\/davon Zucker\/waarvan suiker<\/td>\n<td class=\"xl65\">35,6 g<\/td>\n<\/tr>\n<tr>\n<td class=\"xl64\" height=\"15\">Proteins\/Eiweiss\/eiwitten<\/td>\n<td class=\"xl65\">7,4 g<\/td>\n<\/tr>\n<tr>\n<td class=\"xl67\" height=\"15\">Salt\/Salz\/zout<\/td>\n<td class=\"xl63\">0 g<\/td>\n<\/tr>\n<\/tbody>\n<\/table>\n","protected":false},"excerpt":{"rendered":"<p>Mylchschokolade aus Cashews, k\u00f6stlich karamellisierten Mandeln und Kr\u00e4utern. Die karibische K\u00fcche in einer feinen Tafel Schokolade!<\/p>\n","protected":false},"featured_media":134782,"comment_status":"open","ping_status":"closed","template":"","meta":[],"product_brand":[758],"product_cat":[15,736],"product_tag":[],"class_list":{"0":"post-107329","1":"product","2":"type-product","3":"status-publish","4":"has-post-thumbnail","6":"product_brand-definite-chocolate","7":"product_cat-schokolade","8":"product_cat-vegan","9":"infinite-scroll-item","10":"resize-featured-image","11":"sales-flash-overlay","12":"woocommerce-text-align-center","13":"woocommerce-image-align-center","14":"wc-has-gallery","16":"first","17":"instock","18":"shipping-taxable","19":"purchasable","20":"product-type-simple"},"_links":{"self":[{"href":"https:\/\/clearchox.com\/de\/wp-json\/wp\/v2\/product\/107329","targetHints":{"allow":["GET"]}}],"collection":[{"href":"https:\/\/clearchox.com\/de\/wp-json\/wp\/v2\/product"}],"about":[{"href":"https:\/\/clearchox.com\/de\/wp-json\/wp\/v2\/types\/product"}],"replies":[{"embeddable":true,"href":"https:\/\/clearchox.com\/de\/wp-json\/wp\/v2\/comments?post=107329"}],"wp:featuredmedia":[{"embeddable":true,"href":"https:\/\/clearchox.com\/de\/wp-json\/wp\/v2\/media\/134782"}],"wp:attachment":[{"href":"https:\/\/clearchox.com\/de\/wp-json\/wp\/v2\/media?parent=107329"}],"wp:term":[{"taxonomy":"product_brand","embeddable":true,"href":"https:\/\/clearchox.com\/de\/wp-json\/wp\/v2\/product_brand?post=107329"},{"taxonomy":"product_cat","embeddable":true,"href":"https:\/\/clearchox.com\/de\/wp-json\/wp\/v2\/product_cat?post=107329"},{"taxonomy":"product_tag","embeddable":true,"href":"https:\/\/clearchox.com\/de\/wp-json\/wp\/v2\/product_tag?post=107329"}],"curies":[{"name":"wp","href":"https:\/\/api.w.org\/{rel}","templated":true}]}}