{"id":107343,"date":"2020-08-07T08:21:02","date_gmt":"2020-08-07T08:21:02","guid":{"rendered":"https:\/\/clearchox.com\/de\/?post_type=product&#038;p=107343"},"modified":"2026-04-24T11:03:44","modified_gmt":"2026-04-24T11:03:44","slug":"definite-dunkle-75-mit-dominikanischem-rum","status":"publish","type":"product","link":"https:\/\/clearchox.com\/de\/shop\/definite-dunkle-75-mit-dominikanischem-rum\/","title":{"rendered":"Definite dunkle 75% mit dominikanischem Rum"},"content":{"rendered":"<p>Der Bio-Kakao f\u00fcr diese Tafel stammt von der Finca Elvesia (El Valle, Provinz Hato Mayor). Dieser Bauernhof liegt inmitten sanfter H\u00fcgel, weit weg von tropischen Str\u00e4nden und beliebten Ferienorten. Die Farm befindet sich in der landwirtschaftlichen Gemeinde El Valle und erstreckt sich \u00fcber mehr als 150 Hektar produktives Land. Die Finca Elvesia ist ein botanischer Garten mit allen Arten von Kakaosorten, die Mitte des 17. Jahrhunderts haupts\u00e4chlich aus Venezuela stammten. Es f\u00fchlt sich an, als betrete man ein anderes Universum &#8211; einen friedlichen Kosmos von Kakaob\u00e4umen, aus denen rote, orange, gelbe und gr\u00fcne Schoten aller Formen und Gr\u00f6\u00dfen sprie\u00dfen.<\/p>\n<p>Es ist kein Zufall, dass die Finca Elvesia als eine der besonderen Farmen in der Dominikanischen Republik gilt.<\/p>\n<p>Die Farm hat im Laufe der Jahre mehrmals den Besitzer gewechselt. Heute ist es Ramon Lopez. Ramon wuchs in El Cibao auf, dem Herzen des dominikanischen Kakaosektors. Er wird von Isidro Castillo unterst\u00fctzt und besch\u00e4ftigt rund 35 Mitarbeiter.<\/p>\n<p>Der dominikanische Rum in dieser Tafel ist von <a href=\"https:\/\/www.brugal-rum.com\/en\" target=\"_blank\" rel=\"noopener\">Brugal<\/a>. Definite zieht die Kakaonibs einen Monat lang in Rum ein. Dann werden sie getrocknet und mit dem Zucker gemahlen.<\/p>\n<p><strong>Geschmacksnoten: <\/strong>Der s\u00fc\u00dfe, w\u00e4rmende Rumgeschmack verbindet sich gut mit den fruchtigen Noten und der angenehmen Bitterkeit der Schokolade.<\/p>\n<p><strong>Zutaten:<\/strong> Kakaomasse, Rohrzucker, Rum (&lt;1%)<\/p>\n<p><span style=\"color: #993300;\"><em><strong><span class=\"tlid-translation translation\" lang=\"de\"><span class=\"\" title=\"\">Kann N\u00fcsse und Milch enthalten.<\/span><\/span><\/strong><\/em><\/span><\/p>\n<table border=\"0\" width=\"593\" cellspacing=\"0\" cellpadding=\"0\">\n<colgroup>\n<col width=\"333\" \/>\n<col width=\"260\" \/><\/colgroup>\n<tbody>\n<tr>\n<td class=\"xl68\" width=\"333\" height=\"15\"><strong>Nutrition values\/N\u00e4hrwerte\/Voedingswaarde<\/strong><\/td>\n<td class=\"xl66\" width=\"260\"><strong>per\/pro\/per 100 g<\/strong><\/td>\n<\/tr>\n<tr>\n<td class=\"xl64\" height=\"15\">Energy\/Energie<\/td>\n<td class=\"xl65\">568,5 kcal\/ 2378 kJ<\/td>\n<\/tr>\n<tr>\n<td class=\"xl64\" height=\"15\">Fat\/Fett\/vetten<\/td>\n<td class=\"xl65\">37,5 g<\/td>\n<\/tr>\n<tr>\n<td class=\"xl64\" height=\"15\">of which saturated\/davon ges\u00e4ttigte Fetts\u00e4uren\/waarvan verzadigd<\/td>\n<td class=\"xl65\">22,5 g<\/td>\n<\/tr>\n<tr>\n<td class=\"xl64\" height=\"15\">Carbonhydrates\/Kohlenhydrate\/koolhydraten<\/td>\n<td class=\"xl65\">52,7 g<\/td>\n<\/tr>\n<tr>\n<td class=\"xl64\" height=\"15\">of which sugar\/davon Zucker\/waarvan suiker<\/td>\n<td class=\"xl65\">25 g<\/td>\n<\/tr>\n<tr>\n<td class=\"xl64\" height=\"15\">Proteins\/Eiweiss\/eiwitten<\/td>\n<td class=\"xl65\">9,7 g<\/td>\n<\/tr>\n<\/tbody>\n<\/table>\n","protected":false},"excerpt":{"rendered":"<p>Diese Tafel ist nicht zu verachten! Rum aus der Dominikanischen Republik mit Kakao von der Finca Elvesia, einem einzigartigen botanischen Garten mit Kakaosorten aus dem 17. Jahrhundert.<\/p>\n","protected":false},"featured_media":134786,"comment_status":"open","ping_status":"closed","template":"","meta":[],"product_brand":[758],"product_cat":[754,15,736],"product_tag":[1249],"class_list":{"0":"post-107343","1":"product","2":"type-product","3":"status-publish","4":"has-post-thumbnail","6":"product_brand-definite-chocolate","7":"product_cat-herkunftschokolade","8":"product_cat-schokolade","9":"product_cat-vegan","10":"product_tag-rum","11":"infinite-scroll-item","12":"resize-featured-image","13":"sales-flash-overlay","14":"woocommerce-text-align-center","15":"woocommerce-image-align-center","16":"wc-has-gallery","18":"first","19":"instock","20":"shipping-taxable","21":"purchasable","22":"product-type-simple"},"_links":{"self":[{"href":"https:\/\/clearchox.com\/de\/wp-json\/wp\/v2\/product\/107343","targetHints":{"allow":["GET"]}}],"collection":[{"href":"https:\/\/clearchox.com\/de\/wp-json\/wp\/v2\/product"}],"about":[{"href":"https:\/\/clearchox.com\/de\/wp-json\/wp\/v2\/types\/product"}],"replies":[{"embeddable":true,"href":"https:\/\/clearchox.com\/de\/wp-json\/wp\/v2\/comments?post=107343"}],"wp:featuredmedia":[{"embeddable":true,"href":"https:\/\/clearchox.com\/de\/wp-json\/wp\/v2\/media\/134786"}],"wp:attachment":[{"href":"https:\/\/clearchox.com\/de\/wp-json\/wp\/v2\/media?parent=107343"}],"wp:term":[{"taxonomy":"product_brand","embeddable":true,"href":"https:\/\/clearchox.com\/de\/wp-json\/wp\/v2\/product_brand?post=107343"},{"taxonomy":"product_cat","embeddable":true,"href":"https:\/\/clearchox.com\/de\/wp-json\/wp\/v2\/product_cat?post=107343"},{"taxonomy":"product_tag","embeddable":true,"href":"https:\/\/clearchox.com\/de\/wp-json\/wp\/v2\/product_tag?post=107343"}],"curies":[{"name":"wp","href":"https:\/\/api.w.org\/{rel}","templated":true}]}}