{"id":110633,"date":"2020-08-14T07:53:41","date_gmt":"2020-08-14T07:53:41","guid":{"rendered":"https:\/\/clearchox.com\/de\/?post_type=product&#038;p=110633"},"modified":"2026-04-24T11:03:45","modified_gmt":"2026-04-24T11:03:45","slug":"dunkel-mit-schwarzem-sesam-cashew-pili-nuesse-65","status":"publish","type":"product","link":"https:\/\/clearchox.com\/de\/shop\/dunkel-mit-schwarzem-sesam-cashew-pili-nuesse-65\/","title":{"rendered":"Theo &#038; Philo &#8211; Dunkel mit schwarzem Sesam, Cashew &#038; Pili-N\u00fcsse 65%"},"content":{"rendered":"<p>Wie die exotische Urlaub, von dem du immer getr\u00e4umt hast. Dunkle Schokolade gepaart mit schwarzer Sesampraline, Cashewn\u00fcssen und Pili-N\u00fcssen sorgt f\u00fcr einen fast s\u00fcndhaft verw\u00f6hnenden und knusprigen Genuss. Wenn ein sexy Abenteuer einen Geschmack h\u00e4tte, w\u00e4re es das.<\/p>\n<p>Die <a href=\"https:\/\/de.wikipedia.org\/wiki\/Canarium_ovatum\" target=\"_blank\" rel=\"noopener noreferrer\">Pilinuss<\/a> ist die Frucht eines urspr\u00fcnglich philippinischen Baumes. Die Samen (N\u00fcsse) werden oft mit Honig ger\u00f6stet und gegessen oder in S\u00fc\u00dfwaren verwendet. Wie in dieser Schokolade.<\/p>\n<p><strong>Kakao von Malabog<br \/>\n<\/strong>Theo &amp; Philo arbeitet mit Kakao aus dem Barangay Malabog, einer Gemeinschaft mit etwa 11.000 Einwohnern, die Teil von <a href=\"https:\/\/de.wikipedia.org\/wiki\/Davao_City\" target=\"_blank\" rel=\"noopener noreferrer\">Davao City<\/a> ist, der fl\u00e4chenm\u00e4\u00dfig gr\u00f6\u00dften Stadt der <a href=\"https:\/\/de.wikipedia.org\/wiki\/Philippinen\" target=\"_blank\" rel=\"noopener noreferrer\">Philippinen<\/a>. Alles in Davao City ist flach und sehr gr\u00fcn und erstreckt sich \u00fcber H\u00fcgellandschaften.<\/p>\n<p>In Malabog gibt es viele kleine Kakaobauern. Die Bedingungen f\u00fcr Kakao sind perfekt. Im Jahr 2019 gewann beispielsweise Nong Joe von 226 Teilnehmern aus 55 L\u00e4ndern den Preis f\u00fcr die besten Kakaobohnen der Welt bei <a href=\"http:\/\/www.cocoaofexcellence.org\/\" target=\"_blank\" rel=\"noopener noreferrer\">International Cocoa Awards (ICA)<\/a>.<\/p>\n<p>Philo Chua bezieht den Kakao in Zusammenarbeit mit der Organisation <a href=\"http:\/\/www.gk1world.com\/home\" target=\"_blank\" rel=\"noopener noreferrer\">Gawad Kalinga<\/a> von einer Gruppe von Bauern. Gawad Kalinga hilft Menschen aus der Armut.<br \/>\n(Barangay ist die kleinste politische Verwaltungseinheit auf den Philippinen.)<\/p>\n<p>&nbsp;<\/p>\n<p><strong>Zutaten<\/strong>: Kakaomasse (58%), Rohrzucker, glasierte <span style=\"color: #993300\"><em><strong>Pili-N\u00fcsse<\/strong><\/em><\/span> (Pili-N\u00fcsse, Zucker, \u00d6l), <span style=\"color: #993300\"><strong><em>Cashew<\/em><\/strong><\/span>, Kakaobutter, schwarzer <span style=\"color: #993300\"><em><strong>Sesam<\/strong><\/em><\/span><\/p>\n<p><span style=\"color: #993300\"><em><strong>Enth\u00e4lt N\u00fcsse, kann Spuren von Kuhmilch und Soja enthalten.<\/strong><\/em><\/span><\/p>\n<p>&nbsp;<\/p>\n<table border=\"0\" width=\"593\" cellspacing=\"0\" cellpadding=\"0\">\n<colgroup>\n<col width=\"333\" \/>\n<col width=\"260\" \/><\/colgroup>\n<tbody>\n<tr>\n<td class=\"xl68\" width=\"333\" height=\"15\"><strong>Nutrition values\/N\u00e4hrwerte\/Voedingswaarde<\/strong><\/td>\n<td class=\"xl66\" width=\"260\"><strong>per\/pro\/per 100 g<\/strong><\/td>\n<\/tr>\n<tr>\n<td class=\"xl64\" height=\"15\">Energy\/Energie<\/td>\n<td class=\"xl65\">550 kcal\/ 2301 kJ<\/td>\n<\/tr>\n<tr>\n<td class=\"xl64\" height=\"15\">Fat\/Fett\/vetten<\/td>\n<td class=\"xl65\">33 g<\/td>\n<\/tr>\n<tr>\n<td class=\"xl64\" height=\"15\">of which saturated\/davon ges\u00e4ttigte Fetts\u00e4uren\/waarvan verzadigd<\/td>\n<td class=\"xl65\">18 g<\/td>\n<\/tr>\n<tr>\n<td class=\"xl64\" height=\"15\">Carbonhydrates\/Kohlenhydrate\/koolhydraten<\/td>\n<td class=\"xl65\">52 g<\/td>\n<\/tr>\n<tr>\n<td class=\"xl64\" height=\"15\">of which sugar\/davon Zucker\/waarvan suiker<\/td>\n<td class=\"xl65\">23 g<\/td>\n<\/tr>\n<tr>\n<td class=\"xl64\" height=\"15\">Proteins\/Eiweiss\/eiwitten<\/td>\n<td class=\"xl65\">12 g<\/td>\n<\/tr>\n<tr>\n<td class=\"xl67\" height=\"15\">Salt\/Salz\/zout<\/td>\n<td class=\"xl63\">0,03 g<\/td>\n<\/tr>\n<\/tbody>\n<\/table>\n","protected":false},"excerpt":{"rendered":"<p>Dunkle Schokolade mit schwarzem Sesam, Cashewn\u00fcssen und Pili-N\u00fcssen macht diese Schokolade zu einem fast s\u00fcndhaft leckeren Genuss.<\/p>\n","protected":false},"featured_media":111123,"comment_status":"open","ping_status":"closed","template":"","meta":[],"product_brand":[759],"product_cat":[754,733,15],"product_tag":[],"class_list":{"0":"post-110633","1":"product","2":"type-product","3":"status-publish","4":"has-post-thumbnail","6":"product_brand-theo-philo-de","7":"product_cat-herkunftschokolade","8":"product_cat-preistraeger","9":"product_cat-schokolade","10":"infinite-scroll-item","11":"resize-featured-image","12":"sales-flash-overlay","13":"woocommerce-text-align-center","14":"woocommerce-image-align-center","15":"wc-has-gallery","17":"first","18":"instock","19":"shipping-taxable","20":"purchasable","21":"product-type-simple"},"_links":{"self":[{"href":"https:\/\/clearchox.com\/de\/wp-json\/wp\/v2\/product\/110633","targetHints":{"allow":["GET"]}}],"collection":[{"href":"https:\/\/clearchox.com\/de\/wp-json\/wp\/v2\/product"}],"about":[{"href":"https:\/\/clearchox.com\/de\/wp-json\/wp\/v2\/types\/product"}],"replies":[{"embeddable":true,"href":"https:\/\/clearchox.com\/de\/wp-json\/wp\/v2\/comments?post=110633"}],"wp:featuredmedia":[{"embeddable":true,"href":"https:\/\/clearchox.com\/de\/wp-json\/wp\/v2\/media\/111123"}],"wp:attachment":[{"href":"https:\/\/clearchox.com\/de\/wp-json\/wp\/v2\/media?parent=110633"}],"wp:term":[{"taxonomy":"product_brand","embeddable":true,"href":"https:\/\/clearchox.com\/de\/wp-json\/wp\/v2\/product_brand?post=110633"},{"taxonomy":"product_cat","embeddable":true,"href":"https:\/\/clearchox.com\/de\/wp-json\/wp\/v2\/product_cat?post=110633"},{"taxonomy":"product_tag","embeddable":true,"href":"https:\/\/clearchox.com\/de\/wp-json\/wp\/v2\/product_tag?post=110633"}],"curies":[{"name":"wp","href":"https:\/\/api.w.org\/{rel}","templated":true}]}}