{"id":110665,"date":"2020-08-14T09:22:35","date_gmt":"2020-08-14T09:22:35","guid":{"rendered":"https:\/\/clearchox.com\/de\/?post_type=product&#038;p=110665"},"modified":"2026-04-24T11:03:50","modified_gmt":"2026-04-24T11:03:50","slug":"theo-philo-milchschokolade-mit-pili-nuessen-und-pinipig","status":"publish","type":"product","link":"https:\/\/clearchox.com\/de\/shop\/theo-philo-milchschokolade-mit-pili-nuessen-und-pinipig\/","title":{"rendered":"Theo &#038; Philo Milchschokolade mit Pili-N\u00fcssen und Pinipig"},"content":{"rendered":"<p>Vergiss Romeo und Julia, die Liebesgeschichte zwischen Pili und Pinipig ist die beste Geschichte, die es gibt. Es verwundert nicht, dass glasierte (or candied? kandierte) Pili-N\u00fcsse und ger\u00f6steter Pinipig eine Paarung ist, die im kulinarischen Himmel geschlossen wurde. Schlie\u00dflich wird perfekte S\u00fc\u00dfe mit intensiver Milchschokolade kombiniert.<\/p>\n<p><a href=\"https:\/\/en.wikipedia.org\/wiki\/Pinipig\" target=\"_blank\" rel=\"noopener noreferrer\">Pinipig<\/a> besteht aus noch gr\u00fcnem Klebreis (<em>Oryza sativa var. glutinosa<\/em>), der ger\u00f6stet und flach gesto\u00dfen auf den Philippinen traditionell als Belag f\u00fcr Desserts, aber auch in Kuchen, Getr\u00e4nken und anderen Lebensmitteln verwendet wird. Wie in Schokolade.<\/p>\n<p>Die <a href=\"https:\/\/de.wikipedia.org\/wiki\/Canarium_ovatum\" target=\"_blank\" rel=\"noopener noreferrer\">Pilinuss<\/a> ist die Steinfrucht eines urspr\u00fcnglich philippinischen Baumes, der immergr\u00fcn und vielseitig ein starker Wirtschaftsfaktor auf den Philippinen ist. Die Samen (N\u00fcsse) beinhalten kaum Kohlenhydrate und sind energiereicher als Macadamian\u00fcsse. Sie werden oft in Honig ger\u00f6stet oder in S\u00fc\u00dfwaren verwendet. Wie in dieser Schokolade.<\/p>\n<p><strong>Kakao von Malabog<br \/>\n<\/strong>Theo &amp; Philo arbeitet mit Kakao aus dem Barangay Malabog, einer Gemeinschaft mit etwa 11.000 Einwohnern, die Teil von <a href=\"https:\/\/de.wikipedia.org\/wiki\/Davao_City\" target=\"_blank\" rel=\"noopener noreferrer\">Davao City<\/a> ist, der fl\u00e4chenm\u00e4\u00dfig gr\u00f6\u00dften Stadt der <a href=\"https:\/\/de.wikipedia.org\/wiki\/Philippinen\" target=\"_blank\" rel=\"noopener noreferrer\">Philippinen<\/a>. Alles in Davao City ist flach und sehr gr\u00fcn und erstreckt sich \u00fcber H\u00fcgellandschaften.<\/p>\n<p>In Malabog gibt es viele kleine Kakaobauern. Die Bedingungen f\u00fcr Kakao sind perfekt. Im Jahr 2019 gewann beispielsweise Nong Joe von 226 Teilnehmern aus 55 L\u00e4ndern den Preis f\u00fcr die besten Kakaobohnen der Welt bei <a href=\"http:\/\/www.cocoaofexcellence.org\/\" target=\"_blank\" rel=\"noopener noreferrer\">International Cocoa Awards (ICA)<\/a>.<\/p>\n<p>Philo Chua bezieht den Kakao in Zusammenarbeit mit der Organisation <a href=\"http:\/\/www.gk1world.com\/home\" target=\"_blank\" rel=\"noopener noreferrer\">Gawad Kalinga<\/a> von einer Gruppe von Bauern. Gawad Kalinga hilft Menschen aus der Armut.<br \/>\n(Barangay ist die kleinste politische Verwaltungseinheit auf den Philippinen.)<\/p>\n<p>&nbsp;<\/p>\n<p><strong>Zutaten<\/strong>: Rohrzucker, Kakaomasse (25%), Kakaobutter, <span style=\"color: #993300;\"><em><strong>Milch<\/strong><\/em><\/span>pulver, glasierte <span style=\"color: #993300;\"><em><strong>Pilin-N\u00fcsse<\/strong><\/em><\/span> (Pilin-N\u00fcsse, Zucker, \u00d6l), Reisk\u00f6rner<\/p>\n<p><span style=\"color: #993300;\"><em><strong>Enth\u00e4lt N\u00fcsse und Milch. Kann Spuren von Sesam und Soja enthalten.<\/strong><\/em><\/span><\/p>\n<p>&nbsp;<\/p>\n<table border=\"0\" width=\"593\" cellspacing=\"0\" cellpadding=\"0\">\n<colgroup>\n<col width=\"333\" \/>\n<col width=\"260\" \/><\/colgroup>\n<tbody>\n<tr>\n<td class=\"xl68\" width=\"333\" height=\"15\"><strong>Nutrition values\/N\u00e4hrwerte\/Voedingswaarde<\/strong><\/td>\n<td class=\"xl66\" width=\"260\"><strong>per\/pro\/per 100 g<\/strong><\/td>\n<\/tr>\n<tr>\n<td class=\"xl64\" height=\"15\">Energy\/Energie<\/td>\n<td class=\"xl65\">584 kcal\/ 2443 kJ<\/td>\n<\/tr>\n<tr>\n<td class=\"xl64\" height=\"15\">Fat\/Fett\/vetten<\/td>\n<td class=\"xl65\">40 g<\/td>\n<\/tr>\n<tr>\n<td class=\"xl64\" height=\"15\">of which saturated\/davon ges\u00e4ttigte Fetts\u00e4uren\/waarvan verzadigd<\/td>\n<td class=\"xl65\">25 g<\/td>\n<\/tr>\n<tr>\n<td class=\"xl64\" height=\"15\">Carbonhydrates\/Kohlenhydrate\/koolhydraten<\/td>\n<td class=\"xl65\">48 g<\/td>\n<\/tr>\n<tr>\n<td class=\"xl64\" height=\"15\">of which sugar\/davon Zucker\/waarvan suiker<\/td>\n<td class=\"xl65\">25 g<\/td>\n<\/tr>\n<tr>\n<td class=\"xl64\" height=\"15\">Proteins\/Eiweiss\/eiwitten<\/td>\n<td class=\"xl65\">9 g<\/td>\n<\/tr>\n<tr>\n<td class=\"xl67\" height=\"15\">Salt\/Salz\/zout<\/td>\n<td class=\"xl63\">0,04 g<\/td>\n<\/tr>\n<\/tbody>\n<\/table>\n","protected":false},"excerpt":{"rendered":"<p>Vergiss Romeo und Julia. Glasierte Pili-N\u00fcsse und ger\u00f6steter Pinipig mit intensiver Milchschokolade sind eine perfekte Paarung im kulinarischen Himmel.<\/p>\n","protected":false},"featured_media":111153,"comment_status":"open","ping_status":"closed","template":"","meta":[],"product_brand":[759],"product_cat":[754,733,15],"product_tag":[],"class_list":{"0":"post-110665","1":"product","2":"type-product","3":"status-publish","4":"has-post-thumbnail","6":"product_brand-theo-philo-de","7":"product_cat-herkunftschokolade","8":"product_cat-preistraeger","9":"product_cat-schokolade","10":"infinite-scroll-item","11":"resize-featured-image","12":"sales-flash-overlay","13":"woocommerce-text-align-center","14":"woocommerce-image-align-center","15":"wc-has-gallery","17":"first","18":"instock","19":"shipping-taxable","20":"purchasable","21":"product-type-simple"},"_links":{"self":[{"href":"https:\/\/clearchox.com\/de\/wp-json\/wp\/v2\/product\/110665","targetHints":{"allow":["GET"]}}],"collection":[{"href":"https:\/\/clearchox.com\/de\/wp-json\/wp\/v2\/product"}],"about":[{"href":"https:\/\/clearchox.com\/de\/wp-json\/wp\/v2\/types\/product"}],"replies":[{"embeddable":true,"href":"https:\/\/clearchox.com\/de\/wp-json\/wp\/v2\/comments?post=110665"}],"wp:featuredmedia":[{"embeddable":true,"href":"https:\/\/clearchox.com\/de\/wp-json\/wp\/v2\/media\/111153"}],"wp:attachment":[{"href":"https:\/\/clearchox.com\/de\/wp-json\/wp\/v2\/media?parent=110665"}],"wp:term":[{"taxonomy":"product_brand","embeddable":true,"href":"https:\/\/clearchox.com\/de\/wp-json\/wp\/v2\/product_brand?post=110665"},{"taxonomy":"product_cat","embeddable":true,"href":"https:\/\/clearchox.com\/de\/wp-json\/wp\/v2\/product_cat?post=110665"},{"taxonomy":"product_tag","embeddable":true,"href":"https:\/\/clearchox.com\/de\/wp-json\/wp\/v2\/product_tag?post=110665"}],"curies":[{"name":"wp","href":"https:\/\/api.w.org\/{rel}","templated":true}]}}