{"id":110669,"date":"2020-08-13T18:42:08","date_gmt":"2020-08-13T18:42:08","guid":{"rendered":"https:\/\/clearchox.com\/de\/?post_type=product&#038;p=110669"},"modified":"2026-04-24T11:03:48","modified_gmt":"2026-04-24T11:03:48","slug":"theo-philo-dunkel-mit-labuyo-chili-65","status":"publish","type":"product","link":"https:\/\/clearchox.com\/de\/shop\/theo-philo-dunkel-mit-labuyo-chili-65\/","title":{"rendered":"Theo &#038; Philo &#8211; Dunkel mit Labuyo-Chili 65%"},"content":{"rendered":"<p>So wie M\u00e4dchen die feurige Heldin sein wollen und wonach die Jungs sich sehnen: Zu gleichen Teilen s\u00fc\u00df und w\u00fcrzig. Diese Tafel kennt den samtigen Reichtum dunkler Schokolade und Labuyo verleiht ihr eine besondere Note. Dies ist wahrscheinlich das einzige Mal, dass Sie mehr als gl\u00fccklich sind, einen Tritt zu bekommen &#8211; auf Ihre Geschmacksknospen nat\u00fcrlich.<\/p>\n<p><a href=\"https:\/\/en.wikipedia.org\/wiki\/Siling_labuyo\" target=\"_blank\" rel=\"noopener noreferrer\">Siling Labuyo<\/a> ist ein philippinischer Pfeffer, der sich nach dem sog. kolumbianischen Austausch auf den Philippinen entwickelte. Er ist ein \u201ewilder Pfeffer\u201c und wurde von Slow Food in die Arche des Geschmacks aufgenommen. Auf der <a href=\"https:\/\/de.wikipedia.org\/wiki\/Scoville-Skala\" target=\"_blank\" rel=\"noopener noreferrer\">Scoville-Skala<\/a> werden 80.000 &#8211; 100.000 Punkte erzielt, was ihn mit Tabasco oder Piri Piri vergleichbar macht.<\/p>\n<p><strong>Kakao von Malabog<br \/>\n<\/strong>Theo &amp; Philo arbeitet mit Kakao aus dem Barangay Malabog, einer Gemeinschaft mit etwa 11.000 Einwohnern, die Teil von <a href=\"https:\/\/de.wikipedia.org\/wiki\/Davao_City\" target=\"_blank\" rel=\"noopener noreferrer\">Davao City<\/a> ist, der fl\u00e4chenm\u00e4\u00dfig gr\u00f6\u00dften Stadt der <a href=\"https:\/\/de.wikipedia.org\/wiki\/Philippinen\" target=\"_blank\" rel=\"noopener noreferrer\">Philippinen<\/a>. Alles in Davao City ist flach und sehr gr\u00fcn und erstreckt sich \u00fcber H\u00fcgellandschaften.<\/p>\n<p>In Malabog gibt es viele kleine Kakaobauern. Die Bedingungen f\u00fcr Kakao sind perfekt. Im Jahr 2019 gewann beispielsweise Nong Joe von 226 Teilnehmern aus 55 L\u00e4ndern den Preis f\u00fcr die besten Kakaobohnen der Welt bei <a href=\"http:\/\/www.cocoaofexcellence.org\/\" target=\"_blank\" rel=\"noopener noreferrer\">International Cocoa Awards (ICA)<\/a>.<\/p>\n<p>Philo Chua bezieht den Kakao in Zusammenarbeit mit der Organisation <a href=\"http:\/\/www.gk1world.com\/home\" target=\"_blank\" rel=\"noopener noreferrer\">Gawad Kalinga<\/a> von einer Gruppe von Bauern. Gawad Kalinga hilft Menschen aus der Armut.<br \/>\n(Barangay ist die kleinste politische Verwaltungseinheit auf den Philippinen.)<\/p>\n<p><span class=\"tlid-translation translation\" lang=\"de\"><span title=\"\"><strong>Zutaten<\/strong>: Kakaobohnen (58%), Rohrzucker, Kakaobutter, Labuyo-Chili-Pfeffer<\/span><\/span><\/p>\n<p><em><strong><span class=\"\" style=\"color: #993300\" title=\"\">Kann Spuren von N\u00fcssen, Kuhmilch, Sesam und Soja enthalten.<\/span><\/strong><\/em><\/p>\n<p>&nbsp;<\/p>\n<table border=\"0\" width=\"593\" cellspacing=\"0\" cellpadding=\"0\">\n<colgroup>\n<col width=\"333\" \/>\n<col width=\"260\" \/><\/colgroup>\n<tbody>\n<tr>\n<td class=\"xl68\" width=\"333\" height=\"15\"><strong>Nutrition values\/N\u00e4hrwerte\/Voedingswaarde<\/strong><\/td>\n<td class=\"xl66\" width=\"260\"><strong>per\/pro\/per 100 g<\/strong><\/td>\n<\/tr>\n<tr>\n<td class=\"xl64\" height=\"15\">Energy\/Energie<\/td>\n<td class=\"xl65\">573 kcal\/ 2397 kJ<\/td>\n<\/tr>\n<tr>\n<td class=\"xl64\" height=\"15\">Fat\/Fett\/vetten<\/td>\n<td class=\"xl65\">37 g<\/td>\n<\/tr>\n<tr>\n<td class=\"xl64\" height=\"15\">of which saturated\/davon ges\u00e4ttigte Fetts\u00e4uren\/waarvan verzadigd<\/td>\n<td class=\"xl65\">26 g<\/td>\n<\/tr>\n<tr>\n<td class=\"xl64\" height=\"15\">Carbonhydrates\/Kohlenhydrate\/koolhydraten<\/td>\n<td class=\"xl65\">54 g<\/td>\n<\/tr>\n<tr>\n<td class=\"xl64\" height=\"15\">of which sugar\/davon Zucker\/waarvan suiker<\/td>\n<td class=\"xl65\">42 g<\/td>\n<\/tr>\n<tr>\n<td class=\"xl64\" height=\"15\">Proteins\/Eiweiss\/eiwitten<\/td>\n<td class=\"xl65\">7 g<\/td>\n<\/tr>\n<tr>\n<td class=\"xl67\" height=\"15\">Salt\/Salz\/zout<\/td>\n<td class=\"xl63\">0,01 g<\/td>\n<\/tr>\n<\/tbody>\n<\/table>\n","protected":false},"excerpt":{"rendered":"<p>Diese Tafel ist wie das Leben, s\u00fc\u00df und scharf. Samtige Schokolade mit der W\u00fcrze philippinischen Labuyo-Pfeffers, den Slow Food in die Arche des Geschmacks aufgenommen hat.<\/p>\n","protected":false},"featured_media":110884,"comment_status":"open","ping_status":"closed","template":"","meta":[],"product_brand":[759],"product_cat":[754,733,15],"product_tag":[],"class_list":{"0":"post-110669","1":"product","2":"type-product","3":"status-publish","4":"has-post-thumbnail","6":"product_brand-theo-philo-de","7":"product_cat-herkunftschokolade","8":"product_cat-preistraeger","9":"product_cat-schokolade","10":"infinite-scroll-item","11":"resize-featured-image","12":"sales-flash-overlay","13":"woocommerce-text-align-center","14":"woocommerce-image-align-center","15":"wc-has-gallery","17":"first","18":"instock","19":"shipping-taxable","20":"purchasable","21":"product-type-simple"},"_links":{"self":[{"href":"https:\/\/clearchox.com\/de\/wp-json\/wp\/v2\/product\/110669","targetHints":{"allow":["GET"]}}],"collection":[{"href":"https:\/\/clearchox.com\/de\/wp-json\/wp\/v2\/product"}],"about":[{"href":"https:\/\/clearchox.com\/de\/wp-json\/wp\/v2\/types\/product"}],"replies":[{"embeddable":true,"href":"https:\/\/clearchox.com\/de\/wp-json\/wp\/v2\/comments?post=110669"}],"wp:featuredmedia":[{"embeddable":true,"href":"https:\/\/clearchox.com\/de\/wp-json\/wp\/v2\/media\/110884"}],"wp:attachment":[{"href":"https:\/\/clearchox.com\/de\/wp-json\/wp\/v2\/media?parent=110669"}],"wp:term":[{"taxonomy":"product_brand","embeddable":true,"href":"https:\/\/clearchox.com\/de\/wp-json\/wp\/v2\/product_brand?post=110669"},{"taxonomy":"product_cat","embeddable":true,"href":"https:\/\/clearchox.com\/de\/wp-json\/wp\/v2\/product_cat?post=110669"},{"taxonomy":"product_tag","embeddable":true,"href":"https:\/\/clearchox.com\/de\/wp-json\/wp\/v2\/product_tag?post=110669"}],"curies":[{"name":"wp","href":"https:\/\/api.w.org\/{rel}","templated":true}]}}