{"id":110684,"date":"2020-08-13T18:30:13","date_gmt":"2020-08-13T18:30:13","guid":{"rendered":"https:\/\/clearchox.com\/de\/?post_type=product&#038;p=110684"},"modified":"2026-04-23T19:13:23","modified_gmt":"2026-04-23T19:13:23","slug":"theo-philo-milchschokolade-mit-barako-kaffee","status":"publish","type":"product","link":"https:\/\/clearchox.com\/de\/shop\/theo-philo-milchschokolade-mit-barako-kaffee\/","title":{"rendered":"Theo &#038; Philo &#8211; Milchschokolade mit Barako-Kaffee"},"content":{"rendered":"<p>Nat\u00fcrlich, wenn Schokolade Spa\u00df ist, ist Kaffee Gesch\u00e4fte machen. Aber wer sagt, dass man beides nicht verbinden kann? Erlebe hochwertige Schokolade mit einer Prise ger\u00f6steter Kaffeebohnen, um dich aufzumuntern und dich vor Freude springen zu lassen. Oder vielleicht schnappst du dir einfach noch eine Tafel.<\/p>\n<p>Barako-Kaffee ist eine Sorte von <em><a href=\"https:\/\/de.wikipedia.org\/wiki\/Liberica-Kaffee\" target=\"_blank\" rel=\"noopener noreferrer\">Coffea Liberica<\/a><\/em>, die auf den Philippinen angebaut wird und ein ausgepr\u00e4gtes Aroma hat. Barako bedeutet in der philippinischen Sprache w\u00f6rtlich \u201eHengst&#8220; und wird mit Bildern einer starken und maskulinen Figur assoziiert. Dieser Kaffee wird meist stark ger\u00f6stet und schwarz serviert.<\/p>\n<p>Der Barakobaum kann bis zu neun Meter hoch werden und ist daher unrentabel geworden. Er macht nur 2% des gesamten philippinischen Kaffees aus und wird nicht exportiert. Da er immer seltener wird, ist er von Slow Food auf die Liste \u201eArche des Geschmacks\u201c aufgenommen worden.<\/p>\n<p><strong>Kakao von Malabog<br \/>\n<\/strong>Theo &amp; Philo arbeitet mit Kakao aus dem Barangay Malabog, einer Gemeinschaft mit etwa 11.000 Einwohnern, die Teil von <a href=\"https:\/\/de.wikipedia.org\/wiki\/Davao_City\" target=\"_blank\" rel=\"noopener noreferrer\">Davao City<\/a> ist, der fl\u00e4chenm\u00e4\u00dfig gr\u00f6\u00dften Stadt der <a href=\"https:\/\/de.wikipedia.org\/wiki\/Philippinen\" target=\"_blank\" rel=\"noopener noreferrer\">Philippinen<\/a>. Alles in Davao City ist flach und sehr gr\u00fcn und erstreckt sich \u00fcber H\u00fcgellandschaften.<\/p>\n<p>In Malabog gibt es viele kleine Kakaobauern. Die Bedingungen f\u00fcr Kakao sind perfekt. Im Jahr 2019 gewann beispielsweise Nong Joe von 226 Teilnehmern aus 55 L\u00e4ndern den Preis f\u00fcr die besten Kakaobohnen der Welt bei <a href=\"http:\/\/www.cocoaofexcellence.org\/\" target=\"_blank\" rel=\"noopener noreferrer\">International Cocoa Awards (ICA)<\/a>.<\/p>\n<p>Philo Chua bezieht den Kakao in Zusammenarbeit mit der Organisation <a href=\"http:\/\/www.gk1world.com\/home\" target=\"_blank\" rel=\"noopener noreferrer\">Gawad Kalinga<\/a> von einer Gruppe von Bauern. Gawad Kalinga hilft Menschen aus der Armut.<br \/>\n(Barangay ist die kleinste politische Verwaltungseinheit auf den Philippinen.)<\/p>\n<p>&nbsp;<\/p>\n<p><strong>Zutaten<\/strong>: Rohrzucker, Kakaobohnen (25%), Kakaobutter,<span style=\"color: #993300;\"><strong><em> Milch<\/em><\/strong><\/span>pulver, Kaffeebohnen<\/p>\n<p><span style=\"color: #993300;\"><em><strong>Enth\u00e4lt Milch, kann Spuren von N\u00fcssen, Sesam und Soja enthalten.<\/strong><\/em><\/span><\/p>\n<p>&nbsp;<\/p>\n<table border=\"0\" width=\"593\" cellspacing=\"0\" cellpadding=\"0\">\n<tbody>\n<tr>\n<td class=\"xl68\" width=\"333\" height=\"15\"><strong>Nutrition values\/N\u00e4hrwerte\/Voedingswaarde<\/strong><\/td>\n<td class=\"xl66\" width=\"260\"><strong>per\/pro\/per 100 g<\/strong><\/td>\n<\/tr>\n<tr>\n<td class=\"xl64\" height=\"15\">Energy\/Energie<\/td>\n<td class=\"xl65\">555 kcal\/ 2234 kJ<\/td>\n<\/tr>\n<tr>\n<td class=\"xl64\" height=\"15\">Fat\/Fett\/vetten<\/td>\n<td class=\"xl65\">30 g<\/td>\n<\/tr>\n<tr>\n<td class=\"xl64\" height=\"15\">of which saturated\/davon ges\u00e4ttigte Fetts\u00e4uren\/waarvan verzadigd<\/td>\n<td class=\"xl65\">21 g<\/td>\n<\/tr>\n<tr>\n<td class=\"xl64\" height=\"15\">Carbonhydrates\/Kohlenhydrate\/koolhydraten<\/td>\n<td class=\"xl65\">59 g<\/td>\n<\/tr>\n<tr>\n<td class=\"xl64\" height=\"15\">of which sugar\/davon Zucker\/waarvan suiker<\/td>\n<td class=\"xl65\">51 g<\/td>\n<\/tr>\n<tr>\n<td class=\"xl64\" height=\"15\">Proteins\/Eiweiss\/eiwitten<\/td>\n<td class=\"xl65\">10 g<\/td>\n<\/tr>\n<tr>\n<td class=\"xl67\" height=\"15\">Salt\/Salz\/zout<\/td>\n<td class=\"xl63\">0,01 g<\/td>\n<\/tr>\n<\/tbody>\n<\/table>\n<p>&nbsp;<\/p>\n","protected":false},"excerpt":{"rendered":"<p>Hocharomatischer Barako-Kaffee mit ausgezeichneter Milchschokolade verleiht Ihrem Tag einen Kick und l\u00e4sst Sie vor Freude springen!<\/p>\n","protected":false},"featured_media":110874,"comment_status":"open","ping_status":"closed","template":"","meta":[],"product_brand":[759],"product_cat":[754,15],"product_tag":[],"class_list":{"0":"post-110684","1":"product","2":"type-product","3":"status-publish","4":"has-post-thumbnail","6":"product_brand-theo-philo-de","7":"product_cat-herkunftschokolade","8":"product_cat-schokolade","9":"infinite-scroll-item","10":"resize-featured-image","11":"sales-flash-overlay","12":"woocommerce-text-align-center","13":"woocommerce-image-align-center","14":"wc-has-gallery","16":"first","17":"instock","18":"shipping-taxable","19":"purchasable","20":"product-type-simple"},"_links":{"self":[{"href":"https:\/\/clearchox.com\/de\/wp-json\/wp\/v2\/product\/110684","targetHints":{"allow":["GET"]}}],"collection":[{"href":"https:\/\/clearchox.com\/de\/wp-json\/wp\/v2\/product"}],"about":[{"href":"https:\/\/clearchox.com\/de\/wp-json\/wp\/v2\/types\/product"}],"replies":[{"embeddable":true,"href":"https:\/\/clearchox.com\/de\/wp-json\/wp\/v2\/comments?post=110684"}],"wp:featuredmedia":[{"embeddable":true,"href":"https:\/\/clearchox.com\/de\/wp-json\/wp\/v2\/media\/110874"}],"wp:attachment":[{"href":"https:\/\/clearchox.com\/de\/wp-json\/wp\/v2\/media?parent=110684"}],"wp:term":[{"taxonomy":"product_brand","embeddable":true,"href":"https:\/\/clearchox.com\/de\/wp-json\/wp\/v2\/product_brand?post=110684"},{"taxonomy":"product_cat","embeddable":true,"href":"https:\/\/clearchox.com\/de\/wp-json\/wp\/v2\/product_cat?post=110684"},{"taxonomy":"product_tag","embeddable":true,"href":"https:\/\/clearchox.com\/de\/wp-json\/wp\/v2\/product_tag?post=110684"}],"curies":[{"name":"wp","href":"https:\/\/api.w.org\/{rel}","templated":true}]}}