{"id":110687,"date":"2020-08-13T18:23:25","date_gmt":"2020-08-13T18:23:25","guid":{"rendered":"https:\/\/clearchox.com\/de\/?post_type=product&#038;p=110687"},"modified":"2026-04-24T11:03:53","modified_gmt":"2026-04-24T11:03:53","slug":"theo-philo-puur-met-mango-chili-en-cacaonibs-65","status":"publish","type":"product","link":"https:\/\/clearchox.com\/de\/shop\/theo-philo-puur-met-mango-chili-en-cacaonibs-65\/","title":{"rendered":"Theo &#038; Philo &#8211; Dunkel mit Mango, Chili und Kakao-Nibs 65%"},"content":{"rendered":"<p>Mit feurigem Chili, der das B\u00fcndnis zwischen s\u00fc\u00dfen Mangos und nussigen Kakaonibs entz\u00fcndet, ist diese menage \u00e0 trois so unglaublich lecker, dass sie in keiner Weise geheim gehalten werden kann. Kein Wunder, dass man sagt, aller guten Dinge sind drei!<\/p>\n<p><strong>Kakao von Malabog<br \/>\n<\/strong>Theo &amp; Philo arbeitet mit Kakao aus dem Barangay Malabog, einer Gemeinschaft mit etwa 11.000 Einwohnern, die Teil von <a href=\"https:\/\/de.wikipedia.org\/wiki\/Davao_City\" target=\"_blank\" rel=\"noopener noreferrer\">Davao City<\/a> ist, der fl\u00e4chenm\u00e4\u00dfig gr\u00f6\u00dften Stadt der <a href=\"https:\/\/de.wikipedia.org\/wiki\/Philippinen\" target=\"_blank\" rel=\"noopener noreferrer\">Philippinen<\/a>. Alles in Davao City ist flach und sehr gr\u00fcn und erstreckt sich \u00fcber H\u00fcgellandschaften.<\/p>\n<p>In Malabog gibt es viele kleine Kakaobauern. Die Bedingungen f\u00fcr Kakao sind perfekt. Im Jahr 2019 gewann beispielsweise Nong Joe von 226 Teilnehmern aus 55 L\u00e4ndern den Preis f\u00fcr die besten Kakaobohnen der Welt bei <a href=\"http:\/\/www.cocoaofexcellence.org\/\" target=\"_blank\" rel=\"noopener noreferrer\">International Cocoa Awards (ICA)<\/a>.<\/p>\n<p>Philo Chua bezieht den Kakao in Zusammenarbeit mit der Organisation <a href=\"http:\/\/www.gk1world.com\/home\" target=\"_blank\" rel=\"noopener noreferrer\">Gawad Kalinga<\/a> von einer Gruppe von Bauern. Gawad Kalinga hilft Menschen aus der Armut.<br \/>\nBarangay ist die kleinste politische Verwaltungseinheit auf den Philippinen.<\/p>\n<p><strong>Zutaten<\/strong>:\u00a0<span class=\"tlid-translation translation\" lang=\"de\"><span class=\"\" title=\"\"> Rohrzucker, Kakaobohnen (58%), Rohrzucker, getrocknete Mango, Kakaobutter, Chili-Pfeffer<\/span><br \/>\n<\/span><\/p>\n<p><span style=\"color: #993300\"><strong><em>Kann Spuren von Milch, N\u00fcssen, Sesam und Soja enthalten.<\/em><\/strong><\/span><\/p>\n<table border=\"0\" width=\"593\" cellspacing=\"0\" cellpadding=\"0\">\n<colgroup>\n<col width=\"333\" \/>\n<col width=\"260\" \/><\/colgroup>\n<tbody>\n<tr>\n<td class=\"xl68\" width=\"333\" height=\"15\"><strong>Nutrition values\/N\u00e4hrwerte\/Voedingswaarde<\/strong><\/td>\n<td class=\"xl66\" width=\"260\"><strong>per\/pro\/per 100 g<\/strong><\/td>\n<\/tr>\n<tr>\n<td class=\"xl64\" height=\"15\">Energy\/Energie<\/td>\n<td class=\"xl65\">498 kcal\/ 2085 kJ<\/td>\n<\/tr>\n<tr>\n<td class=\"xl64\" height=\"15\">Fat\/Fett\/vetten<\/td>\n<td class=\"xl65\">25 g<\/td>\n<\/tr>\n<tr>\n<td class=\"xl64\" height=\"15\">of which saturated\/davon ges\u00e4ttigte Fetts\u00e4uren\/waarvan verzadigd<\/td>\n<td class=\"xl65\">25 g<\/td>\n<\/tr>\n<tr>\n<td class=\"xl64\" height=\"15\">Carbonhydrates\/Kohlenhydrate\/koolhydraten<\/td>\n<td class=\"xl65\">62 g<\/td>\n<\/tr>\n<tr>\n<td class=\"xl64\" height=\"15\">of which sugar\/davon Zucker\/waarvan suiker<\/td>\n<td class=\"xl65\">40 g<\/td>\n<\/tr>\n<tr>\n<td class=\"xl64\" height=\"15\">Proteins\/Eiweiss\/eiwitten<\/td>\n<td class=\"xl65\">6 g<\/td>\n<\/tr>\n<tr>\n<td class=\"xl67\" height=\"15\">Salt\/Salz\/zout<\/td>\n<td class=\"xl63\">0,04 g<\/td>\n<\/tr>\n<\/tbody>\n<\/table>\n","protected":false},"excerpt":{"rendered":"<p>S\u00fc\u00dfe Mango, feuriger Chili-Pfeffer und nussige Kakao-Nibs ergeben eine k\u00f6stliche Kombination. Aller guten Dinge sind drei!<\/p>\n","protected":false},"featured_media":110868,"comment_status":"open","ping_status":"closed","template":"","meta":[],"product_brand":[759],"product_cat":[754,15],"product_tag":[],"class_list":{"0":"post-110687","1":"product","2":"type-product","3":"status-publish","4":"has-post-thumbnail","6":"product_brand-theo-philo-de","7":"product_cat-herkunftschokolade","8":"product_cat-schokolade","9":"infinite-scroll-item","10":"resize-featured-image","11":"sales-flash-overlay","12":"woocommerce-text-align-center","13":"woocommerce-image-align-center","14":"wc-has-gallery","16":"first","17":"instock","18":"shipping-taxable","19":"purchasable","20":"product-type-simple"},"_links":{"self":[{"href":"https:\/\/clearchox.com\/de\/wp-json\/wp\/v2\/product\/110687","targetHints":{"allow":["GET"]}}],"collection":[{"href":"https:\/\/clearchox.com\/de\/wp-json\/wp\/v2\/product"}],"about":[{"href":"https:\/\/clearchox.com\/de\/wp-json\/wp\/v2\/types\/product"}],"replies":[{"embeddable":true,"href":"https:\/\/clearchox.com\/de\/wp-json\/wp\/v2\/comments?post=110687"}],"wp:featuredmedia":[{"embeddable":true,"href":"https:\/\/clearchox.com\/de\/wp-json\/wp\/v2\/media\/110868"}],"wp:attachment":[{"href":"https:\/\/clearchox.com\/de\/wp-json\/wp\/v2\/media?parent=110687"}],"wp:term":[{"taxonomy":"product_brand","embeddable":true,"href":"https:\/\/clearchox.com\/de\/wp-json\/wp\/v2\/product_brand?post=110687"},{"taxonomy":"product_cat","embeddable":true,"href":"https:\/\/clearchox.com\/de\/wp-json\/wp\/v2\/product_cat?post=110687"},{"taxonomy":"product_tag","embeddable":true,"href":"https:\/\/clearchox.com\/de\/wp-json\/wp\/v2\/product_tag?post=110687"}],"curies":[{"name":"wp","href":"https:\/\/api.w.org\/{rel}","templated":true}]}}