{"id":111154,"date":"2020-08-14T09:24:21","date_gmt":"2020-08-14T09:24:21","guid":{"rendered":"https:\/\/clearchox.com\/de\/?post_type=product&#038;p=111154"},"modified":"2026-04-24T11:03:51","modified_gmt":"2026-04-24T11:03:51","slug":"theo-philo-dunkel-mit-calamansi-65","status":"publish","type":"product","link":"https:\/\/clearchox.com\/de\/shop\/theo-philo-dunkel-mit-calamansi-65\/","title":{"rendered":"Theo &#038; Philo &#8211; Dunkel mit Calamansi 65%"},"content":{"rendered":"<p>Vergiss die Sonne im Meer untergehen zu sehen \u2013 genie\u00df von die Sonnenstrahlen in deine Schokolade. Calamansi ist eine erfrischende tropische \u00dcberraschung und f\u00fcgt einen Hauch von Zitrusfr\u00fcchten zu an die tiefen und samtigen dunklen Schokolade. Ob La Ni\u00f1a oder El Ni\u00f1o, mit dieser s\u00fc\u00dfen und w\u00fcrzigen Kombination ist es immer ein perfekt milder Sommer.<\/p>\n<p><a href=\"https:\/\/de.wikipedia.org\/wiki\/Calamondinorange\" target=\"_blank\" rel=\"noopener noreferrer\">Calamansi oder Calamandinorang<\/a>e ist eine typische philippinische Zitrusfrucht, die auch in den umliegenden L\u00e4ndern vorkommt. Aber auf den Philippinen wird es breit benutzt. Es ist eine Hybride, die aus Kumquat und (wahrscheinlich) der Mandarine stammt. Von au\u00dfen sieht es aus wie eine Limette.<\/p>\n<p><strong>Kakao von Malabog<br \/>\n<\/strong>Theo &amp; Philo arbeitet mit Kakao aus dem Barangay Malabog, einer Gemeinschaft mit etwa 11.000 Einwohnern, die Teil von <a href=\"https:\/\/de.wikipedia.org\/wiki\/Davao_City\" target=\"_blank\" rel=\"noopener noreferrer\">Davao City<\/a> ist, der fl\u00e4chenm\u00e4\u00dfig gr\u00f6\u00dften Stadt der <a href=\"https:\/\/de.wikipedia.org\/wiki\/Philippinen\" target=\"_blank\" rel=\"noopener noreferrer\">Philippinen<\/a>. Alles in Davao City ist flach und sehr gr\u00fcn und erstreckt sich \u00fcber H\u00fcgellandschaften.<\/p>\n<p>In Malabog gibt es viele kleine Kakaobauern. Die Bedingungen f\u00fcr Kakao sind perfekt. Im Jahr 2019 gewann beispielsweise Nong Joe von 226 Teilnehmern aus 55 L\u00e4ndern den Preis f\u00fcr die besten Kakaobohnen der Welt bei <a href=\"http:\/\/www.cocoaofexcellence.org\/\" target=\"_blank\" rel=\"noopener noreferrer\">International Cocoa Awards (ICA)<\/a>.<\/p>\n<p>Philo Chua bezieht den Kakao in Zusammenarbeit mit der Organisation <a href=\"http:\/\/www.gk1world.com\/home\" target=\"_blank\" rel=\"noopener noreferrer\">Gawad Kalinga<\/a> von einer Gruppe von Bauern. Gawad Kalinga hilft Menschen aus der Armut.<br \/>\n(Barangay ist die kleinste politische Verwaltungseinheit auf den Philippinen.)<\/p>\n<p>&nbsp;<\/p>\n<p><strong>Zutaten<\/strong>: Kakaomasse (58%), Rohrzucker, Kakaobutter, Calamondinschale<\/p>\n<p><span style=\"color: #993300;\"><em><strong>Kann Spuren von Milch, N\u00fcssen, Sesam und Soja enthalten.<\/strong><\/em><\/span><\/p>\n<p>&nbsp;<\/p>\n<table border=\"0\" width=\"593\" cellspacing=\"0\" cellpadding=\"0\">\n<colgroup>\n<col width=\"333\" \/>\n<col width=\"260\" \/><\/colgroup>\n<tbody>\n<tr>\n<td class=\"xl68\" width=\"333\" height=\"15\"><strong>Nutrition values\/N\u00e4hrwerte\/Voedingswaarde<\/strong><\/td>\n<td class=\"xl66\" width=\"260\"><strong>per\/pro\/per 100 g<\/strong><\/td>\n<\/tr>\n<tr>\n<td class=\"xl64\" height=\"15\">Energy\/Energie<\/td>\n<td class=\"xl65\">554 kcal\/ 2318 kJ<\/td>\n<\/tr>\n<tr>\n<td class=\"xl64\" height=\"15\">Fat\/Fett\/vetten<\/td>\n<td class=\"xl65\">33 g<\/td>\n<\/tr>\n<tr>\n<td class=\"xl64\" height=\"15\">of which saturated\/davon ges\u00e4ttigte Fetts\u00e4uren\/waarvan verzadigd<\/td>\n<td class=\"xl65\">22 g<\/td>\n<\/tr>\n<tr>\n<td class=\"xl64\" height=\"15\">Carbonhydrates\/Kohlenhydrate\/koolhydraten<\/td>\n<td class=\"xl65\">56 g<\/td>\n<\/tr>\n<tr>\n<td class=\"xl64\" height=\"15\">of which sugar\/davon Zucker\/waarvan suiker<\/td>\n<td class=\"xl65\">27 g<\/td>\n<\/tr>\n<tr>\n<td class=\"xl64\" height=\"15\">Proteins\/Eiweiss\/eiwitten<\/td>\n<td class=\"xl65\">7 g<\/td>\n<\/tr>\n<tr>\n<td class=\"xl67\" height=\"15\">Salt\/Salz\/zout<\/td>\n<td class=\"xl63\">0,02 g<\/td>\n<\/tr>\n<\/tbody>\n<\/table>\n<p>&nbsp;<\/p>\n","protected":false},"excerpt":{"rendered":"<p>Dunkle Schokolade mit Zitrusfr\u00fcchten ist eine k\u00f6stliche Kombination. Calamansi (Calamandin) ist eine typische philippinische Zitrusfrucht, die diese Tafel zu einer tropischen \u00dcberraschung macht.<\/p>\n","protected":false},"featured_media":111157,"comment_status":"open","ping_status":"closed","template":"","meta":[],"product_brand":[759],"product_cat":[754,733,15],"product_tag":[],"class_list":{"0":"post-111154","1":"product","2":"type-product","3":"status-publish","4":"has-post-thumbnail","6":"product_brand-theo-philo-de","7":"product_cat-herkunftschokolade","8":"product_cat-preistraeger","9":"product_cat-schokolade","10":"infinite-scroll-item","11":"resize-featured-image","12":"sales-flash-overlay","13":"woocommerce-text-align-center","14":"woocommerce-image-align-center","15":"wc-has-gallery","17":"first","18":"instock","19":"shipping-taxable","20":"purchasable","21":"product-type-simple"},"_links":{"self":[{"href":"https:\/\/clearchox.com\/de\/wp-json\/wp\/v2\/product\/111154","targetHints":{"allow":["GET"]}}],"collection":[{"href":"https:\/\/clearchox.com\/de\/wp-json\/wp\/v2\/product"}],"about":[{"href":"https:\/\/clearchox.com\/de\/wp-json\/wp\/v2\/types\/product"}],"replies":[{"embeddable":true,"href":"https:\/\/clearchox.com\/de\/wp-json\/wp\/v2\/comments?post=111154"}],"wp:featuredmedia":[{"embeddable":true,"href":"https:\/\/clearchox.com\/de\/wp-json\/wp\/v2\/media\/111157"}],"wp:attachment":[{"href":"https:\/\/clearchox.com\/de\/wp-json\/wp\/v2\/media?parent=111154"}],"wp:term":[{"taxonomy":"product_brand","embeddable":true,"href":"https:\/\/clearchox.com\/de\/wp-json\/wp\/v2\/product_brand?post=111154"},{"taxonomy":"product_cat","embeddable":true,"href":"https:\/\/clearchox.com\/de\/wp-json\/wp\/v2\/product_cat?post=111154"},{"taxonomy":"product_tag","embeddable":true,"href":"https:\/\/clearchox.com\/de\/wp-json\/wp\/v2\/product_tag?post=111154"}],"curies":[{"name":"wp","href":"https:\/\/api.w.org\/{rel}","templated":true}]}}