{"id":119163,"date":"2020-09-07T10:12:42","date_gmt":"2020-09-07T10:12:42","guid":{"rendered":"https:\/\/clearchox.com\/de\/?post_type=product&#038;p=119163"},"modified":"2026-04-21T13:27:53","modified_gmt":"2026-04-21T13:27:53","slug":"naive-lemon-liquorice-66","status":"publish","type":"product","link":"https:\/\/clearchox.com\/de\/shop\/naive-lemon-liquorice-66\/","title":{"rendered":"Naive Lemon Liquorice 66%"},"content":{"rendered":"<div>\n<p><strong>Dunkle Schokolade mit Zitrone und Lakritz &#8211; <\/strong><strong>Diese Kombination ist nur f\u00fcr die Mutigsten unter uns!<br \/>\n<\/strong>Die tiefen und dunklen Wurzeln der Lakritze saugen den Geschmack aus den tiefen Ozeanen des Kosmos. Der komplexe und au\u00dfergew\u00f6hnliche Nachgeschmack der Lakritze entwickelt sich langsam, getr\u00e4nkt mit Geschmacksnoten Zitrusfr\u00fcchte. Wenn die Zeit reif ist, werden diese Geschmacksteilchen sorgsam in dunkle Schokolade \u00fcbertragen. Die Symbiose von Lakritz, Zitrone und Schokolade ist so besonders, darum sollte diese Kombination nicht achtlos verschlungen werden &#8211; Diese Kombination ist nur f\u00fcr die Mutigsten unter uns!<\/p>\n<\/div>\n<h2>Equator-Kollektion<\/h2>\n<p>Chocolatier Domantas Uzpalis sagt dazu: \u201eF\u00fcr mich\u00a0bedeutet die Equator-Kollektion, Zutaten zu verwenden, die aus einem einzigen \u00d6kosystem kommen.\u00a0Weil \u00d6kosysteme seinen Pflanzen das Leben aus seinen\u00a0Mineralien, Wasser und B\u00f6den spenden, weil die\u00a0Pflanzen,\u00a0die gemeinsam gedeihen, gut zusammen schmecken.\u00a0Jede Schokolade aus dieser Kollektion besteht ausschlie\u00dflich aus Zutaten, die in der umliegenden\u00a0Region\u00a0des\u00a0\u00c4quators angebaut werden. Vermischt\u00a0mit hellen und intensiven Aromen entwickelte sich diese hausgemachte tropische Schokolade.<br \/>\nFreunde, lasst euch auf\u00a0ein Dschungelabenteuer ein!&#8220;<\/p>\n<p>Die von Domantas verwendeten Kakaobohnen sind eine spezielle, hausgemachte Mischung aus Bohnen hervorragender Qualit\u00e4t, die derzeit gr\u00f6\u00dftenteils aus Venezuela stammen.<\/p>\n<p><strong>Zutaten<\/strong>: Kakaomasse* (66%), Zucker*, Kakaobutter*, Lakritz*, Zitrone, Meersalz.<br \/>\n* = Wild oder aus der nat\u00fcrlichen Landwirtschaft<\/p>\n<p><span style=\"color: #993300;\"><strong>Kann Spuren von Schalenfr\u00fcchten, Milch, Sesam und\u00a0N\u00fcsse enthalten.<\/strong><\/span><\/p>\n","protected":false},"excerpt":{"rendered":"<p>Dunkle Schokolade mit dem Aroma reifer Zitronen und w\u00fcrzigem Lakritz. Eine gehaltvolle Kombination, die sehr schnell mit dem aromatischen Kakao schmelzig und ausbalanciert eine Einheit bildet.<\/p>\n","protected":false},"featured_media":119167,"comment_status":"open","ping_status":"closed","template":"","meta":[],"product_brand":[100],"product_cat":[15,736],"product_tag":[1231,1230,1177],"class_list":{"0":"post-119163","1":"product","2":"type-product","3":"status-publish","4":"has-post-thumbnail","6":"product_brand-naive","7":"product_cat-schokolade","8":"product_cat-vegan","9":"product_tag-lakritz","10":"product_tag-lemon","11":"product_tag-zitrone","12":"infinite-scroll-item","13":"resize-featured-image","14":"sales-flash-overlay","15":"woocommerce-text-align-center","16":"woocommerce-image-align-center","17":"wc-has-gallery","19":"first","20":"instock","21":"shipping-taxable","22":"purchasable","23":"product-type-simple"},"_links":{"self":[{"href":"https:\/\/clearchox.com\/de\/wp-json\/wp\/v2\/product\/119163","targetHints":{"allow":["GET"]}}],"collection":[{"href":"https:\/\/clearchox.com\/de\/wp-json\/wp\/v2\/product"}],"about":[{"href":"https:\/\/clearchox.com\/de\/wp-json\/wp\/v2\/types\/product"}],"replies":[{"embeddable":true,"href":"https:\/\/clearchox.com\/de\/wp-json\/wp\/v2\/comments?post=119163"}],"wp:featuredmedia":[{"embeddable":true,"href":"https:\/\/clearchox.com\/de\/wp-json\/wp\/v2\/media\/119167"}],"wp:attachment":[{"href":"https:\/\/clearchox.com\/de\/wp-json\/wp\/v2\/media?parent=119163"}],"wp:term":[{"taxonomy":"product_brand","embeddable":true,"href":"https:\/\/clearchox.com\/de\/wp-json\/wp\/v2\/product_brand?post=119163"},{"taxonomy":"product_cat","embeddable":true,"href":"https:\/\/clearchox.com\/de\/wp-json\/wp\/v2\/product_cat?post=119163"},{"taxonomy":"product_tag","embeddable":true,"href":"https:\/\/clearchox.com\/de\/wp-json\/wp\/v2\/product_tag?post=119163"}],"curies":[{"name":"wp","href":"https:\/\/api.w.org\/{rel}","templated":true}]}}