{"id":119175,"date":"2020-09-07T12:53:45","date_gmt":"2020-09-07T12:53:45","guid":{"rendered":"https:\/\/clearchox.com\/de\/?post_type=product&#038;p=119175"},"modified":"2026-01-20T08:03:29","modified_gmt":"2026-01-20T08:03:29","slug":"naive-dunkle-schokolade-mit-sauersack-67","status":"publish","type":"product","link":"https:\/\/clearchox.com\/de\/shop\/naive-dunkle-schokolade-mit-sauersack-67\/","title":{"rendered":"Naive Dunkle Schokolade mit Sauersack 67%"},"content":{"rendered":"<div>\n<p>Gesundes muss nicht fade sein und diese wunderbare Fruchttafel verdient sicherlich die Aufmerksamkeit des w\u00e4hlerischen Schokoladenliebhabers, der ein langes, unbeschwertes und kraftvolles Leben f\u00fchren m\u00f6chte. Es gibt Fr\u00fcchte, Superfr\u00fcchte und Super-Mega-Fr\u00fcchte, aber im Vergleich zur <a href=\"https:\/\/de.wikipedia.org\/wiki\/Stachelannone\" target=\"_blank\" rel=\"noopener noreferrer\">Sauersack<\/a>-Frucht bei\u00dfen alle ins Gras. Saftiges Fruchtfleisch lauert hinter warzigen Stacheln und der dicken, ledrigen Haut. Und hey Leute, das ist k\u00f6stlich! \u00d6ffne deinen Mund und mach dich bereit zu heilen.<\/p>\n<\/div>\n<h2>Equator-Kollektion<\/h2>\n<p>Chocolatier Domantas Uzpalis sagt dazu: \u201eF\u00fcr mich\u00a0bedeutet die Equator-Kollektion, Zutaten zu verwenden, die aus einem einzigen \u00d6kosystem kommen.\u00a0Weil \u00d6kosysteme seinen Pflanzen das Leben aus seinen\u00a0Mineralien, Wasser und B\u00f6den spenden, weil die\u00a0Pflanzen,\u00a0die gemeinsam gedeihen, gut zusammen schmecken.\u00a0Jede Schokolade aus dieser Kollektion besteht ausschlie\u00dflich aus Zutaten, die in der umliegenden\u00a0Region\u00a0des\u00a0\u00c4quators angebaut werden. Vermischt\u00a0mit hellen und intensiven Aromen entwickelte sich diese hausgemachte tropische Schokolade.<br \/>\nFreunde, lasst euch auf\u00a0ein Dschungelabenteuer ein!&#8220;<\/p>\n<p>Die von Domantas verwendeten Kakaobohnen sind eine spezielle, hausgemachte Mischung aus Bohnen hervorragender Qualit\u00e4t, die derzeit gr\u00f6\u00dftenteils aus Venezuela stammen.<\/p>\n<p><strong>Zutaten<\/strong>: Kakaomasse* (67%), Rohrzucker *, Kakaobutter *, Sauersack * (7%)<br \/>\n* aus wilder oder naturbezogener Landwirtschaft<\/p>\n<p><span style=\"color: #993300;\"><strong>Kann Spuren von N\u00fcssen, Erdn\u00fcssen, Getreide und Milch enthalten<\/strong><\/span><\/p>\n<table border=\"0\" width=\"593\" cellspacing=\"0\" cellpadding=\"0\">\n<tbody>\n<tr>\n<td class=\"xl68\" width=\"333\" height=\"15\"><strong>Nutrition values\/N\u00e4hrwerte\/Voedingswaarde<\/strong><\/td>\n<td class=\"xl66\" width=\"260\"><strong>per\/pro\/per 100 g<\/strong><\/td>\n<\/tr>\n<tr>\n<td class=\"xl64\" height=\"15\">Energy\/Energie<\/td>\n<td class=\"xl65\">560 kcal\/ 2320 kJ<\/td>\n<\/tr>\n<tr>\n<td class=\"xl64\" height=\"15\">Fat\/Fett\/vetten<\/td>\n<td class=\"xl65\">34 g<\/td>\n<\/tr>\n<tr>\n<td class=\"xl64\" height=\"15\">of which saturated\/davon ges\u00e4ttigte Fetts\u00e4uren\/waarvan verzadigd<\/td>\n<td class=\"xl65\">17,5 g<\/td>\n<\/tr>\n<tr>\n<td class=\"xl64\" height=\"15\">Carbonhydrates\/Kohlenhydrate\/koolhydraten<\/td>\n<td class=\"xl65\">53 g<\/td>\n<\/tr>\n<tr>\n<td class=\"xl64\" height=\"15\">of which sugar\/davon Zucker\/waarvan suiker<\/td>\n<td class=\"xl65\">36 g<\/td>\n<\/tr>\n<tr>\n<td class=\"xl64\" height=\"15\">Proteins\/Eiweiss\/eiwitten<\/td>\n<td class=\"xl65\">7,5 g<\/td>\n<\/tr>\n<tr>\n<td class=\"xl67\" height=\"15\">Salt\/Salz\/zout<\/td>\n<td class=\"xl63\">0,017 g<\/td>\n<\/tr>\n<\/tbody>\n<\/table>\n<p>&nbsp;<\/p>\n<p>&nbsp;<\/p>\n","protected":false},"excerpt":{"rendered":"<p>67% dunkle Schokolade mit Sauersack. Die vollreifen Fr\u00fcchte haben einen sehr weichen, saftigen und s\u00fc\u00df-sauren Geschmack und harmonieren himmlisch mit der dunklen Schokolade aus Bolivien.<\/p>\n","protected":false},"featured_media":119186,"comment_status":"open","ping_status":"closed","template":"","meta":[],"product_brand":[100],"product_cat":[15,736],"product_tag":[1232],"class_list":{"0":"post-119175","1":"product","2":"type-product","3":"status-publish","4":"has-post-thumbnail","6":"product_brand-naive","7":"product_cat-schokolade","8":"product_cat-vegan","9":"product_tag-sauersack","10":"infinite-scroll-item","11":"resize-featured-image","12":"sales-flash-overlay","13":"woocommerce-text-align-center","14":"woocommerce-image-align-center","15":"wc-has-gallery","17":"first","18":"outofstock","19":"shipping-taxable","20":"purchasable","21":"product-type-simple"},"_links":{"self":[{"href":"https:\/\/clearchox.com\/de\/wp-json\/wp\/v2\/product\/119175","targetHints":{"allow":["GET"]}}],"collection":[{"href":"https:\/\/clearchox.com\/de\/wp-json\/wp\/v2\/product"}],"about":[{"href":"https:\/\/clearchox.com\/de\/wp-json\/wp\/v2\/types\/product"}],"replies":[{"embeddable":true,"href":"https:\/\/clearchox.com\/de\/wp-json\/wp\/v2\/comments?post=119175"}],"wp:featuredmedia":[{"embeddable":true,"href":"https:\/\/clearchox.com\/de\/wp-json\/wp\/v2\/media\/119186"}],"wp:attachment":[{"href":"https:\/\/clearchox.com\/de\/wp-json\/wp\/v2\/media?parent=119175"}],"wp:term":[{"taxonomy":"product_brand","embeddable":true,"href":"https:\/\/clearchox.com\/de\/wp-json\/wp\/v2\/product_brand?post=119175"},{"taxonomy":"product_cat","embeddable":true,"href":"https:\/\/clearchox.com\/de\/wp-json\/wp\/v2\/product_cat?post=119175"},{"taxonomy":"product_tag","embeddable":true,"href":"https:\/\/clearchox.com\/de\/wp-json\/wp\/v2\/product_tag?post=119175"}],"curies":[{"name":"wp","href":"https:\/\/api.w.org\/{rel}","templated":true}]}}