{"id":119188,"date":"2020-09-07T13:45:21","date_gmt":"2020-09-07T13:45:21","guid":{"rendered":"https:\/\/clearchox.com\/de\/?post_type=product&#038;p=119188"},"modified":"2026-04-14T13:59:01","modified_gmt":"2026-04-14T13:59:01","slug":"naive-dunkle-milchschokolade-mit-durian-61","status":"publish","type":"product","link":"https:\/\/clearchox.com\/de\/shop\/naive-dunkle-milchschokolade-mit-durian-61\/","title":{"rendered":"Naive Dunkle Milchschokolade mit Durian 62%"},"content":{"rendered":"<div>\n<p><strong>Schokolade mit <\/strong><a href=\"https:\/\/de.wikipedia.org\/wiki\/Durian\" target=\"_blank\" rel=\"noopener noreferrer\"><strong>Durian<\/strong><\/a><br \/>\nK\u00e4se, der vorgibt eine Frucht zu sein &#8211; L\u00fcgen zu erz\u00e4hlen, ist nicht so fein. Ein alter Stilton versteckt sich unter Stacheln und ein hinterh\u00e4ltiger Gestank dringt nach au\u00dfen. Wenn wir die Nase abstellen, akzeptieren wir dich so, wie du bist: K\u00f6nig des Dschungels mit dreckigen Socken?! Die Schande ist vorbei, denn dieser Geschmack ist gro\u00dfartig! Stecke deine Nase rein und du wirst sehen, dieses Schokoladenduett soll es sein.<\/p>\n<\/div>\n<h2>Equator-Kollektion<\/h2>\n<p>Chocolatier Domantas Uzpalis sagt dazu: \u201eF\u00fcr mich\u00a0bedeutet die Equator-Kollektion, Zutaten zu verwenden, die aus einem einzigen \u00d6kosystem kommen.\u00a0Weil \u00d6kosysteme seinen Pflanzen das Leben aus seinen\u00a0Mineralien, Wasser und B\u00f6den spenden, weil die\u00a0Pflanzen,\u00a0die gemeinsam gedeihen, gut zusammen schmecken.\u00a0Jede Schokolade aus dieser Kollektion besteht ausschlie\u00dflich aus Zutaten, die in der umliegenden\u00a0Region\u00a0des\u00a0\u00c4quators angebaut werden. Vermischt\u00a0mit hellen und intensiven Aromen entwickelte sich diese hausgemachte tropische Schokolade.<br \/>\nFreunde, lasst euch auf\u00a0ein Dschungelabenteuer ein!&#8220;<\/p>\n<p>Die von Domantas verwendeten Kakaobohnen sind eine spezielle, hausgemachte Mischung aus Bohnen hervorragender Qualit\u00e4t, die derzeit gr\u00f6\u00dftenteils aus Venezuela stammen.<\/p>\n<p><strong>Zutaten<\/strong>: Kakaomasse*, Rohrzucker*, Kakaobutter*, Weidekuh<span style=\"color: #993300;\"><strong><em>milch<\/em><\/strong><\/span>pulver*, Durian * (6%)<br \/>\n* aus wilder oder naturbezogener Landwirtschaft<\/p>\n<p><span style=\"color: #993300;\"><strong><em>Enth\u00e4lt Milch. Kann auch Spuren von N\u00fcssen, Erdn\u00fcssen und Getreide enthalten<\/em>.<br \/>\n<\/strong><\/span><\/p>\n<table border=\"0\" width=\"593\" cellspacing=\"0\" cellpadding=\"0\">\n<tbody>\n<tr>\n<td class=\"xl68\" width=\"333\" height=\"15\"><strong>Nutrition values\/N\u00e4hrwerte\/Voedingswaarde<\/strong><\/td>\n<td class=\"xl66\" width=\"260\"><strong>per\/pro\/per 100 g<\/strong><\/td>\n<\/tr>\n<tr>\n<td class=\"xl64\" height=\"15\">Energy\/Energie<\/td>\n<td class=\"xl65\">560 kcal\/ 2320 kJ<\/td>\n<\/tr>\n<tr>\n<td class=\"xl64\" height=\"15\">Fat\/Fett\/vetten<\/td>\n<td class=\"xl65\">34 g<\/td>\n<\/tr>\n<tr>\n<td class=\"xl64\" height=\"15\">of which saturated\/davon ges\u00e4ttigte Fetts\u00e4uren\/waarvan verzadigd<\/td>\n<td class=\"xl65\">17,5 g<\/td>\n<\/tr>\n<tr>\n<td class=\"xl64\" height=\"15\">Carbonhydrates\/Kohlenhydrate\/koolhydraten<\/td>\n<td class=\"xl65\">53 g<\/td>\n<\/tr>\n<tr>\n<td class=\"xl64\" height=\"15\">of which sugar\/davon Zucker\/waarvan suiker<\/td>\n<td class=\"xl65\">36 g<\/td>\n<\/tr>\n<tr>\n<td class=\"xl64\" height=\"15\">Proteins\/Eiweiss\/eiwitten<\/td>\n<td class=\"xl65\">7,5 g<\/td>\n<\/tr>\n<tr>\n<td class=\"xl67\" height=\"15\">Salt\/Salz\/zout<\/td>\n<td class=\"xl63\">0,017 g<\/td>\n<\/tr>\n<\/tbody>\n<\/table>\n<p>&nbsp;<\/p>\n<p>&nbsp;<\/p>\n","protected":false},"excerpt":{"rendered":"<p>Durian hat den Ruf, nach altem Stilton-K\u00e4se zu riechen. Doch es gibt keinen Grund die Nase zu r\u00fcmpfen. Domantas Uzpalis schafft es, den gro\u00dfartigen Geschmack der Frucht in dieser Schokolade einzufangen. Durian ist eine kraftvolle und zugleich nuancierte Zutat. Und, ist eine der besten Schokoladen, die er je gemacht hat.<\/p>\n","protected":false},"featured_media":119176,"comment_status":"open","ping_status":"closed","template":"","meta":[],"product_brand":[100],"product_cat":[15],"product_tag":[1233,1213],"class_list":{"0":"post-119188","1":"product","2":"type-product","3":"status-publish","4":"has-post-thumbnail","6":"product_brand-naive","7":"product_cat-schokolade","8":"product_tag-durian","9":"product_tag-milch","10":"infinite-scroll-item","11":"resize-featured-image","12":"sales-flash-overlay","13":"woocommerce-text-align-center","14":"woocommerce-image-align-center","15":"wc-has-gallery","17":"first","18":"instock","19":"shipping-taxable","20":"purchasable","21":"product-type-simple"},"_links":{"self":[{"href":"https:\/\/clearchox.com\/de\/wp-json\/wp\/v2\/product\/119188","targetHints":{"allow":["GET"]}}],"collection":[{"href":"https:\/\/clearchox.com\/de\/wp-json\/wp\/v2\/product"}],"about":[{"href":"https:\/\/clearchox.com\/de\/wp-json\/wp\/v2\/types\/product"}],"replies":[{"embeddable":true,"href":"https:\/\/clearchox.com\/de\/wp-json\/wp\/v2\/comments?post=119188"}],"wp:featuredmedia":[{"embeddable":true,"href":"https:\/\/clearchox.com\/de\/wp-json\/wp\/v2\/media\/119176"}],"wp:attachment":[{"href":"https:\/\/clearchox.com\/de\/wp-json\/wp\/v2\/media?parent=119188"}],"wp:term":[{"taxonomy":"product_brand","embeddable":true,"href":"https:\/\/clearchox.com\/de\/wp-json\/wp\/v2\/product_brand?post=119188"},{"taxonomy":"product_cat","embeddable":true,"href":"https:\/\/clearchox.com\/de\/wp-json\/wp\/v2\/product_cat?post=119188"},{"taxonomy":"product_tag","embeddable":true,"href":"https:\/\/clearchox.com\/de\/wp-json\/wp\/v2\/product_tag?post=119188"}],"curies":[{"name":"wp","href":"https:\/\/api.w.org\/{rel}","templated":true}]}}