{"id":119190,"date":"2020-09-07T14:57:07","date_gmt":"2020-09-07T14:57:07","guid":{"rendered":"https:\/\/clearchox.com\/de\/?post_type=product&#038;p=119190"},"modified":"2026-04-13T14:08:34","modified_gmt":"2026-04-13T14:08:34","slug":"naive-molecules-violett-75","status":"publish","type":"product","link":"https:\/\/clearchox.com\/de\/shop\/naive-molecules-violett-75\/","title":{"rendered":"Naive Molecules Violett 75%"},"content":{"rendered":"<p><strong><span class=\"tlid-translation translation\" lang=\"de\"><span class=\"alt-edited\" title=\"\">Dank eines verbesserten Verfahrens, jetzt fast violette Farbe und was f\u00fcr einen Geschmack!!!!<\/span><\/span><\/strong><\/p>\n<p><strong>Bioaktive dunkle Schokolade<\/strong><br \/>\nDomantas sagt: &#8222;Molecules \u2122 ist das innovativste Produkt, das ich je entwickelt habe. Ich habe die chemische Zusammensetzung von Kakao erforscht und es ist eine gro\u00dfe nat\u00fcrliche Quelle f\u00fcr Endocannabinoide, Opiate und Stimulanzien. Die therapeutische Dosis dieser Chemikalien kann die Chemie des Gehirns ver\u00e4ndern und Schokoladeneuphorie ausl\u00f6sen. In Zusammenarbeit mit Wissenschaftlern habe ich den Prozess zur Wahrung der reichlich vorhandenen Mengen an Endorphinen, Antioxidantien, Spurenelementen und Vitaminen in Kakao entwickelt. Diese Schokolade ist den Menschen gewidmet, die ihre eigene Biologie hacken wollen. Mehr als dreihundert sekund\u00e4re Pflanzenstoffe kommen in frischen Kakaobohnen vor und die enthalten auch fast viermal so viele Antioxidantien als normale dunkle Schokolade. Wir haben eine Methode entwickelt, um sie zu erhalten.&#8220;<\/p>\n<p>Die von Domantas verwendeten Kakaobohnen sind eine spezielle, hausgemachte Mischung aus Bohnen hervorragender Qualit\u00e4t, die derzeit gr\u00f6\u00dftenteils aus Venezuela stammen. Der S\u00fc\u00dfstoff Erythrit ist ein nat\u00fcrlicher S\u00fc\u00dfstoff, der in Fr\u00fcchten, aber auch in Pilzen vorkommt. Es hat die S\u00fc\u00dfkraft von 70% Zucker. Im Mund entsteht ein etwas k\u00fchlender Effekt. Erythrit wird vom K\u00f6rper nicht aufgenommen.<\/p>\n<p><strong>Zutaten<\/strong>: Molecules-Kakao* (&gt;75%), Erythrit*, Kakaobutter*<br \/>\n* wild oder naturbelassener Anbau!<\/p>\n<p><span style=\"color: #993300;\"><strong>Kann Spuren von Schalenfr\u00fcchten, Milch, Gerste, Sesam und\u00a0N\u00fcsse enthalten.<\/strong><\/span><\/p>\n<table border=\"0\" width=\"593\" cellspacing=\"0\" cellpadding=\"0\">\n<colgroup>\n<col width=\"333\" \/>\n<col width=\"260\" \/><\/colgroup>\n<tbody>\n<tr>\n<td class=\"xl68\" width=\"333\" height=\"15\"><strong>N\u00e4hrwerte<\/strong><\/td>\n<td class=\"xl66\" width=\"260\"><strong>pro\u00a0100 g<\/strong><\/td>\n<\/tr>\n<tr>\n<td class=\"xl64\" height=\"15\">Energie<\/td>\n<td class=\"xl65\">599 kcal\/ 2506 kj<\/td>\n<\/tr>\n<tr>\n<td class=\"xl64\" height=\"15\">Fett<\/td>\n<td class=\"xl65\">43\u00a0 g<\/td>\n<\/tr>\n<tr>\n<td class=\"xl64\" height=\"15\">davon ges\u00e4ttigte Fetts\u00e4uren<\/td>\n<td class=\"xl65\">25,5 g<\/td>\n<\/tr>\n<tr>\n<td class=\"xl64\" height=\"15\">Kohlenhydrate<\/td>\n<td class=\"xl65\">38 g<\/td>\n<\/tr>\n<tr>\n<td class=\"xl64\" height=\"15\">davon Zucker<\/td>\n<td class=\"xl65\">33 g<\/td>\n<\/tr>\n<tr>\n<td class=\"xl64\" height=\"15\">Eiweiss<\/td>\n<td class=\"xl65\">9,5 g<\/td>\n<\/tr>\n<tr>\n<td class=\"xl67\" height=\"15\">Salz<\/td>\n<td class=\"xl63\">0,017 g<\/td>\n<\/tr>\n<\/tbody>\n<\/table>\n<p>&nbsp;<\/p>\n","protected":false},"excerpt":{"rendered":"<p>Neues Verfahren, das diese Tafel s\u00fcchtig macht. Bioaktive dunkle Schokolade. Diese zusammen mit Wissenschaftlern entwickelte Molekularschokolade, bewahrt die reichhaltigen Mengen an Endorphinen, Antioxidantien, Mineralien und Vitaminen, die in frischem Kakao nat\u00fcrlich vorkommen. Mit Erythrit ges\u00fc\u00dft, zart-fruchtig, k\u00fchlend.<\/p>\n","protected":false},"featured_media":119180,"comment_status":"open","ping_status":"closed","template":"","meta":[],"product_brand":[100],"product_cat":[15,736],"product_tag":[1225],"class_list":{"0":"post-119190","1":"product","2":"type-product","3":"status-publish","4":"has-post-thumbnail","6":"product_brand-naive","7":"product_cat-schokolade","8":"product_cat-vegan","9":"product_tag-erythrit","10":"product_shipping_class-16","11":"infinite-scroll-item","12":"resize-featured-image","13":"sales-flash-overlay","14":"woocommerce-text-align-center","15":"woocommerce-image-align-center","16":"wc-has-gallery","18":"first","19":"instock","20":"shipping-taxable","21":"purchasable","22":"product-type-simple"},"_links":{"self":[{"href":"https:\/\/clearchox.com\/de\/wp-json\/wp\/v2\/product\/119190","targetHints":{"allow":["GET"]}}],"collection":[{"href":"https:\/\/clearchox.com\/de\/wp-json\/wp\/v2\/product"}],"about":[{"href":"https:\/\/clearchox.com\/de\/wp-json\/wp\/v2\/types\/product"}],"replies":[{"embeddable":true,"href":"https:\/\/clearchox.com\/de\/wp-json\/wp\/v2\/comments?post=119190"}],"wp:featuredmedia":[{"embeddable":true,"href":"https:\/\/clearchox.com\/de\/wp-json\/wp\/v2\/media\/119180"}],"wp:attachment":[{"href":"https:\/\/clearchox.com\/de\/wp-json\/wp\/v2\/media?parent=119190"}],"wp:term":[{"taxonomy":"product_brand","embeddable":true,"href":"https:\/\/clearchox.com\/de\/wp-json\/wp\/v2\/product_brand?post=119190"},{"taxonomy":"product_cat","embeddable":true,"href":"https:\/\/clearchox.com\/de\/wp-json\/wp\/v2\/product_cat?post=119190"},{"taxonomy":"product_tag","embeddable":true,"href":"https:\/\/clearchox.com\/de\/wp-json\/wp\/v2\/product_tag?post=119190"}],"curies":[{"name":"wp","href":"https:\/\/api.w.org\/{rel}","templated":true}]}}