{"id":127074,"date":"2021-02-03T19:23:16","date_gmt":"2021-02-03T19:23:16","guid":{"rendered":"https:\/\/clearchox.com\/de\/?post_type=product&#038;p=127074"},"modified":"2026-04-23T07:34:35","modified_gmt":"2026-04-23T07:34:35","slug":"georgia-ramon-tanzania-crunchy-100-bio","status":"publish","type":"product","link":"https:\/\/clearchox.com\/de\/shop\/georgia-ramon-tanzania-crunchy-100-bio\/","title":{"rendered":"Georgia Ramon Tanzania Crunchy 100% BIO"},"content":{"rendered":"<p>Georgia Ramon verarbeitet hier die fruchtig-aromatischen Kakaobohnen von <a href=\"http:\/\/www.kokoakamili.com\/operations\" target=\"_blank\" rel=\"noopener\">Kokoa Kamili<\/a> aus Tansania. In der Kooperative arbeiten etwa 4000 Kleinbauern. Ihre Ernten werden zentral gesammelt und mit hoher Pr\u00e4zision erfolgen Fermentation und Trocknung. Der sch\u00f6nste Lohn Ihrer harten Arbeit wurde Kokoa Kamili bereits Ende 2017 zuteil, mit dem <a href=\"http:\/\/www.cocoaofexcellence.org\/-2017-edition\" target=\"_blank\" rel=\"noopener\">Cocoa of Excellence<\/a>. Mit dieser Auszeichnung z\u00e4hlen ihre Kakaobohnen zu den besten 18 der Welt.<\/p>\n<p>Mehr als 100% beste Trinitario Bohnen zur Tafel verarbeitet, geht eigentlich nicht. Doch, wenn ger\u00f6stete Kakaonibs von ihr ummantelt werden. Die Vielfalt der fruchtigen Aromen mit dezent holzigen bis leicht an Brownie anmutenden Noten sind in dieser crunchigen Tafel wunderbar vereint. Mehr geht nicht.<\/p>\n<p><strong>Zutaten<\/strong><br \/>\nKakaomasse, ger\u00f6stete Kakao-Nibs<\/p>\n<p><strong>Kakaosorte<\/strong>: Trinitario<\/p>\n<p><strong>Aromaprofil<\/strong>: intensiver Schokoladencharakter mit Zitrusfr\u00fcchten, Akzente von ger\u00f6steten N\u00fcssen.<\/p>\n<p>Garantiert glutenfrei<br \/>\n<span style=\"color: #993300;\"><strong>Kann Spuren von Schalenfr\u00fcchten, Erdn\u00fcssen und Milch enthalten.<\/strong><\/span><\/p>\n<table width=\"593\">\n<tbody>\n<tr>\n<td width=\"333\">N\u00e4hrwerte\/Nutritional values<\/td>\n<td width=\"260\">Per 100 g<\/td>\n<\/tr>\n<tr>\n<td>Energie\/Energy<\/td>\n<td>617 kcal\/ 2583 kJ<\/td>\n<\/tr>\n<tr>\n<td>Fett\/Fat<\/td>\n<td>54 g<\/td>\n<\/tr>\n<tr>\n<td>davon ges\u00e4ttigte Fetts\u00e4uren\/of that saturated fatty acids<\/td>\n<td>33 g<\/td>\n<\/tr>\n<tr>\n<td>Kohlenhydrate\/Carbohydrates<\/td>\n<td>11 g<\/td>\n<\/tr>\n<tr>\n<td>davon Zucker\/of that sugar<\/td>\n<td>0,6 g<\/td>\n<\/tr>\n<tr>\n<td>Eiweiss\/Protein<\/td>\n<td>14 g<\/td>\n<\/tr>\n<tr>\n<td>Salz\/Salt<\/td>\n<td>0,04 g<\/td>\n<\/tr>\n<\/tbody>\n<\/table>\n<p>&nbsp;<\/p>\n","protected":false},"excerpt":{"rendered":"<p>In dieser 100% Tafel entfalten sich die Fruchtaromen zu einem Zitruscocktail, begleitet von angenehm holzigen Noten und leichten Brownie-Aromen. Kakaonibs werden von ihr ummantelt und sorgen f\u00fcr einen extra Crunch.<\/p>\n","protected":false},"featured_media":127080,"comment_status":"open","ping_status":"closed","template":"","meta":[],"product_brand":[77],"product_cat":[15,736],"product_tag":[],"class_list":{"0":"post-127074","1":"product","2":"type-product","3":"status-publish","4":"has-post-thumbnail","6":"product_brand-georgia-ramon","7":"product_cat-schokolade","8":"product_cat-vegan","9":"product_shipping_class-16","10":"infinite-scroll-item","11":"resize-featured-image","12":"sales-flash-overlay","13":"woocommerce-text-align-center","14":"woocommerce-image-align-center","15":"wc-has-gallery","17":"first","18":"instock","19":"shipping-taxable","20":"purchasable","21":"product-type-simple"},"_links":{"self":[{"href":"https:\/\/clearchox.com\/de\/wp-json\/wp\/v2\/product\/127074","targetHints":{"allow":["GET"]}}],"collection":[{"href":"https:\/\/clearchox.com\/de\/wp-json\/wp\/v2\/product"}],"about":[{"href":"https:\/\/clearchox.com\/de\/wp-json\/wp\/v2\/types\/product"}],"replies":[{"embeddable":true,"href":"https:\/\/clearchox.com\/de\/wp-json\/wp\/v2\/comments?post=127074"}],"wp:featuredmedia":[{"embeddable":true,"href":"https:\/\/clearchox.com\/de\/wp-json\/wp\/v2\/media\/127080"}],"wp:attachment":[{"href":"https:\/\/clearchox.com\/de\/wp-json\/wp\/v2\/media?parent=127074"}],"wp:term":[{"taxonomy":"product_brand","embeddable":true,"href":"https:\/\/clearchox.com\/de\/wp-json\/wp\/v2\/product_brand?post=127074"},{"taxonomy":"product_cat","embeddable":true,"href":"https:\/\/clearchox.com\/de\/wp-json\/wp\/v2\/product_cat?post=127074"},{"taxonomy":"product_tag","embeddable":true,"href":"https:\/\/clearchox.com\/de\/wp-json\/wp\/v2\/product_tag?post=127074"}],"curies":[{"name":"wp","href":"https:\/\/api.w.org\/{rel}","templated":true}]}}