{"id":127200,"date":"2021-02-04T11:15:03","date_gmt":"2021-02-04T11:15:03","guid":{"rendered":"https:\/\/clearchox.com\/de\/?post_type=product&#038;p=127200"},"modified":"2026-03-09T10:48:30","modified_gmt":"2026-03-09T10:48:30","slug":"georgia-ramon-cacao-lassi-47-bio","status":"publish","type":"product","link":"https:\/\/clearchox.com\/de\/shop\/georgia-ramon-cacao-lassi-47-bio\/","title":{"rendered":"Georgia Ramon Cacao Lassi 47% BIO"},"content":{"rendered":"<p>Diese cremige und frische Milchschokolade ist inspiriert durch das typisch indische Joghurtgetr\u00e4nk Lassi, \u00e4hnlich dem t\u00fcrkischen Ayran. Salzige und fruchtige Lassi sind in allen asiatischen L\u00e4ndern weit verbreitet. In Indien wird es gerne zu scharfen Gerichten getrunken, um die Sch\u00e4rfe zu mildern.<\/p>\n<p>Lassi-trinken wird bleiben. Ab jetzt kann man Lassi auch essen. Georgia Ramon beweist es mit dieser frischen Milchschokolade, veredelt mit fruchtigen Kakaoaromen des s\u00fcd-indischen Kakaos.<\/p>\n<p><strong>Zutaten<\/strong>: Kakaobutter, Rohrohrzucker, Kakaomasse (Indien, Kerala), <span style=\"color: #993300\"><em><strong>Joghurt<\/strong><\/em><\/span>pulver (18%), Voll<span style=\"color: #993300\"><em><strong>milch<\/strong><\/em><\/span>pulver<\/p>\n<p><strong>Kakao<\/strong>: Malabar forest beans<\/p>\n<p><strong>Aroma<\/strong>: Milchig-cremig mit einer frischen, leicht s\u00fc\u00dflichen Kakaonote.<\/p>\n<p><strong>Garantiert glutenfrei<\/strong><\/p>\n<p><span style=\"color: #993300\"><em><strong>Enth\u00e4lt Milch. Kann Spuren von Schalenfr\u00fcchten enthalten. <\/strong><\/em><\/span><\/p>\n<table width=\"593\">\n<tbody>\n<tr>\n<td width=\"333\">N\u00e4hrwerte\/Nutritional values\/Voedingswaarde<\/td>\n<td width=\"260\">Per 100 g<\/td>\n<\/tr>\n<tr>\n<td>Energie\/Energy<\/td>\n<td>617 kcal\/ 2583 kJ<\/td>\n<\/tr>\n<tr>\n<td>Fett\/Fat\/Vet<\/td>\n<td>54 g<\/td>\n<\/tr>\n<tr>\n<td>davon ges\u00e4ttigte Fetts\u00e4uren\/of that saturated fatty acids\/ waarvan verzadigde<\/td>\n<td>33 g<\/td>\n<\/tr>\n<tr>\n<td>Kohlenhydrate\/Carbohydrates\/koolhydraten<\/td>\n<td>11 g<\/td>\n<\/tr>\n<tr>\n<td>davon Zucker\/of that sugar\/waarvan suiker<\/td>\n<td>0,6 g<\/td>\n<\/tr>\n<tr>\n<td>Eiweiss\/Protein\/eiwit<\/td>\n<td>14 g<\/td>\n<\/tr>\n<tr>\n<td>Salz\/Salt\/zout<\/td>\n<td>0,04 g<\/td>\n<\/tr>\n<\/tbody>\n<\/table>\n","protected":false},"excerpt":{"rendered":"<p>Indischer Kakao trifft auf Joghurt. Das typisch indische Joghurtgetr\u00e4nk, das man jetzt auch essen kann. Das lassi mir gerne gefallen!<\/p>\n","protected":false},"featured_media":127202,"comment_status":"open","ping_status":"closed","template":"","meta":[],"product_brand":[77],"product_cat":[735,15],"product_tag":[],"class_list":{"0":"post-127200","1":"product","2":"type-product","3":"status-publish","4":"has-post-thumbnail","6":"product_brand-georgia-ramon","7":"product_cat-bio","8":"product_cat-schokolade","9":"infinite-scroll-item","10":"resize-featured-image","11":"sales-flash-overlay","12":"woocommerce-text-align-center","13":"woocommerce-image-align-center","14":"wc-has-gallery","16":"first","17":"instock","18":"shipping-taxable","19":"purchasable","20":"product-type-simple"},"_links":{"self":[{"href":"https:\/\/clearchox.com\/de\/wp-json\/wp\/v2\/product\/127200","targetHints":{"allow":["GET"]}}],"collection":[{"href":"https:\/\/clearchox.com\/de\/wp-json\/wp\/v2\/product"}],"about":[{"href":"https:\/\/clearchox.com\/de\/wp-json\/wp\/v2\/types\/product"}],"replies":[{"embeddable":true,"href":"https:\/\/clearchox.com\/de\/wp-json\/wp\/v2\/comments?post=127200"}],"wp:featuredmedia":[{"embeddable":true,"href":"https:\/\/clearchox.com\/de\/wp-json\/wp\/v2\/media\/127202"}],"wp:attachment":[{"href":"https:\/\/clearchox.com\/de\/wp-json\/wp\/v2\/media?parent=127200"}],"wp:term":[{"taxonomy":"product_brand","embeddable":true,"href":"https:\/\/clearchox.com\/de\/wp-json\/wp\/v2\/product_brand?post=127200"},{"taxonomy":"product_cat","embeddable":true,"href":"https:\/\/clearchox.com\/de\/wp-json\/wp\/v2\/product_cat?post=127200"},{"taxonomy":"product_tag","embeddable":true,"href":"https:\/\/clearchox.com\/de\/wp-json\/wp\/v2\/product_tag?post=127200"}],"curies":[{"name":"wp","href":"https:\/\/api.w.org\/{rel}","templated":true}]}}