{"id":127275,"date":"2021-02-04T19:14:54","date_gmt":"2021-02-04T19:14:54","guid":{"rendered":"https:\/\/clearchox.com\/de\/?post_type=product&#038;p=127275"},"modified":"2026-04-24T11:03:54","modified_gmt":"2026-04-24T11:03:54","slug":"georgia-ramon-panama-72-bio","status":"publish","type":"product","link":"https:\/\/clearchox.com\/de\/shop\/georgia-ramon-panama-72-bio\/","title":{"rendered":"Georgia Ramon Panama 72% BIO"},"content":{"rendered":"<p>Die Kakaobohen stammen von der Finca Quebrada Lim\u00f2n, die sich im \u00e4u\u00dferen Westen Panamas befindet, unfern zur Grenze Costa Ricas. Durch Wiederaufforstungsprojekte gedeiht dort 100% sortenreiner Edelkakao des Typs Trinitario in Mischkultur und bietet mittlerweile auch seltenen Tieren und Pflanzen wieder einen gesch\u00fctzten Ort.<\/p>\n<p>&nbsp;<\/p>\n<p>&nbsp;<\/p>\n<p><strong>Zutaten<\/strong>: Kakaomasse, Rohrohrzucker, Kakaobutter<\/p>\n<p><strong>Kakaosorte<\/strong>: trinitario<\/p>\n<p><strong>Aroma<\/strong>: Wunderbar kakaoaromatisch und dennoch blumig mild. Sie ist intensiv ohne st\u00f6rende S\u00e4ure und wird begleitet von einer Holznote mit nussigen Nuancen.<\/p>\n<p><strong>Garantiert glutenfrei<\/strong><\/p>\n<p><span style=\"color: #993300\"><em><strong>Kann Spuren von Milch und Schalenfr\u00fcchten enthalten<\/strong><\/em><\/span><\/p>\n<p>&nbsp;<\/p>\n<table width=\"593\">\n<tbody>\n<tr>\n<td width=\"333\">N\u00e4hrwerte\/Nutritional values\/Voedingswaarde<\/td>\n<td width=\"260\">Per 100 g<\/td>\n<\/tr>\n<tr>\n<td>Energie\/Energy<\/td>\n<td>538 kcal\/ 2252 kJ<\/td>\n<\/tr>\n<tr>\n<td>Fett\/Fat\/Vet<\/td>\n<td>41 g<\/td>\n<\/tr>\n<tr>\n<td>davon ges\u00e4ttigte Fetts\u00e4uren\/of that saturated fatty acids\/ waarvan verzadigde<\/td>\n<td>25 g<\/td>\n<\/tr>\n<tr>\n<td>Kohlenhydrate\/Carbohydrates\/koolhydraten<\/td>\n<td>33 g<\/td>\n<\/tr>\n<tr>\n<td>davon Zucker\/of that sugar\/waarvan suiker<\/td>\n<td>28 g<\/td>\n<\/tr>\n<tr>\n<td>Eiweiss\/Protein\/eiwit<\/td>\n<td>9 g<\/td>\n<\/tr>\n<tr>\n<td>Salz\/Salt\/zout<\/td>\n<td>0,01 g<\/td>\n<\/tr>\n<\/tbody>\n<\/table>\n","protected":false},"excerpt":{"rendered":"<p>Die 72% Schokolade ist intensiv kakaoaromatisch und sehr s\u00e4urearm. Begleitet von einer Holznote mit nussigen Nuancen \u2013 der perfekte Genuss.<\/p>\n","protected":false},"featured_media":127307,"comment_status":"open","ping_status":"closed","template":"","meta":[],"product_brand":[77],"product_cat":[735,15,736],"product_tag":[],"class_list":{"0":"post-127275","1":"product","2":"type-product","3":"status-publish","4":"has-post-thumbnail","6":"product_brand-georgia-ramon","7":"product_cat-bio","8":"product_cat-schokolade","9":"product_cat-vegan","10":"infinite-scroll-item","11":"resize-featured-image","12":"sales-flash-overlay","13":"woocommerce-text-align-center","14":"woocommerce-image-align-center","15":"wc-has-gallery","17":"first","18":"instock","19":"shipping-taxable","20":"purchasable","21":"product-type-simple"},"_links":{"self":[{"href":"https:\/\/clearchox.com\/de\/wp-json\/wp\/v2\/product\/127275","targetHints":{"allow":["GET"]}}],"collection":[{"href":"https:\/\/clearchox.com\/de\/wp-json\/wp\/v2\/product"}],"about":[{"href":"https:\/\/clearchox.com\/de\/wp-json\/wp\/v2\/types\/product"}],"replies":[{"embeddable":true,"href":"https:\/\/clearchox.com\/de\/wp-json\/wp\/v2\/comments?post=127275"}],"wp:featuredmedia":[{"embeddable":true,"href":"https:\/\/clearchox.com\/de\/wp-json\/wp\/v2\/media\/127307"}],"wp:attachment":[{"href":"https:\/\/clearchox.com\/de\/wp-json\/wp\/v2\/media?parent=127275"}],"wp:term":[{"taxonomy":"product_brand","embeddable":true,"href":"https:\/\/clearchox.com\/de\/wp-json\/wp\/v2\/product_brand?post=127275"},{"taxonomy":"product_cat","embeddable":true,"href":"https:\/\/clearchox.com\/de\/wp-json\/wp\/v2\/product_cat?post=127275"},{"taxonomy":"product_tag","embeddable":true,"href":"https:\/\/clearchox.com\/de\/wp-json\/wp\/v2\/product_tag?post=127275"}],"curies":[{"name":"wp","href":"https:\/\/api.w.org\/{rel}","templated":true}]}}