{"id":127426,"date":"2021-02-05T15:52:53","date_gmt":"2021-02-05T15:52:53","guid":{"rendered":"https:\/\/clearchox.com\/de\/?post_type=product&#038;p=127426"},"modified":"2026-04-17T07:28:01","modified_gmt":"2026-04-17T07:28:01","slug":"georgia-ramon-gruene-pistazien-bio","status":"publish","type":"product","link":"https:\/\/clearchox.com\/de\/shop\/georgia-ramon-gruene-pistazien-bio\/","title":{"rendered":"Georgia Ramon Gr\u00fcne Pistazien BIO"},"content":{"rendered":"<p><strong>Zutaten<\/strong>: Kakaobutter, Rohrohrzucker, Kakaomasse, Voll<span style=\"color: #993300;\"><strong><em>milch<\/em><\/strong><\/span>pulver, <span style=\"color: #993300;\"><em><strong>Pistazien<\/strong> <\/em><\/span>(19%), Meersalz<\/p>\n<p><strong>Garantiert glutenfrei<\/strong><\/p>\n<p><em><span style=\"color: #993300;\"><strong>Enth\u00e4lt Milch und N\u00fcsse. Kann Spuren von Erdn\u00fcssen enthalten.<\/strong><\/span><\/em><\/p>\n<table width=\"593\">\n<tbody>\n<tr>\n<td width=\"333\"><strong>N\u00e4hrwerte\/Voedingswaarde\/Nutrition values<br \/>\n<\/strong><\/td>\n<td width=\"260\"><strong>per\/pro 100 g<\/strong><\/td>\n<\/tr>\n<tr>\n<td>Energie\/Energy<\/td>\n<td>625 kcal\/ 2617 kJ<\/td>\n<\/tr>\n<tr>\n<td>Fett\/Fat\/Vet<\/td>\n<td>51 g<\/td>\n<\/tr>\n<tr>\n<td>davon ges\u00e4ttigte\/of which saturated\/waarvan verzadigde<\/td>\n<td>26 g<\/td>\n<\/tr>\n<tr>\n<td>Kohlenhydrate\/Carbohydrate\/Koolhydraten<\/td>\n<td>35 g<\/td>\n<\/tr>\n<tr>\n<td>davon Zucker\/of which sugar\/waarvan suiker<\/td>\n<td>33 g<\/td>\n<\/tr>\n<tr>\n<td>Eiwei\u00df\/Protein\/Eiwit<\/td>\n<td>10 g<\/td>\n<\/tr>\n<tr>\n<td>Salz\/Salt\/Zout<\/td>\n<td>0,29 g<\/td>\n<\/tr>\n<\/tbody>\n<\/table>\n","protected":false},"excerpt":{"rendered":"<p>Wei\u00dfe &#8211; na ja, gr\u00fcne &#8211; Milchschokolade, verfeinert mit sanft ger\u00f6steten und gesalzenen Pistazien, aus Sizilien.<\/p>\n","protected":false},"featured_media":127427,"comment_status":"open","ping_status":"closed","template":"","meta":[],"product_brand":[77],"product_cat":[735,15],"product_tag":[],"class_list":{"0":"post-127426","1":"product","2":"type-product","3":"status-publish","4":"has-post-thumbnail","6":"product_brand-georgia-ramon","7":"product_cat-bio","8":"product_cat-schokolade","9":"product_shipping_class-16","10":"infinite-scroll-item","11":"resize-featured-image","12":"sales-flash-overlay","13":"woocommerce-text-align-center","14":"woocommerce-image-align-center","15":"wc-has-gallery","17":"first","18":"instock","19":"shipping-taxable","20":"purchasable","21":"product-type-simple"},"_links":{"self":[{"href":"https:\/\/clearchox.com\/de\/wp-json\/wp\/v2\/product\/127426","targetHints":{"allow":["GET"]}}],"collection":[{"href":"https:\/\/clearchox.com\/de\/wp-json\/wp\/v2\/product"}],"about":[{"href":"https:\/\/clearchox.com\/de\/wp-json\/wp\/v2\/types\/product"}],"replies":[{"embeddable":true,"href":"https:\/\/clearchox.com\/de\/wp-json\/wp\/v2\/comments?post=127426"}],"wp:featuredmedia":[{"embeddable":true,"href":"https:\/\/clearchox.com\/de\/wp-json\/wp\/v2\/media\/127427"}],"wp:attachment":[{"href":"https:\/\/clearchox.com\/de\/wp-json\/wp\/v2\/media?parent=127426"}],"wp:term":[{"taxonomy":"product_brand","embeddable":true,"href":"https:\/\/clearchox.com\/de\/wp-json\/wp\/v2\/product_brand?post=127426"},{"taxonomy":"product_cat","embeddable":true,"href":"https:\/\/clearchox.com\/de\/wp-json\/wp\/v2\/product_cat?post=127426"},{"taxonomy":"product_tag","embeddable":true,"href":"https:\/\/clearchox.com\/de\/wp-json\/wp\/v2\/product_tag?post=127426"}],"curies":[{"name":"wp","href":"https:\/\/api.w.org\/{rel}","templated":true}]}}