{"id":130124,"date":"2021-03-23T13:09:16","date_gmt":"2021-03-23T13:09:16","guid":{"rendered":"https:\/\/clearchox.com\/de\/shop\/auro-couvertures-100\/"},"modified":"2026-04-23T09:12:44","modified_gmt":"2026-04-23T09:12:44","slug":"auro-kuvertueren-100","status":"publish","type":"product","link":"https:\/\/clearchox.com\/de\/shop\/auro-kuvertueren-100\/","title":{"rendered":"Auro Kuvert\u00fcre 100%"},"content":{"rendered":"<p><strong>Zutaten<\/strong>: Kakaomasse<\/p>\n<p><strong>Garantiert glutenfrei<\/strong><\/p>\n<p><span style=\"color: #993300;\"><em><strong>Kann Spuren von Soja, Milch und Erdn\u00fcssen und Schalenfr\u00fcchten enthalten<\/strong><\/em><\/span><\/p>\n<p>&nbsp;<\/p>\n<table width=\"593\">\n<tbody>\n<tr>\n<td width=\"333\">N\u00e4hrwerte\/Nutritional values\/Voedingswaarde<\/td>\n<td width=\"260\">Per 100 g<\/td>\n<\/tr>\n<tr>\n<td>Energie\/Energy<\/td>\n<td>600kcal\/ 2510 kJ<\/td>\n<\/tr>\n<tr>\n<td>Fett\/Fat\/Vet<\/td>\n<td>51 g<\/td>\n<\/tr>\n<tr>\n<td>davon ges\u00e4ttigte Fetts\u00e4uren\/of that saturated fatty acids\/ waarvan verzadigde<\/td>\n<td>31 g<\/td>\n<\/tr>\n<tr>\n<td>Kohlenhydrate\/Carbohydrates\/koolhydraten<\/td>\n<td>24 g<\/td>\n<\/tr>\n<tr>\n<td>davon Zucker\/of that sugar\/waarvan suiker<\/td>\n<td>1 g<\/td>\n<\/tr>\n<tr>\n<td>Eiweiss\/Protein\/eiwit<\/td>\n<td>13 g<\/td>\n<\/tr>\n<tr>\n<td>Salz\/Salt\/zout<\/td>\n<td>3 mg<\/td>\n<\/tr>\n<\/tbody>\n<\/table>\n","protected":false},"excerpt":{"rendered":"<p>Preisgekr\u00f6nte 100% unges\u00fc\u00dfte Schokoladen-Kuvert\u00fcre, die aus den feinsten Kakaobohnen hergestellt wird, die direkt von den Bauern in Davao bezogen werden; perfekt f\u00fcr alle Trink- und Kochbed\u00fcrfnisse.<\/p>\n","protected":false},"featured_media":130129,"comment_status":"open","ping_status":"closed","template":"","meta":[],"product_brand":[116],"product_cat":[754,15,736],"product_tag":[],"class_list":{"0":"post-130124","1":"product","2":"type-product","3":"status-publish","4":"has-post-thumbnail","6":"product_brand-auro","7":"product_cat-herkunftschokolade","8":"product_cat-schokolade","9":"product_cat-vegan","10":"product_shipping_class-16","11":"infinite-scroll-item","12":"resize-featured-image","13":"sales-flash-overlay","14":"woocommerce-text-align-center","15":"woocommerce-image-align-center","16":"wc-has-gallery","18":"first","19":"instock","20":"shipping-taxable","21":"purchasable","22":"product-type-simple"},"_links":{"self":[{"href":"https:\/\/clearchox.com\/de\/wp-json\/wp\/v2\/product\/130124","targetHints":{"allow":["GET"]}}],"collection":[{"href":"https:\/\/clearchox.com\/de\/wp-json\/wp\/v2\/product"}],"about":[{"href":"https:\/\/clearchox.com\/de\/wp-json\/wp\/v2\/types\/product"}],"replies":[{"embeddable":true,"href":"https:\/\/clearchox.com\/de\/wp-json\/wp\/v2\/comments?post=130124"}],"wp:featuredmedia":[{"embeddable":true,"href":"https:\/\/clearchox.com\/de\/wp-json\/wp\/v2\/media\/130129"}],"wp:attachment":[{"href":"https:\/\/clearchox.com\/de\/wp-json\/wp\/v2\/media?parent=130124"}],"wp:term":[{"taxonomy":"product_brand","embeddable":true,"href":"https:\/\/clearchox.com\/de\/wp-json\/wp\/v2\/product_brand?post=130124"},{"taxonomy":"product_cat","embeddable":true,"href":"https:\/\/clearchox.com\/de\/wp-json\/wp\/v2\/product_cat?post=130124"},{"taxonomy":"product_tag","embeddable":true,"href":"https:\/\/clearchox.com\/de\/wp-json\/wp\/v2\/product_tag?post=130124"}],"curies":[{"name":"wp","href":"https:\/\/api.w.org\/{rel}","templated":true}]}}