{"id":130698,"date":"2021-07-31T18:56:27","date_gmt":"2021-07-31T18:56:27","guid":{"rendered":"https:\/\/clearchox.com\/de\/?post_type=product&#038;p=130698"},"modified":"2025-09-24T09:43:54","modified_gmt":"2025-09-24T09:43:54","slug":"grenada-chocolate-company-82-bio","status":"publish","type":"product","link":"https:\/\/clearchox.com\/de\/shop\/grenada-chocolate-company-82-bio\/","title":{"rendered":"Grenada Chocolate Company &#8211; 82% BIO"},"content":{"rendered":"<p>Bei Grenada Chocolate Company stellen die Kakaobauern auch Schokolade her. Tree to Bar, wie es genannt wird, aus dem wunderbar aromatischen Trinitario-Kakao.<br \/>\nDie Herstellung erfolgt von Hand in kleinen Chargen, um eine optimale Qualit\u00e4t zu gew\u00e4hrleisten. Die Fabrik wird durch Solarzellen mit Strom versorgt.<\/p>\n<p><strong>Zutaten<\/strong>: Kakaomasse, Rohrzucker, Kakaobutter, <strong>Soja<\/strong>lecithin<br \/>\n<strong>Aroma<\/strong>: Noten von Trockenfr\u00fcchten, Zitrusfr\u00fcchten, roten Johannisbeeren, wei\u00dfen Fr\u00fcchten und Gew\u00fcrzen<\/p>\n<p><span style=\"color: #993300;\"><em><strong>Enth\u00e4lt Sojalecithin. Frei von Milch, N\u00fcssen und Gluten<\/strong><\/em><\/span><\/p>\n<table border=\"0\" width=\"593\" cellspacing=\"0\" cellpadding=\"0\">\n<colgroup>\n<col width=\"333\" \/>\n<col width=\"260\" \/><\/colgroup>\n<tbody>\n<tr>\n<td class=\"xl68\" width=\"333\" height=\"15\"><strong>N\u00e4hrwerte\/Voedingswaarde\/Nutrition value\/Information nutritionelles<br \/>\n<\/strong><\/td>\n<td class=\"xl66\" width=\"260\"><strong>pro\/per\/par 100 g<\/strong><\/td>\n<\/tr>\n<tr>\n<td class=\"xl64\" height=\"15\">Energie\/Energy<\/td>\n<td class=\"xl65\">580 kcal | 2426 kJ<\/td>\n<\/tr>\n<tr>\n<td class=\"xl64\" height=\"15\">Fett\/vet\/vat\/lipides totaux<\/td>\n<td class=\"xl65\">44 g<\/td>\n<\/tr>\n<tr>\n<td class=\"xl64\" height=\"15\">davon ges\u00e4ttigte Fetts\u00e4uren\/waarvan verzadigs\/of which saturated\/dont acides gras saturis<\/td>\n<td class=\"xl65\">26,6 g<\/td>\n<\/tr>\n<tr>\n<td class=\"xl64\" height=\"15\">Kohlenhydrate\/koolhydraten\/carbon hydrates\/glucides totaux<\/td>\n<td class=\"xl65\">40,6 g<\/td>\n<\/tr>\n<tr>\n<td class=\"xl64\" height=\"15\">davon Zucker\/waarvan suiker\/of which sugar\/dont sucre<\/td>\n<td class=\"xl65\">18,1 g<\/td>\n<\/tr>\n<tr>\n<td class=\"xl64\" height=\"15\">Eiweiss\/eiwit\/proteins\/prot\u00e9ines<\/td>\n<td class=\"xl65\">10,7 g<\/td>\n<\/tr>\n<tr>\n<td class=\"xl67\" height=\"15\">Salz\/zout\/salt\/sel<\/td>\n<td class=\"xl63\">0,0 g<\/td>\n<\/tr>\n<\/tbody>\n<\/table>\n<p>EAN 895029000069<\/p>\n","protected":false},"excerpt":{"rendered":"<p>Trinitario-Schokolade aus Grenada. Die Sonne knallt auf diese Tafel, die einen frischen Geschmack mit Noten von Trockenfr\u00fcchten, Zitrusfr\u00fcchten, roten Beeren, wei\u00dfen Fr\u00fcchten und Gew\u00fcrzen hat.<\/p>\n","protected":false},"featured_media":130665,"comment_status":"open","ping_status":"closed","template":"","meta":[],"product_brand":[769],"product_cat":[735,754,15,736],"product_tag":[],"class_list":{"0":"post-130698","1":"product","2":"type-product","3":"status-publish","4":"has-post-thumbnail","6":"product_brand-grenada-chocolate-company","7":"product_cat-bio","8":"product_cat-herkunftschokolade","9":"product_cat-schokolade","10":"product_cat-vegan","11":"product_shipping_class-16","12":"infinite-scroll-item","13":"resize-featured-image","14":"sales-flash-overlay","15":"woocommerce-text-align-center","16":"woocommerce-image-align-center","17":"wc-has-gallery","19":"first","20":"outofstock","21":"shipping-taxable","22":"purchasable","23":"product-type-simple"},"_links":{"self":[{"href":"https:\/\/clearchox.com\/de\/wp-json\/wp\/v2\/product\/130698","targetHints":{"allow":["GET"]}}],"collection":[{"href":"https:\/\/clearchox.com\/de\/wp-json\/wp\/v2\/product"}],"about":[{"href":"https:\/\/clearchox.com\/de\/wp-json\/wp\/v2\/types\/product"}],"replies":[{"embeddable":true,"href":"https:\/\/clearchox.com\/de\/wp-json\/wp\/v2\/comments?post=130698"}],"wp:featuredmedia":[{"embeddable":true,"href":"https:\/\/clearchox.com\/de\/wp-json\/wp\/v2\/media\/130665"}],"wp:attachment":[{"href":"https:\/\/clearchox.com\/de\/wp-json\/wp\/v2\/media?parent=130698"}],"wp:term":[{"taxonomy":"product_brand","embeddable":true,"href":"https:\/\/clearchox.com\/de\/wp-json\/wp\/v2\/product_brand?post=130698"},{"taxonomy":"product_cat","embeddable":true,"href":"https:\/\/clearchox.com\/de\/wp-json\/wp\/v2\/product_cat?post=130698"},{"taxonomy":"product_tag","embeddable":true,"href":"https:\/\/clearchox.com\/de\/wp-json\/wp\/v2\/product_tag?post=130698"}],"curies":[{"name":"wp","href":"https:\/\/api.w.org\/{rel}","templated":true}]}}