{"id":130784,"date":"2021-08-05T17:43:09","date_gmt":"2021-08-05T17:43:09","guid":{"rendered":"https:\/\/clearchox.com\/de\/?post_type=product&#038;p=130784"},"modified":"2026-04-23T19:13:34","modified_gmt":"2026-04-23T19:13:34","slug":"latitude-weisser-karamell-40","status":"publish","type":"product","link":"https:\/\/clearchox.com\/de\/shop\/latitude-weisser-karamell-40\/","title":{"rendered":"Latitude wei\u00dfer Karamell 40%"},"content":{"rendered":"<p>Der preisgekr\u00f6nte, erstklassige Kakao von Latitude wird direkt von den \u00fcber 2500 USDA-zertifizierten Bio-Bauern in Uganda bezogen. Da Latitude direkt von der Farm kauft und den Fermentationsprozess vom Tag der Ernte an kontrolliert, kann man sich voll und ganz auf die Qualit\u00e4t und Herkunft der Zutaten verlassen. Die \u00fcberwiegende Mehrheit der Bauern hat ihre Plantagen auf den H\u00fcgeln des <a href=\"https:\/\/www.ugandawildlife.org\/explore-our-parks\/parks-by-name-a-z\/rwenzori-mountains-national-park\" target=\"_blank\" rel=\"noopener\">Rwenzori-Nationalparks<\/a> in der N\u00e4he von <a href=\"https:\/\/de.wikipedia.org\/wiki\/Kasese\" target=\"_blank\" rel=\"noopener\">Kasese,<\/a>\u00a0wo f\u00fcr Latitude (\u00fcbersetzt Breitengrad) alles begann.<\/p>\n<p>Um die wahren Aromen ihres Kakaos ans Licht zu bringen, verwendet Latitude haupts\u00e4chlich echten wei\u00dfen afrikanischen Rohrzucker.<\/p>\n<p>Die Milch ist spr\u00fchgetrocknetes Vollmilchpulver, das nur von den gl\u00fccklichsten ugandischen K\u00fchen stammt. Alle Zutaten stammen immer aus der Region.<\/p>\n<p><strong>Zutaten<\/strong>: Bio-Kakaobutter, Rohrzucker, Voll<span style=\"color: #993300;\"><strong><em>milch<\/em><\/strong><\/span>pulver<\/p>\n<p><span style=\"color: #993300;\"><em><strong>Enth\u00e4lt Milch. Kann Spuren von N\u00fcssen, Erdn\u00fcssen, Soja, Ei und Weizen enthalten.<\/strong><\/em><\/span><\/p>\n<table border=\"0\" width=\"593\" cellspacing=\"0\" cellpadding=\"0\">\n<colgroup>\n<col width=\"333\" \/>\n<col width=\"260\" \/><\/colgroup>\n<tbody>\n<tr>\n<td class=\"xl68\" width=\"333\" height=\"15\"><strong>N\u00e4hrwerte\/Voedingswaarde\/Nutrition value\/Information nutritionelles<br \/>\n<\/strong><\/td>\n<td class=\"xl66\" width=\"260\"><strong>pro\/per\/par 100 g<\/strong><\/td>\n<\/tr>\n<tr>\n<td class=\"xl64\" height=\"15\">Energie\/energy<\/td>\n<td class=\"xl65\">629 kcal \/ 2632 kJ<\/td>\n<\/tr>\n<tr>\n<td class=\"xl64\" height=\"15\">Fett\/vet\/vat\/lipides totaux<\/td>\n<td class=\"xl65\">52 g<\/td>\n<\/tr>\n<tr>\n<td class=\"xl64\" height=\"15\">davon ges\u00e4ttigte Fetts\u00e4uren\/waarvan verzadigs\/of which saturated\/dont acides gras saturis<\/td>\n<td class=\"xl65\">29 g<\/td>\n<\/tr>\n<tr>\n<td class=\"xl64\" height=\"15\">Kohlenhydrate\/koolhydraten\/carbon hydrates\/glucides totaux<\/td>\n<td class=\"xl65\">41 g<\/td>\n<\/tr>\n<tr>\n<td class=\"xl64\" height=\"15\">davon Zucker\/waarvan suiker\/of which sugar\/dont sucre<\/td>\n<td class=\"xl65\">40 g<\/td>\n<\/tr>\n<tr>\n<td class=\"xl64\" height=\"15\">Eiweiss\/eiwit\/proteins\/prot\u00e9ines<\/td>\n<td class=\"xl65\">6 g<\/td>\n<\/tr>\n<tr>\n<td class=\"xl67\" height=\"15\">Salz\/zout\/salt\/sel<\/td>\n<td class=\"xl63\">0,072 g<\/td>\n<\/tr>\n<\/tbody>\n<\/table>\n<p>EAN 850016516022<\/p>\n","protected":false},"excerpt":{"rendered":"<p>Eine schicke, nicht zu s\u00fc\u00dfe, wei\u00dfe Dulce de Leche-Tafel. Kakaobutter trifft auf karamellisierte Milch, mit Melasse-Geschmack.<\/p>\n","protected":false},"featured_media":130778,"comment_status":"open","ping_status":"closed","template":"","meta":[],"product_brand":[771],"product_cat":[754,15],"product_tag":[],"class_list":{"0":"post-130784","1":"product","2":"type-product","3":"status-publish","4":"has-post-thumbnail","6":"product_brand-latitude","7":"product_cat-herkunftschokolade","8":"product_cat-schokolade","9":"product_shipping_class-16","10":"infinite-scroll-item","11":"resize-featured-image","12":"sales-flash-overlay","13":"woocommerce-text-align-center","14":"woocommerce-image-align-center","15":"wc-has-gallery","17":"first","18":"instock","19":"shipping-taxable","20":"purchasable","21":"product-type-simple"},"_links":{"self":[{"href":"https:\/\/clearchox.com\/de\/wp-json\/wp\/v2\/product\/130784","targetHints":{"allow":["GET"]}}],"collection":[{"href":"https:\/\/clearchox.com\/de\/wp-json\/wp\/v2\/product"}],"about":[{"href":"https:\/\/clearchox.com\/de\/wp-json\/wp\/v2\/types\/product"}],"replies":[{"embeddable":true,"href":"https:\/\/clearchox.com\/de\/wp-json\/wp\/v2\/comments?post=130784"}],"wp:featuredmedia":[{"embeddable":true,"href":"https:\/\/clearchox.com\/de\/wp-json\/wp\/v2\/media\/130778"}],"wp:attachment":[{"href":"https:\/\/clearchox.com\/de\/wp-json\/wp\/v2\/media?parent=130784"}],"wp:term":[{"taxonomy":"product_brand","embeddable":true,"href":"https:\/\/clearchox.com\/de\/wp-json\/wp\/v2\/product_brand?post=130784"},{"taxonomy":"product_cat","embeddable":true,"href":"https:\/\/clearchox.com\/de\/wp-json\/wp\/v2\/product_cat?post=130784"},{"taxonomy":"product_tag","embeddable":true,"href":"https:\/\/clearchox.com\/de\/wp-json\/wp\/v2\/product_tag?post=130784"}],"curies":[{"name":"wp","href":"https:\/\/api.w.org\/{rel}","templated":true}]}}