{"id":130801,"date":"2021-08-10T13:12:30","date_gmt":"2021-08-10T13:12:30","guid":{"rendered":"https:\/\/clearchox.com\/de\/?post_type=product&#038;p=130801"},"modified":"2026-04-23T07:34:41","modified_gmt":"2026-04-23T07:34:41","slug":"theo-philo-geschenkbox","status":"publish","type":"product","link":"https:\/\/clearchox.com\/de\/shop\/theo-philo-geschenkbox\/","title":{"rendered":"Theo &#038; Philo Geschenkbox 3 Tafeln"},"content":{"rendered":"<h4><strong>Geschenkbox mit 3 super Schokoladen<\/strong><\/h4>\n<p>Jede der drei dunklen fr\u00fcchtige Schokoladen von Theo &amp; Philo ist ein Meisterwerk, sorgf\u00e4ltig hergestellt mit ausgesuchten Zutaten der Filipinos. Pr\u00e4sentiert in einer attraktiven Papierbox. Ein besonderes Schokoladen-Geschenk aus den Philippinen.<\/p>\n<p><a href=\"https:\/\/clearchox.com\/de\/shop\/theo-philo-gruene-bananenchips-rosa-salz-60\/\">Dunkel mit gr\u00fcne Bananenchips und rosa Salz 60%<\/a><br \/>\n<a href=\"https:\/\/clearchox.com\/de\/shop\/theo-philo-dunkel-mit-gruene-mango-und-salz-65\/\">Dunkel mit gr\u00fcne Mango und Salz 65%<\/a><br \/>\n<a href=\"https:\/\/clearchox.com\/de\/shop\/theo-philo-puur-met-mango-chili-en-cacaonibs-65\/\">Dunkel mit Mango, Chili und Cacaonibs 65%<\/a><\/p>\n<p>Philo Chua bezieht den Kakao in Zusammenarbeit mit der Organisation <a href=\"http:\/\/www.gk1world.com\/home\" target=\"_blank\" rel=\"noopener noreferrer\">Gawad Kalinga<\/a> von einer Gruppe von Bauern. Gawad Kalinga hilft Menschen aus der Armut. (Barangay ist die kleinste politische Verwaltungseinheit auf den Philippinen.)<\/p>\n<p><strong>Zutaten<\/strong>: siehe einzelne Tafeln<\/p>\n<p><span style=\"color: #993300;\"><em><strong>Enth\u00e4lt Soja, Sesam und Milch, kann Spuren von (Erd-)N\u00fcssen und Mehl enthalten.<\/strong><\/em><\/span><\/p>\n<table border=\"0\" width=\"593\" cellspacing=\"0\" cellpadding=\"0\">\n<tbody>\n<tr>\n<td class=\"xl68\" width=\"333\" height=\"15\"><strong>Nutrition values\/N\u00e4hrwerte\/Voedingswaarde<\/strong><\/td>\n<td class=\"xl66\" width=\"260\"><strong>per\/pro\/per 100 g<\/strong><\/td>\n<\/tr>\n<tr>\n<td class=\"xl64\" height=\"15\">Energy\/Energie<\/td>\n<td class=\"xl65\"><em>siehe einzelne Tafeln<\/em><\/td>\n<\/tr>\n<tr>\n<td class=\"xl64\" height=\"15\">Fat\/Fett\/vetten<\/td>\n<td class=\"xl65\"><\/td>\n<\/tr>\n<tr>\n<td class=\"xl64\" height=\"15\">of which saturated\/davon ges\u00e4ttigte Fetts\u00e4uren\/waarvan verzadigd<\/td>\n<td class=\"xl65\"><\/td>\n<\/tr>\n<tr>\n<td class=\"xl64\" height=\"15\">Carbonhydrates\/Kohlenhydrate\/koolhydraten<\/td>\n<td class=\"xl65\"><\/td>\n<\/tr>\n<tr>\n<td class=\"xl64\" height=\"15\">of which sugar\/davon Zucker\/waarvan suiker<\/td>\n<td class=\"xl65\"><\/td>\n<\/tr>\n<tr>\n<td class=\"xl64\" height=\"15\">Proteins\/Eiweiss\/eiwitten<\/td>\n<td class=\"xl65\"><\/td>\n<\/tr>\n<tr>\n<td class=\"xl67\" height=\"15\">Salt\/Salz\/zout<\/td>\n<td class=\"xl63\"><\/td>\n<\/tr>\n<\/tbody>\n<\/table>\n<p>&nbsp;<\/p>\n","protected":false},"excerpt":{"rendered":"<p>Attraktiver Geschenkkarton mit drei Spitzentafeln von Theo &amp; Philo. Ein besonderes Schokoladen-Geschenk aus den Philippinen.<\/p>\n","protected":false},"featured_media":135026,"comment_status":"open","ping_status":"closed","template":"","meta":[],"product_brand":[759],"product_cat":[754,733,15,736],"product_tag":[1181,1251,1239,1206,1252,1250,1182,1253],"class_list":{"0":"post-130801","1":"product","2":"type-product","3":"status-publish","4":"has-post-thumbnail","6":"product_brand-theo-philo-de","7":"product_cat-herkunftschokolade","8":"product_cat-preistraeger","9":"product_cat-schokolade","10":"product_cat-vegan","11":"product_tag-banane","12":"product_tag-bananenchips","13":"product_tag-chili","14":"product_tag-dunkel","15":"product_tag-gruene-banane","16":"product_tag-gruene-mango","17":"product_tag-mango","18":"product_tag-salz","19":"product_shipping_class-16","20":"infinite-scroll-item","21":"resize-featured-image","22":"sales-flash-overlay","23":"woocommerce-text-align-center","24":"woocommerce-image-align-center","25":"wc-has-gallery","27":"first","28":"instock","29":"shipping-taxable","30":"purchasable","31":"product-type-simple"},"_links":{"self":[{"href":"https:\/\/clearchox.com\/de\/wp-json\/wp\/v2\/product\/130801","targetHints":{"allow":["GET"]}}],"collection":[{"href":"https:\/\/clearchox.com\/de\/wp-json\/wp\/v2\/product"}],"about":[{"href":"https:\/\/clearchox.com\/de\/wp-json\/wp\/v2\/types\/product"}],"replies":[{"embeddable":true,"href":"https:\/\/clearchox.com\/de\/wp-json\/wp\/v2\/comments?post=130801"}],"wp:featuredmedia":[{"embeddable":true,"href":"https:\/\/clearchox.com\/de\/wp-json\/wp\/v2\/media\/135026"}],"wp:attachment":[{"href":"https:\/\/clearchox.com\/de\/wp-json\/wp\/v2\/media?parent=130801"}],"wp:term":[{"taxonomy":"product_brand","embeddable":true,"href":"https:\/\/clearchox.com\/de\/wp-json\/wp\/v2\/product_brand?post=130801"},{"taxonomy":"product_cat","embeddable":true,"href":"https:\/\/clearchox.com\/de\/wp-json\/wp\/v2\/product_cat?post=130801"},{"taxonomy":"product_tag","embeddable":true,"href":"https:\/\/clearchox.com\/de\/wp-json\/wp\/v2\/product_tag?post=130801"}],"curies":[{"name":"wp","href":"https:\/\/api.w.org\/{rel}","templated":true}]}}