{"id":130804,"date":"2021-08-11T12:13:39","date_gmt":"2021-08-11T12:13:39","guid":{"rendered":"https:\/\/clearchox.com\/de\/?post_type=product&#038;p=130804"},"modified":"2026-04-23T19:13:28","modified_gmt":"2026-04-23T19:13:28","slug":"auro-luna-milchschokolade-50","status":"publish","type":"product","link":"https:\/\/clearchox.com\/de\/shop\/auro-luna-milchschokolade-50\/","title":{"rendered":"Auro Luna dunkle Milchschokolade 50%"},"content":{"rendered":"<p>Die Auro Reserve-Kollektion wurde sorgf\u00e4ltig aus den besten Bohnen eines Landguts hergestellt. Auro begegnet jeder Sorte und Ernte mit einer neuen Perspektive, um die besonderen Eigenschaften des Terroirs herauszustellen.<\/p>\n<p><a href=\"https:\/\/www.philatlas.com\/mindanao\/r11\/davao-city\/saloy.html\" target=\"_blank\" rel=\"noopener noreferrer\">Saloy<\/a> ist eine Gemeinschaft mit knapp 2.100 Einwohnern, die Teil der Stadt <a href=\"https:\/\/de.wikipedia.org\/wiki\/Davao_City\" target=\"_blank\" rel=\"noopener noreferrer\">Davao<\/a> auf der s\u00fcdlichen Insel <a href=\"https:\/\/de.wikipedia.org\/wiki\/Mindanao\" target=\"_blank\" rel=\"noopener noreferrer\">Mindanao<\/a> ist. Davao war einst das Zentrum des Kakaoanbaus. Saloy ist eigentlich weit au\u00dferhalb der Stadt Davao, in der bergigen Gegend tropischer W\u00e4lder.<\/p>\n<hr \/>\n<p><strong>Geschmack<\/strong>: Kokosnuss, <a href=\"https:\/\/de.wikipedia.org\/wiki\/Santol_(Pflanze)\" target=\"_blank\" rel=\"noopener\">Santol<\/a>, <a href=\"https:\/\/de.wikipedia.org\/wiki\/Pomelo\" target=\"_blank\" rel=\"noopener\">Pomelo<\/a>, <a href=\"https:\/\/de.wikipedia.org\/wiki\/Rambutan\" target=\"_blank\" rel=\"noopener\">Rambutan<\/a><br \/>\n<b>Zutaten<\/b>: Kakaomasse, Vollrohrzucker, Voll<span style=\"color: #993300;\"><strong><em>milch<\/em><\/strong><\/span>pulver, Kakaobutter, Mager<span style=\"color: #993300;\"><strong><em>milch<\/em><\/strong><\/span>pulver<\/p>\n<p><span style=\"color: #993300;\"><strong><span lang=\"DE\">Enth\u00e4lt Milch, kann Spuren von Soja, Schalenfr\u00fcchten und Erdn\u00fcssen enthalten. <\/span><\/strong><\/span><\/p>\n<table width=\"593\">\n<tbody>\n<tr>\n<td width=\"333\">N\u00e4hrwerte\/Nutritional values\/Voedingswaarde<\/td>\n<td width=\"260\">Per 100 g<\/td>\n<\/tr>\n<tr>\n<td>Energie\/Energy<\/td>\n<td>550 kcal\/2301 kJ<\/td>\n<\/tr>\n<tr>\n<td>Fett\/Fat\/Vet<\/td>\n<td>36 g<\/td>\n<\/tr>\n<tr>\n<td>davon ges\u00e4ttigte Fetts\u00e4uren\/of that saturated fatty acids\/waarvan verzadigd<\/td>\n<td>22 g<\/td>\n<\/tr>\n<tr>\n<td>Kohlenhydrate\/Carbohydrates\/Koolhydraten<\/td>\n<td>48 g<\/td>\n<\/tr>\n<tr>\n<td>davon Zucker\/of which sugar\/waarvan suiker<\/td>\n<td>38 g<\/td>\n<\/tr>\n<tr>\n<td>Eiweiss\/Protein\/Eiwit<\/td>\n<td>10 g<\/td>\n<\/tr>\n<tr>\n<td>Salz\/Salt\/Zout<\/td>\n<td>68 mg (0,068 g)<\/td>\n<\/tr>\n<\/tbody>\n<\/table>\n<p>EAN 4806531801897<\/p>\n","protected":false},"excerpt":{"rendered":"<p>Saloy liegt in den tropischen Bergen und wird von frischem Quellwasser gen\u00e4hrt, das durch die \u00fcppigen W\u00e4lder flie\u00dft. Diese dunkle Milchschokolade hat einen \u00fcberraschenden Geschmack mit Noten von Kokosnuss, Pomelo und Rambutan (auch behaarte Litschi genannt).<\/p>\n","protected":false},"featured_media":130806,"comment_status":"open","ping_status":"closed","template":"","meta":[],"product_brand":[116],"product_cat":[754,733,15],"product_tag":[],"class_list":{"0":"post-130804","1":"product","2":"type-product","3":"status-publish","4":"has-post-thumbnail","6":"product_brand-auro","7":"product_cat-herkunftschokolade","8":"product_cat-preistraeger","9":"product_cat-schokolade","10":"product_shipping_class-16","11":"infinite-scroll-item","12":"resize-featured-image","13":"sales-flash-overlay","14":"woocommerce-text-align-center","15":"woocommerce-image-align-center","16":"wc-has-gallery","18":"first","19":"instock","20":"shipping-taxable","21":"purchasable","22":"product-type-simple"},"_links":{"self":[{"href":"https:\/\/clearchox.com\/de\/wp-json\/wp\/v2\/product\/130804","targetHints":{"allow":["GET"]}}],"collection":[{"href":"https:\/\/clearchox.com\/de\/wp-json\/wp\/v2\/product"}],"about":[{"href":"https:\/\/clearchox.com\/de\/wp-json\/wp\/v2\/types\/product"}],"replies":[{"embeddable":true,"href":"https:\/\/clearchox.com\/de\/wp-json\/wp\/v2\/comments?post=130804"}],"wp:featuredmedia":[{"embeddable":true,"href":"https:\/\/clearchox.com\/de\/wp-json\/wp\/v2\/media\/130806"}],"wp:attachment":[{"href":"https:\/\/clearchox.com\/de\/wp-json\/wp\/v2\/media?parent=130804"}],"wp:term":[{"taxonomy":"product_brand","embeddable":true,"href":"https:\/\/clearchox.com\/de\/wp-json\/wp\/v2\/product_brand?post=130804"},{"taxonomy":"product_cat","embeddable":true,"href":"https:\/\/clearchox.com\/de\/wp-json\/wp\/v2\/product_cat?post=130804"},{"taxonomy":"product_tag","embeddable":true,"href":"https:\/\/clearchox.com\/de\/wp-json\/wp\/v2\/product_tag?post=130804"}],"curies":[{"name":"wp","href":"https:\/\/api.w.org\/{rel}","templated":true}]}}