{"id":130892,"date":"2021-09-03T09:37:03","date_gmt":"2021-09-03T09:37:03","guid":{"rendered":"https:\/\/clearchox.com\/de\/shop\/taza-mexicano-salt-2-discs-70-bio\/"},"modified":"2026-04-21T13:27:54","modified_gmt":"2026-04-21T13:27:54","slug":"taza-mexicano-salt-2-discs-70-bio","status":"publish","type":"product","link":"https:\/\/clearchox.com\/de\/shop\/taza-mexicano-salt-2-discs-70-bio\/","title":{"rendered":"Taza Mexicano Sea Salt (2 Rundtafeln) 70% BIO"},"content":{"rendered":"<p>Viele Kakaobohnen und ein wenig Rohrzucker werden zusammen auf traditionell mexikanischen Granitm\u00fchlsteinen gemahlen (<span class=\"tlid-translation translation\" lang=\"de\"><span title=\"&quot;\">im Gegensatz zur \u00fcblichen Conche<\/span><\/span>). Das ergibt ein etwas grobes, &#8222;sandiges&#8220; Gef\u00fchl im Mund, was auch die urspr\u00fcnglichen Aromen unterstreicht.<\/p>\n<p>Taza Chocolate ist stolz und froh mit dem\u00a0<a href=\"http:\/\/www.nativealimentos.com.br\/en\/cana-verde\/index.html\" target=\"_blank\" rel=\"noopener noreferrer\">Native\u00ae Green Cane Project<\/a> zusammenzuarbeiten, der den BIO-Rohrzucker liefert.<br \/>\nDer BIO-Kakao stammt von<a href=\"https:\/\/oko-caribe.com\/\" target=\"_blank\" rel=\"noopener noreferrer\"> \u00d6ko Caribe<\/a> aus der Dominikanischen Republik.<\/p>\n<p>Enth\u00e4lt 2 runde Scheiben herrlicher Schokolade.<\/p>\n<p><strong>Zutaten<\/strong>: Kakaobohnen, Rohrzucker, Meersalz<\/p>\n<p><strong><span style=\"color: #993300;\">Kann Spuren von N\u00fcssen, Erdn\u00fcssen und\u00a0<span style=\"caret-color: #993300;\">Sesam\u00a0<\/span>enthalten.<\/span><\/strong><\/p>\n<table border=\"0\" width=\"593\" cellspacing=\"0\" cellpadding=\"0\">\n<colgroup>\n<col width=\"333\" \/>\n<col width=\"260\" \/><\/colgroup>\n<tbody>\n<tr>\n<td class=\"xl68\" width=\"333\" height=\"15\"><strong>N\u00e4hrwerte<\/strong><\/td>\n<td class=\"xl66\" width=\"260\"><strong>pro 100 g<\/strong><\/td>\n<\/tr>\n<tr>\n<td class=\"xl64\" height=\"15\">Energie<\/td>\n<td class=\"xl65\">579 kCal\/2422 kJ<\/td>\n<\/tr>\n<tr>\n<td class=\"xl64\" height=\"15\">Fett<\/td>\n<td class=\"xl65\">36,8 g<\/td>\n<\/tr>\n<tr>\n<td class=\"xl64\" height=\"15\">davon ges\u00e4ttigte Fetts\u00e4uren<\/td>\n<td class=\"xl65\">23,7 g<\/td>\n<\/tr>\n<tr>\n<td class=\"xl64\" height=\"15\">Kohlenhydrate<\/td>\n<td class=\"xl65\">47,4 g<\/td>\n<\/tr>\n<tr>\n<td class=\"xl64\" height=\"15\">davon Zucker<\/td>\n<td class=\"xl65\">26,3 g<\/td>\n<\/tr>\n<tr>\n<td class=\"xl64\" height=\"15\">Eiweiss<\/td>\n<td class=\"xl65\">1o,5 g<\/td>\n<\/tr>\n<tr>\n<td class=\"xl67\" height=\"15\">Salz<\/td>\n<td class=\"xl63\">2,5 g<\/td>\n<\/tr>\n<\/tbody>\n<\/table>\n<p>&nbsp;<\/p>\n","protected":false},"excerpt":{"rendered":"<p>Diese 70% Bio-Schokolade wurde auf Granitm\u00fchlsteinen gemahlen und ist minimal verarbeitet. Rustikal-k\u00f6rnig erh\u00e4lt die Tafel mit einer Prise Meersalz eine perfekt s\u00fc\u00df-salzige Balance.<\/p>\n","protected":false},"featured_media":131095,"comment_status":"open","ping_status":"closed","template":"","meta":[],"product_brand":[751],"product_cat":[15],"product_tag":[],"class_list":{"0":"post-130892","1":"product","2":"type-product","3":"status-publish","4":"has-post-thumbnail","6":"product_brand-taza","7":"product_cat-schokolade","8":"infinite-scroll-item","9":"resize-featured-image","10":"sales-flash-overlay","11":"woocommerce-text-align-center","12":"woocommerce-image-align-center","13":"wc-has-gallery","15":"first","16":"instock","17":"shipping-taxable","18":"purchasable","19":"product-type-simple"},"_links":{"self":[{"href":"https:\/\/clearchox.com\/de\/wp-json\/wp\/v2\/product\/130892","targetHints":{"allow":["GET"]}}],"collection":[{"href":"https:\/\/clearchox.com\/de\/wp-json\/wp\/v2\/product"}],"about":[{"href":"https:\/\/clearchox.com\/de\/wp-json\/wp\/v2\/types\/product"}],"replies":[{"embeddable":true,"href":"https:\/\/clearchox.com\/de\/wp-json\/wp\/v2\/comments?post=130892"}],"wp:featuredmedia":[{"embeddable":true,"href":"https:\/\/clearchox.com\/de\/wp-json\/wp\/v2\/media\/131095"}],"wp:attachment":[{"href":"https:\/\/clearchox.com\/de\/wp-json\/wp\/v2\/media?parent=130892"}],"wp:term":[{"taxonomy":"product_brand","embeddable":true,"href":"https:\/\/clearchox.com\/de\/wp-json\/wp\/v2\/product_brand?post=130892"},{"taxonomy":"product_cat","embeddable":true,"href":"https:\/\/clearchox.com\/de\/wp-json\/wp\/v2\/product_cat?post=130892"},{"taxonomy":"product_tag","embeddable":true,"href":"https:\/\/clearchox.com\/de\/wp-json\/wp\/v2\/product_tag?post=130892"}],"curies":[{"name":"wp","href":"https:\/\/api.w.org\/{rel}","templated":true}]}}