{"id":131271,"date":"2021-12-09T08:54:33","date_gmt":"2021-12-09T08:54:33","guid":{"rendered":"https:\/\/clearchox.com\/de\/?post_type=product&#038;p=131271"},"modified":"2024-11-11T09:47:08","modified_gmt":"2024-11-11T09:47:08","slug":"grenada-chocolate-company-reines-kakaopulver-bio","status":"publish","type":"product","link":"https:\/\/clearchox.com\/de\/shop\/grenada-chocolate-company-reines-kakaopulver-bio\/","title":{"rendered":"Grenada Chocolate Company &#8211; Reines Kakaopulver BIO"},"content":{"rendered":"<p>Bei der Grenada Chocolate Company stellen die Kakaobauern auch Schokolade her. Tree to Bar, wie das genannt wird, aus dem wunderbar aromatischen Trinitario-Kakao.<br \/>\nDie Herstellung erfolgt von Hand in kleinen Mengen, um eine optimale Qualit\u00e4t zu gew\u00e4hrleisten. Die Fabrik wird durch Solarzellen mit Strom versorgt.<\/p>\n<p>Diese Kakaopulver ist rein und k\u00f6stlich, perfekt f\u00fcr hei\u00dfe Schokolade, Schokoladeneis, zum Backen usw. Dieses Bio-Kakaopulver ist einzigartig reichhaltig und schmackhaft, weil man die Kakaobutter in kleinen Betrieben mit relativ niedrigem Druck pressen und nat\u00fcrlich wegen des besonderen Geschmacks der Kakaobohnen!<\/p>\n<p><strong>Zutaten<\/strong>: Kakaobohnen<br \/>\n<span style=\"color: #000000\"><strong>Aroma<\/strong>:<br \/>\n<\/span><\/p>\n<p><span style=\"color: #993300\"><em><strong>Frei von Milch, Gluten und N\u00fcssen<\/strong><\/em><\/span><\/p>\n<p>&nbsp;<\/p>\n<table border=\"0\" width=\"593\" cellspacing=\"0\" cellpadding=\"0\">\n<colgroup>\n<col width=\"333\" \/>\n<col width=\"260\" \/><\/colgroup>\n<tbody>\n<tr>\n<td class=\"xl68\" width=\"333\" height=\"15\"><strong>N\u00e4hrwerte\/Voedingswaarde\/Nutrition value\/Information nutritionelles<br \/>\n<\/strong><\/td>\n<td class=\"xl66\" width=\"260\"><strong>pro\/per\/par 100 g<\/strong><\/td>\n<\/tr>\n<tr>\n<td class=\"xl64\" height=\"15\">Energie<\/td>\n<td class=\"xl65\"><\/td>\n<\/tr>\n<tr>\n<td class=\"xl64\" height=\"15\">Fett\/vet\/vat\/lipides totaux<\/td>\n<td class=\"xl65\"><\/td>\n<\/tr>\n<tr>\n<td class=\"xl64\" height=\"15\">davon ges\u00e4ttigte Fetts\u00e4uren\/waarvan verzadigs\/of which saturated\/dont acides gras saturis<\/td>\n<td class=\"xl65\"><\/td>\n<\/tr>\n<tr>\n<td class=\"xl64\" height=\"15\">Kohlenhydrate\/koolhydraten\/carbon hydrates\/glucides totaux<\/td>\n<td class=\"xl65\"><\/td>\n<\/tr>\n<tr>\n<td class=\"xl64\" height=\"15\">davon Zucker\/waarvan suiker\/of which sugar\/dont sucre<\/td>\n<td class=\"xl65\"><\/td>\n<\/tr>\n<tr>\n<td class=\"xl64\" height=\"15\">Eiweiss\/eiwit\/proteins\/prot\u00e9ines<\/td>\n<td class=\"xl65\"><\/td>\n<\/tr>\n<tr>\n<td class=\"xl67\" height=\"15\">Salz\/zout\/salt\/sel<\/td>\n<td class=\"xl63\"><\/td>\n<\/tr>\n<\/tbody>\n<\/table>\n<p>&nbsp;<\/p>\n","protected":false},"excerpt":{"rendered":"<p>Rein und k\u00f6stlich, perfekt f\u00fcr hei\u00dfe Schokolade, Schokoladeneis, zum Backen usw. Grenada ist bekannt f\u00fcr Kakao mit reichem Geschmack und Aroma.<\/p>\n","protected":false},"featured_media":131273,"comment_status":"open","ping_status":"closed","template":"","meta":[],"product_brand":[769],"product_cat":[735,15],"product_tag":[],"class_list":{"0":"post-131271","1":"product","2":"type-product","3":"status-publish","4":"has-post-thumbnail","6":"product_brand-grenada-chocolate-company","7":"product_cat-bio","8":"product_cat-schokolade","9":"product_shipping_class-16","10":"infinite-scroll-item","11":"resize-featured-image","12":"sales-flash-overlay","13":"woocommerce-text-align-center","14":"woocommerce-image-align-center","16":"first","17":"outofstock","18":"shipping-taxable","19":"purchasable","20":"product-type-simple"},"_links":{"self":[{"href":"https:\/\/clearchox.com\/de\/wp-json\/wp\/v2\/product\/131271","targetHints":{"allow":["GET"]}}],"collection":[{"href":"https:\/\/clearchox.com\/de\/wp-json\/wp\/v2\/product"}],"about":[{"href":"https:\/\/clearchox.com\/de\/wp-json\/wp\/v2\/types\/product"}],"replies":[{"embeddable":true,"href":"https:\/\/clearchox.com\/de\/wp-json\/wp\/v2\/comments?post=131271"}],"wp:featuredmedia":[{"embeddable":true,"href":"https:\/\/clearchox.com\/de\/wp-json\/wp\/v2\/media\/131273"}],"wp:attachment":[{"href":"https:\/\/clearchox.com\/de\/wp-json\/wp\/v2\/media?parent=131271"}],"wp:term":[{"taxonomy":"product_brand","embeddable":true,"href":"https:\/\/clearchox.com\/de\/wp-json\/wp\/v2\/product_brand?post=131271"},{"taxonomy":"product_cat","embeddable":true,"href":"https:\/\/clearchox.com\/de\/wp-json\/wp\/v2\/product_cat?post=131271"},{"taxonomy":"product_tag","embeddable":true,"href":"https:\/\/clearchox.com\/de\/wp-json\/wp\/v2\/product_tag?post=131271"}],"curies":[{"name":"wp","href":"https:\/\/api.w.org\/{rel}","templated":true}]}}