{"id":132213,"date":"2022-08-01T13:28:43","date_gmt":"2022-08-01T13:28:43","guid":{"rendered":"https:\/\/clearchox.com\/de\/?post_type=product&#038;p=132213"},"modified":"2026-04-20T06:59:12","modified_gmt":"2026-04-20T06:59:12","slug":"georgia-ramon-mexiko-almendra-blanca-91-bio","status":"publish","type":"product","link":"https:\/\/clearchox.com\/de\/shop\/georgia-ramon-mexiko-almendra-blanca-91-bio\/","title":{"rendered":"Georgia Ramon Mexiko Almendra Blanca 91% BIO"},"content":{"rendered":"<p>&#8222;Almendra Blanca&#8220; bedeutet \u00fcbersetzt &#8222;wei\u00dfe Mandel&#8220;, denn die wei\u00dfe Farbe dieser Bohne verleiht der fertigen Tafel trotz seines hohen Kakaoanteils ein helleres Aussehen.<\/p>\n<p>Dieser besondere Kakao stammt von der 30 Hektar gro\u00dfen Plantage, die von <a href=\"https:\/\/www.facebook.com\/agroflorestamesoamericana\/\" target=\"_blank\" rel=\"noopener\">Agrofloresta<\/a> f\u00fcr Schulungskurse indigener Kleinbauern genutzt wird, die am <a href=\"https:\/\/morugacacao.com\/blogs\/our-origins-en\/selva-tabasqueno-mexico-english-version\" target=\"_blank\" rel=\"noopener\">Projekt Selva Tabasque\u00f1o<\/a> teilnehmen. 2014 gr\u00fcndeten Hugo Francisco Chavez und seine Freunde Agrofloresta Mesoamericana, um einen degradierten Wald in einen vielf\u00e4ltigen Kakaowald umzuwandeln. Dieser Demonstrationsbetrieb veranschaulicht den biologischen Kakaoanbau in einem agroforstwirtschaftlichen System unter Verwendung lokaler Holzbaumarten.<\/p>\n<p>Auf dem Betrieb werden nur zehn lokale Sorten angebaut, die das Ergebnis einer jahrzehntelangen Selektion einheimischer Kakaob\u00e4ume sind. Sie repr\u00e4sentieren einige der besten Criollo Tabasque\u00f1o-Kakaosorten, die unter dem Namen Almendra Blanca bekannt sind. Die meisten dieser Kakaosorten weisen wei\u00dfe Kakaobohnen auf.<br \/>\nDa auch einige Criollo-Tabasque\u00f1o-Kakaos mit violetten Bohnen hervorragende Geschmackseigenschaften gezeigt haben, sch\u00fctzt die Farm nicht nur wei\u00dfkernige Kakaos.<\/p>\n<p>Die Verf\u00fcgbarkeit ist auf Mengen von etwa 1 Tonne\/Jahr beschr\u00e4nkt. Von der Ernte 2021 gingen nur etwa 400 kg nach Europa.<\/p>\n<p><strong>Zutaten<\/strong>: Kakaobohnen, Rohrohrzucker, Kakaobutter<br \/>\n<strong>Aroma<\/strong>: Karamell, N\u00fcsse und tropische Fr\u00fcchte<\/p>\n<p><span style=\"color: #993300\"><strong><em>Kann Spuren von Milch und N\u00fcssen enthalten.<\/em><\/strong><\/span><\/p>\n<table border=\"0\" width=\"593\" cellspacing=\"0\" cellpadding=\"0\">\n<colgroup>\n<col width=\"333\" \/>\n<col width=\"260\" \/><\/colgroup>\n<tbody>\n<tr>\n<td class=\"xl68\" width=\"333\" height=\"15\"><strong>N\u00e4hrwerte\/Voedingswaarde\/Nutrition value\/Information nutritionelles<br \/>\n<\/strong><\/td>\n<td class=\"xl66\" width=\"260\"><strong>pro\/per\/par 100 g<\/strong><\/td>\n<\/tr>\n<tr>\n<td class=\"xl64\" height=\"15\">Energie\/energy<\/td>\n<td class=\"xl65\">609 kcal\/ 2546 kJ<\/td>\n<\/tr>\n<tr>\n<td class=\"xl64\" height=\"15\">Fett\/vet\/vat\/lipides<\/td>\n<td class=\"xl65\">52 g<\/td>\n<\/tr>\n<tr>\n<td class=\"xl64\" height=\"15\">davon ges\u00e4ttigte Fetts\u00e4uren\/waarvan verzadigs\/of which saturated\/dont acides gras satur\u00e9s<\/td>\n<td class=\"xl65\">32 g<\/td>\n<\/tr>\n<tr>\n<td class=\"xl64\" height=\"15\">Kohlenhydrate\/koolhydraten\/carbon hydrates\/glucides<\/td>\n<td class=\"xl65\">20 g<\/td>\n<\/tr>\n<tr>\n<td class=\"xl64\" height=\"15\">davon Zucker\/waarvan suiker\/of which sugar\/dont sucre<\/td>\n<td class=\"xl65\">13 g<\/td>\n<\/tr>\n<tr>\n<td class=\"xl64\" height=\"15\">Eiweiss\/eiwit\/proteins\/prot\u00e9ines<\/td>\n<td class=\"xl65\">14 g<\/td>\n<\/tr>\n<tr>\n<td class=\"xl67\" height=\"15\">Salz\/zout\/salt\/sel<\/td>\n<td class=\"xl63\">0,01 g<\/td>\n<\/tr>\n<\/tbody>\n<\/table>\n<p>EAN 4260441821350<\/p>\n","protected":false},"excerpt":{"rendered":"<p>Hochprozentige Schokolade aus wei\u00dfen Criollo Kakaobohnen. Karamell-nussig und fruchtig &#8211; eine exquisite K\u00f6stlichkeit aus Tabasco, Mexiko.<\/p>\n","protected":false},"featured_media":132212,"comment_status":"open","ping_status":"closed","template":"","meta":[],"product_brand":[77],"product_cat":[735,15,736],"product_tag":[],"class_list":{"0":"post-132213","1":"product","2":"type-product","3":"status-publish","4":"has-post-thumbnail","6":"product_brand-georgia-ramon","7":"product_cat-bio","8":"product_cat-schokolade","9":"product_cat-vegan","10":"product_shipping_class-16","11":"infinite-scroll-item","12":"resize-featured-image","13":"sales-flash-overlay","14":"woocommerce-text-align-center","15":"woocommerce-image-align-center","16":"wc-has-gallery","18":"first","19":"instock","20":"shipping-taxable","21":"purchasable","22":"product-type-simple"},"_links":{"self":[{"href":"https:\/\/clearchox.com\/de\/wp-json\/wp\/v2\/product\/132213","targetHints":{"allow":["GET"]}}],"collection":[{"href":"https:\/\/clearchox.com\/de\/wp-json\/wp\/v2\/product"}],"about":[{"href":"https:\/\/clearchox.com\/de\/wp-json\/wp\/v2\/types\/product"}],"replies":[{"embeddable":true,"href":"https:\/\/clearchox.com\/de\/wp-json\/wp\/v2\/comments?post=132213"}],"wp:featuredmedia":[{"embeddable":true,"href":"https:\/\/clearchox.com\/de\/wp-json\/wp\/v2\/media\/132212"}],"wp:attachment":[{"href":"https:\/\/clearchox.com\/de\/wp-json\/wp\/v2\/media?parent=132213"}],"wp:term":[{"taxonomy":"product_brand","embeddable":true,"href":"https:\/\/clearchox.com\/de\/wp-json\/wp\/v2\/product_brand?post=132213"},{"taxonomy":"product_cat","embeddable":true,"href":"https:\/\/clearchox.com\/de\/wp-json\/wp\/v2\/product_cat?post=132213"},{"taxonomy":"product_tag","embeddable":true,"href":"https:\/\/clearchox.com\/de\/wp-json\/wp\/v2\/product_tag?post=132213"}],"curies":[{"name":"wp","href":"https:\/\/api.w.org\/{rel}","templated":true}]}}