{"id":132219,"date":"2022-08-01T14:17:09","date_gmt":"2022-08-01T14:17:09","guid":{"rendered":"https:\/\/clearchox.com\/de\/?post_type=product&#038;p=132219"},"modified":"2026-03-23T08:28:21","modified_gmt":"2026-03-23T08:28:21","slug":"georgia-ramon-haselnuss-vollmilch-48-bio","status":"publish","type":"product","link":"https:\/\/clearchox.com\/de\/shop\/georgia-ramon-haselnuss-vollmilch-48-bio\/","title":{"rendered":"Georgia Ramon Haselnuss Vollmilch 48% BIO"},"content":{"rendered":"<p><strong>Zutaten<\/strong>: Kakaobutter, Rohrohrzucker, <span style=\"color: #993300;\"><strong><em>Vollmilch<\/em><\/strong><\/span>pulver, Kakaomasse, <span style=\"color: #993300;\"><strong><em>Haseln\u00fcsse<\/em> <\/strong><\/span>(6%)<\/p>\n<p><strong>Garantiert glutenfrei<\/strong><\/p>\n<p><strong><em><span style=\"color: #993300;\">Enth\u00e4lt Milch und Haseln\u00fcsse. Kann Spuren von anderen N\u00fcssen und Erdn\u00fcssen enthalten.<\/span><\/em><\/strong><\/p>\n<table width=\"593\">\n<tbody>\n<tr>\n<td width=\"333\"><strong>N\u00e4hrwerte\/Voedingswaarde\/Nutrition values\/Information nutritionelles<br \/>\n<\/strong><\/td>\n<td width=\"260\"><strong>per\/pro 100 g<\/strong><\/td>\n<\/tr>\n<tr>\n<td>Energie\/energy<\/td>\n<td>583,7 kcal\/ 2443,9 kJ<\/td>\n<\/tr>\n<tr>\n<td>Fett\/fat\/vet\/lipides<\/td>\n<td>36,8 g<\/td>\n<\/tr>\n<tr>\n<td>davon ges\u00e4ttigte\/of which saturated\/waarvan verzadigde\/dont gras satur\u00e9s<\/td>\n<td>24,5 g<\/td>\n<\/tr>\n<tr>\n<td>Kohlenhydrate\/carbohydrate\/koolhydraten\/glucides<\/td>\n<td>38,1 g<\/td>\n<\/tr>\n<tr>\n<td>davon Zucker\/of which sugar\/waarvan suiker\/dont sucre<\/td>\n<td>36,8 g<\/td>\n<\/tr>\n<tr>\n<td>Eiwei\u00df\/protein\/eiwit\/prot\u00e9ines<\/td>\n<td>9,4 g<\/td>\n<\/tr>\n<tr>\n<td>Salz\/salt\/zout\/sel<\/td>\n<td>0,21 g<\/td>\n<\/tr>\n<\/tbody>\n<\/table>\n<p>EAN: 4260441821374<\/p>\n","protected":false},"excerpt":{"rendered":"<p>Vollmilchschokolade mit Haseln\u00fcssen, verfeinert mit sanft ger\u00f6steten N\u00fcssen. Das ist eine ideale Kombination und diese hier ist einfach Spitzenqualit\u00e4t.<\/p>\n","protected":false},"featured_media":132210,"comment_status":"open","ping_status":"closed","template":"","meta":[],"product_brand":[77],"product_cat":[735,15],"product_tag":[],"class_list":{"0":"post-132219","1":"product","2":"type-product","3":"status-publish","4":"has-post-thumbnail","6":"product_brand-georgia-ramon","7":"product_cat-bio","8":"product_cat-schokolade","9":"product_shipping_class-16","10":"infinite-scroll-item","11":"resize-featured-image","12":"sales-flash-overlay","13":"woocommerce-text-align-center","14":"woocommerce-image-align-center","16":"first","17":"instock","18":"shipping-taxable","19":"purchasable","20":"product-type-simple"},"_links":{"self":[{"href":"https:\/\/clearchox.com\/de\/wp-json\/wp\/v2\/product\/132219","targetHints":{"allow":["GET"]}}],"collection":[{"href":"https:\/\/clearchox.com\/de\/wp-json\/wp\/v2\/product"}],"about":[{"href":"https:\/\/clearchox.com\/de\/wp-json\/wp\/v2\/types\/product"}],"replies":[{"embeddable":true,"href":"https:\/\/clearchox.com\/de\/wp-json\/wp\/v2\/comments?post=132219"}],"wp:featuredmedia":[{"embeddable":true,"href":"https:\/\/clearchox.com\/de\/wp-json\/wp\/v2\/media\/132210"}],"wp:attachment":[{"href":"https:\/\/clearchox.com\/de\/wp-json\/wp\/v2\/media?parent=132219"}],"wp:term":[{"taxonomy":"product_brand","embeddable":true,"href":"https:\/\/clearchox.com\/de\/wp-json\/wp\/v2\/product_brand?post=132219"},{"taxonomy":"product_cat","embeddable":true,"href":"https:\/\/clearchox.com\/de\/wp-json\/wp\/v2\/product_cat?post=132219"},{"taxonomy":"product_tag","embeddable":true,"href":"https:\/\/clearchox.com\/de\/wp-json\/wp\/v2\/product_tag?post=132219"}],"curies":[{"name":"wp","href":"https:\/\/api.w.org\/{rel}","templated":true}]}}