{"id":132231,"date":"2022-08-07T07:03:04","date_gmt":"2022-08-07T07:03:04","guid":{"rendered":"https:\/\/clearchox.com\/de\/?post_type=product&#038;p=132231"},"modified":"2026-04-24T11:04:02","modified_gmt":"2026-04-24T11:04:02","slug":"latitude-vanille-sesam-72","status":"publish","type":"product","link":"https:\/\/clearchox.com\/de\/shop\/latitude-vanille-sesam-72\/","title":{"rendered":"Latitude Vanille Sesam 72%"},"content":{"rendered":"<p>Der preisgekr\u00f6nte, erstklassige Kakao von Latitude wird direkt von den \u00fcber 2500 USDA-zertifizierten Bio-Bauern in Uganda bezogen. Da Latitude direkt von der Farm kauft und den Fermentationsprozess vom Tag der Ernte an kontrolliert, kann man sich voll und ganz auf die Qualit\u00e4t und Herkunft der Zutaten verlassen. Die \u00fcberwiegende Mehrheit der Bauern hat ihre Plantagen auf den H\u00fcgeln des <a href=\"https:\/\/www.ugandawildlife.org\/explore-our-parks\/parks-by-name-a-z\/rwenzori-mountains-national-park\" target=\"_blank\" rel=\"noopener\">Rwenzori-Nationalparks<\/a> in der N\u00e4he von <a href=\"https:\/\/de.wikipedia.org\/wiki\/Kasese\" target=\"_blank\" rel=\"noopener\">Kasese,<\/a>\u00a0wo f\u00fcr Latitude (\u00fcbersetzt Breitengrad) alles begann.<\/p>\n<p>Um die wahren Aromen ihres Kakaos ans Licht zu bringen, verwendet Latitude haupts\u00e4chlich echten wei\u00dfen afrikanischen Rohrzucker.<\/p>\n<p><strong>Zutaten<\/strong>: BIO-Kakaobohnen (oder, wie Sie wollen: BIO-Kakaomasse), Rohrzucker, Kakaobutter, Vanille, <span style=\"color: #993300;\"><strong><em>Sesam<\/em><\/strong><\/span><\/p>\n<p><span style=\"color: #993300;\"><em><strong>Enh\u00e4lt Sesam. Kann Spuren von N\u00fcssen, Erdn\u00fcssen, Soja, Milch, Ei und Weizen enthalten<\/strong><\/em><\/span><\/p>\n<p>&nbsp;<\/p>\n<table border=\"0\" width=\"593\" cellspacing=\"0\" cellpadding=\"0\">\n<colgroup>\n<col width=\"333\" \/>\n<col width=\"260\" \/><\/colgroup>\n<tbody>\n<tr>\n<td class=\"xl68\" width=\"333\" height=\"15\"><strong>N\u00e4hrwerte\/Voedingswaarde\/Nutrition value\/Information nutritionelles<br \/>\n<\/strong><\/td>\n<td class=\"xl66\" width=\"260\"><strong>pro\/per\/par 100 g<\/strong><\/td>\n<\/tr>\n<tr>\n<td class=\"xl64\" height=\"15\">Energie\/energy<\/td>\n<td class=\"xl65\">600 kcal \/ 2510 kJ<\/td>\n<\/tr>\n<tr>\n<td class=\"xl64\" height=\"15\">Fett\/vet\/vat\/lipides totaux<\/td>\n<td class=\"xl65\">45,7 g<\/td>\n<\/tr>\n<tr>\n<td class=\"xl64\" height=\"15\">davon ges\u00e4ttigte Fetts\u00e4uren\/waarvan verzadigs\/of which saturated\/dont acides gras saturis<\/td>\n<td class=\"xl65\">31,4 g<\/td>\n<\/tr>\n<tr>\n<td class=\"xl64\" height=\"15\">Kohlenhydrate\/koolhydraten\/carbon hydrates\/glucides totaux<\/td>\n<td class=\"xl65\">42,8 g<\/td>\n<\/tr>\n<tr>\n<td class=\"xl64\" height=\"15\">davon Zucker\/waarvan suiker\/of which sugar\/dont sucre<\/td>\n<td class=\"xl65\">28,5 g<\/td>\n<\/tr>\n<tr>\n<td class=\"xl64\" height=\"15\">Eiweiss\/eiwit\/proteins\/prot\u00e9ines<\/td>\n<td class=\"xl65\">8,6 g<\/td>\n<\/tr>\n<tr>\n<td class=\"xl67\" height=\"15\">Salz\/zout\/salt\/sel<\/td>\n<td class=\"xl63\">0 g<\/td>\n<\/tr>\n<\/tbody>\n<\/table>\n<p>EAN 850016516381<\/p>\n","protected":false},"excerpt":{"rendered":"<p>72% Schokolade, 100% ugandisch. Semulki Zartbitterschokolade, akzentuiert mit lokaler Vanille und einer gesunden Dosis &#8222;sim-sim&#8220; (Sesam).<\/p>\n","protected":false},"featured_media":132228,"comment_status":"open","ping_status":"closed","template":"","meta":[],"product_brand":[771],"product_cat":[754,15,736],"product_tag":[],"class_list":{"0":"post-132231","1":"product","2":"type-product","3":"status-publish","4":"has-post-thumbnail","6":"product_brand-latitude","7":"product_cat-herkunftschokolade","8":"product_cat-schokolade","9":"product_cat-vegan","10":"product_shipping_class-16","11":"infinite-scroll-item","12":"resize-featured-image","13":"sales-flash-overlay","14":"woocommerce-text-align-center","15":"woocommerce-image-align-center","16":"wc-has-gallery","18":"first","19":"instock","20":"shipping-taxable","21":"purchasable","22":"product-type-simple"},"_links":{"self":[{"href":"https:\/\/clearchox.com\/de\/wp-json\/wp\/v2\/product\/132231","targetHints":{"allow":["GET"]}}],"collection":[{"href":"https:\/\/clearchox.com\/de\/wp-json\/wp\/v2\/product"}],"about":[{"href":"https:\/\/clearchox.com\/de\/wp-json\/wp\/v2\/types\/product"}],"replies":[{"embeddable":true,"href":"https:\/\/clearchox.com\/de\/wp-json\/wp\/v2\/comments?post=132231"}],"wp:featuredmedia":[{"embeddable":true,"href":"https:\/\/clearchox.com\/de\/wp-json\/wp\/v2\/media\/132228"}],"wp:attachment":[{"href":"https:\/\/clearchox.com\/de\/wp-json\/wp\/v2\/media?parent=132231"}],"wp:term":[{"taxonomy":"product_brand","embeddable":true,"href":"https:\/\/clearchox.com\/de\/wp-json\/wp\/v2\/product_brand?post=132231"},{"taxonomy":"product_cat","embeddable":true,"href":"https:\/\/clearchox.com\/de\/wp-json\/wp\/v2\/product_cat?post=132231"},{"taxonomy":"product_tag","embeddable":true,"href":"https:\/\/clearchox.com\/de\/wp-json\/wp\/v2\/product_tag?post=132231"}],"curies":[{"name":"wp","href":"https:\/\/api.w.org\/{rel}","templated":true}]}}