{"id":132274,"date":"2022-08-15T11:35:46","date_gmt":"2022-08-15T11:35:46","guid":{"rendered":"https:\/\/clearchox.com\/de\/?post_type=product&#038;p=132274"},"modified":"2026-04-24T11:04:05","modified_gmt":"2026-04-24T11:04:05","slug":"naive-flat-white-kaffee-schokolade-61","status":"publish","type":"product","link":"https:\/\/clearchox.com\/de\/shop\/naive-flat-white-kaffee-schokolade-61\/","title":{"rendered":"Na\u00efve Flat White &#8211; Kaffee Milchschokolade 61%"},"content":{"rendered":"<p>Zwischen Kaffee und Schokolade besteht eine heimliche Liebesbeziehung. Wenn man diesem leidenschaftlichen Duett einen Schuss Milch hinzuf\u00fcgt, wird es noch pikanter. Weniger erotisch ausgedr\u00fcckt, erf\u00fcllt eine Tasse Flat White alle menschlichen Bed\u00fcrfnisse!<br \/>\nZun\u00e4chst w\u00e4hlte Domantas einen einzigartigen litauischen Kaffee aus, der in El Salvador angebaut wird und 1949 auf einer Farm der <a href=\"https:\/\/cafekreyol.com\/farmer\/el-salvador-pacas-estate-finca-la-esperanza\/\" target=\"_blank\" rel=\"noopener\">Familie Pacas<\/a> (Nachkommen der litauischen Herzogsfamilie Pacas) entdeckt wurde. Dann verschmolz er den Pacas-Kaffee mit ausgew\u00e4hlten Kakaobohnen. Das Rezept erwies sich als modern und klassisch zugleich und war mehr als zufriedenstellend. Seit fast acht Jahren feilt er nun schon an diesem Rezept, und die neueste Version l\u00e4sst niemanden gleichg\u00fcltig.<\/p>\n<p>Die von Domantas verwendeten Kakaobohnen sind eine spezielle, hausgemachte Mischung aus Bohnen hervorragender Qualit\u00e4t, die derzeit gr\u00f6\u00dftenteils aus Venezuela stammen.<\/p>\n<p><strong>Zutaten<\/strong>: Spezialit\u00e4tenkakao*, Rohrzucker*, reine Kakaobutter*, Weide<span style=\"color: #993300;\"><em><strong>milch<\/strong><\/em><\/span>pulver*, Kaffee*(5%)<br \/>\n*wild oder naturbelassener Anbau!<\/p>\n<p><span style=\"color: #993300;\"><em><strong>Enth\u00e4lt Milch. Kann Spuren von Schalenfr\u00fcchten, Erdn\u00fcssen und Weizen enthalten<\/strong><\/em><\/span><\/p>\n<table border=\"0\" width=\"593\" cellspacing=\"0\" cellpadding=\"0\">\n<tbody>\n<tr>\n<td class=\"xl68\" width=\"333\" height=\"15\"><strong>Nutrition values\/N\u00e4hrwerte\/Voedingswaarde\/Information nutritionelles<\/strong><\/td>\n<td class=\"xl66\" width=\"260\"><strong>per\/pro\/per 100 g<\/strong><\/td>\n<\/tr>\n<tr>\n<td class=\"xl64\" height=\"15\">Energy\/Energie<\/td>\n<td class=\"xl65\">560 kcal\/ 2320 kJ<\/td>\n<\/tr>\n<tr>\n<td class=\"xl64\" height=\"15\">Fat\/Fett\/vetten\/lipides<\/td>\n<td class=\"xl65\">34 g<\/td>\n<\/tr>\n<tr>\n<td class=\"xl64\" height=\"15\">of which saturated\/davon ges\u00e4ttigte Fetts\u00e4uren\/waarvan verzadigd\/dont acides gras saturis<\/td>\n<td class=\"xl65\">17,5 g<\/td>\n<\/tr>\n<tr>\n<td class=\"xl64\" height=\"15\">Carbonhydrates\/Kohlenhydrate\/koolhydraten\/glucides<\/td>\n<td class=\"xl65\">53 g<\/td>\n<\/tr>\n<tr>\n<td class=\"xl64\" height=\"15\">of which sugar\/davon Zucker\/dont sucre<\/td>\n<td class=\"xl65\">36 g<\/td>\n<\/tr>\n<tr>\n<td class=\"xl64\" height=\"15\">Proteins\/Eiweiss\/eiwitten\/prot\u00e9ines<\/td>\n<td class=\"xl65\">7,5 g<\/td>\n<\/tr>\n<tr>\n<td class=\"xl67\" height=\"15\">Salt\/Salz\/zout\/sel<\/td>\n<td class=\"xl63\">0,020 g<\/td>\n<\/tr>\n<\/tbody>\n<\/table>\n","protected":false},"excerpt":{"rendered":"<p>Kaffee und Schokolade sind eine heimliche Liebesbeziehung eingegangen. Mit einem Spritzer Milch wird diese leidenschaftliche Tafel noch pikanter. Nach acht Jahren der Feinabstimmung ist dies die feinste Milchkaffeeschokolade, die es gibt!<\/p>\n","protected":false},"featured_media":132278,"comment_status":"open","ping_status":"closed","template":"","meta":[],"product_brand":[100],"product_cat":[15],"product_tag":[1223,1213],"class_list":{"0":"post-132274","1":"product","2":"type-product","3":"status-publish","4":"has-post-thumbnail","6":"product_brand-naive","7":"product_cat-schokolade","8":"product_tag-kaffee","9":"product_tag-milch","10":"infinite-scroll-item","11":"resize-featured-image","12":"sales-flash-overlay","13":"woocommerce-text-align-center","14":"woocommerce-image-align-center","15":"wc-has-gallery","17":"first","18":"instock","19":"shipping-taxable","20":"purchasable","21":"product-type-simple"},"_links":{"self":[{"href":"https:\/\/clearchox.com\/de\/wp-json\/wp\/v2\/product\/132274","targetHints":{"allow":["GET"]}}],"collection":[{"href":"https:\/\/clearchox.com\/de\/wp-json\/wp\/v2\/product"}],"about":[{"href":"https:\/\/clearchox.com\/de\/wp-json\/wp\/v2\/types\/product"}],"replies":[{"embeddable":true,"href":"https:\/\/clearchox.com\/de\/wp-json\/wp\/v2\/comments?post=132274"}],"wp:featuredmedia":[{"embeddable":true,"href":"https:\/\/clearchox.com\/de\/wp-json\/wp\/v2\/media\/132278"}],"wp:attachment":[{"href":"https:\/\/clearchox.com\/de\/wp-json\/wp\/v2\/media?parent=132274"}],"wp:term":[{"taxonomy":"product_brand","embeddable":true,"href":"https:\/\/clearchox.com\/de\/wp-json\/wp\/v2\/product_brand?post=132274"},{"taxonomy":"product_cat","embeddable":true,"href":"https:\/\/clearchox.com\/de\/wp-json\/wp\/v2\/product_cat?post=132274"},{"taxonomy":"product_tag","embeddable":true,"href":"https:\/\/clearchox.com\/de\/wp-json\/wp\/v2\/product_tag?post=132274"}],"curies":[{"name":"wp","href":"https:\/\/api.w.org\/{rel}","templated":true}]}}