{"id":132275,"date":"2022-08-15T11:29:08","date_gmt":"2022-08-15T11:29:08","guid":{"rendered":"https:\/\/clearchox.com\/de\/?post_type=product&#038;p=132275"},"modified":"2026-04-20T06:59:16","modified_gmt":"2026-04-20T06:59:16","slug":"naive-black-sauna-geraucherte-schokolade-70","status":"publish","type":"product","link":"https:\/\/clearchox.com\/de\/shop\/naive-black-sauna-geraucherte-schokolade-70\/","title":{"rendered":"Na\u00efve Black Sauna &#8211; ger\u00e4ucherte Schokolade 70%"},"content":{"rendered":"<p>Die echte litauische Rauchsauna ist alles andere als ein Kuraufenthalt. Es ist eine esotherische Erfahrung, bei der die Badenden &#8222;sterben und wieder auferstehen&#8220;. In heidnischen Zeiten nutzten die Menschen die Sauna zum Baden, Geb\u00e4ren, Konservieren und Anbeten.<br \/>\nPechschwarze W\u00e4nde, hei\u00dfe Steine und Dampf erm\u00f6glichen es den Badenden, eine spirituelle Verbindung zu den Grundelementen Feuer und Wasser aufzubauen, w\u00e4hrend der berauschende Duft von sibirischen Tannenbesen und Wermutbl\u00e4ttern ihr Bewusstsein \u00f6ffnet. Als Liebhaber der Schwarzen Sauna und Schokoladenhersteller hat Domatas versucht, seine Erfahrung mit der Schwarzen Sauna durch Schokolade zu interpretieren. M\u00f6chten Sie probieren, wie?<\/p>\n<p>Zu den alten G\u00f6ttern!<\/p>\n<p>Die von Domantas verwendeten Kakaobohnen sind eine spezielle, hausgemachte Mischung aus Bohnen hervorragender Qualit\u00e4t, die derzeit gr\u00f6\u00dftenteils aus Venezuela stammen.<\/p>\n<p><strong>Zutaten<\/strong>: ger\u00e4ucherter Kakao*, Rohrzucker*, reine Kakaobutter*, <a href=\"https:\/\/de.wikipedia.org\/wiki\/Sibirische_Tanne\" target=\"_blank\" rel=\"noopener\">sibirische Tanne<\/a> (2%)*, aktivierte Birkenholzkohle*, <a href=\"https:\/\/de.wikipedia.org\/wiki\/Wermutkraut\" target=\"_blank\" rel=\"noopener\">Wermut<\/a> (1%)*, Meersalz*<br \/>\n*wild oder naturbelassener Anbau!<\/p>\n<p><span style=\"color: #993300;\"><em><strong>Kann Spuren von Milch, N\u00fcssen, Erdn\u00fcssen und Weizen enthalten.<\/strong><\/em><\/span><\/p>\n<p>&nbsp;<\/p>\n<table border=\"0\" width=\"593\" cellspacing=\"0\" cellpadding=\"0\">\n<tbody>\n<tr>\n<td class=\"xl68\" width=\"333\" height=\"15\"><strong>Nutrition values\/N\u00e4hrwerte\/Voedingswaarde\/Information nutritionelles<\/strong><\/td>\n<td class=\"xl66\" width=\"260\"><strong>per\/pro\/per 100 g<\/strong><\/td>\n<\/tr>\n<tr>\n<td class=\"xl64\" height=\"15\">Energy\/Energie<\/td>\n<td class=\"xl65\">598 kcal\/ 2505 kJ<\/td>\n<\/tr>\n<tr>\n<td class=\"xl64\" height=\"15\">Fat\/Fett\/vetten\/lipides<\/td>\n<td class=\"xl65\">38 g<\/td>\n<\/tr>\n<tr>\n<td class=\"xl64\" height=\"15\">of which saturated\/davon ges\u00e4ttigte Fetts\u00e4uren\/waarvan verzadigd\/dont acides gras saturis<\/td>\n<td class=\"xl65\">23 g<\/td>\n<\/tr>\n<tr>\n<td class=\"xl64\" height=\"15\">Carbonhydrates\/Kohlenhydrate\/koolhydraten\/glucides<\/td>\n<td class=\"xl65\">51 g<\/td>\n<\/tr>\n<tr>\n<td class=\"xl64\" height=\"15\">of which sugar\/davon Zucker\/dont sucre<\/td>\n<td class=\"xl65\">30 g<\/td>\n<\/tr>\n<tr>\n<td class=\"xl64\" height=\"15\">Proteins\/Eiweiss\/eiwitten\/prot\u00e9ines<\/td>\n<td class=\"xl65\">5 g<\/td>\n<\/tr>\n<tr>\n<td class=\"xl67\" height=\"15\">Salt\/Salz\/zout\/sel<\/td>\n<td class=\"xl63\">245 mg<\/td>\n<\/tr>\n<\/tbody>\n<\/table>\n","protected":false},"excerpt":{"rendered":"<p>Die Rauchsauna hat ihr eigenes, unverwechselbares Aroma, das viele Saunakenner sehr sch\u00e4tzen. Naive hat diese Aromen in einer gro\u00dfartigen Schokolade eingefangen!<\/p>\n","protected":false},"featured_media":132276,"comment_status":"open","ping_status":"closed","template":"","meta":[],"product_brand":[100],"product_cat":[15],"product_tag":[1224],"class_list":{"0":"post-132275","1":"product","2":"type-product","3":"status-publish","4":"has-post-thumbnail","6":"product_brand-naive","7":"product_cat-schokolade","8":"product_tag-sauna","9":"product_shipping_class-16","10":"infinite-scroll-item","11":"resize-featured-image","12":"sales-flash-overlay","13":"woocommerce-text-align-center","14":"woocommerce-image-align-center","15":"wc-has-gallery","17":"first","18":"outofstock","19":"shipping-taxable","20":"purchasable","21":"product-type-simple"},"_links":{"self":[{"href":"https:\/\/clearchox.com\/de\/wp-json\/wp\/v2\/product\/132275","targetHints":{"allow":["GET"]}}],"collection":[{"href":"https:\/\/clearchox.com\/de\/wp-json\/wp\/v2\/product"}],"about":[{"href":"https:\/\/clearchox.com\/de\/wp-json\/wp\/v2\/types\/product"}],"replies":[{"embeddable":true,"href":"https:\/\/clearchox.com\/de\/wp-json\/wp\/v2\/comments?post=132275"}],"wp:featuredmedia":[{"embeddable":true,"href":"https:\/\/clearchox.com\/de\/wp-json\/wp\/v2\/media\/132276"}],"wp:attachment":[{"href":"https:\/\/clearchox.com\/de\/wp-json\/wp\/v2\/media?parent=132275"}],"wp:term":[{"taxonomy":"product_brand","embeddable":true,"href":"https:\/\/clearchox.com\/de\/wp-json\/wp\/v2\/product_brand?post=132275"},{"taxonomy":"product_cat","embeddable":true,"href":"https:\/\/clearchox.com\/de\/wp-json\/wp\/v2\/product_cat?post=132275"},{"taxonomy":"product_tag","embeddable":true,"href":"https:\/\/clearchox.com\/de\/wp-json\/wp\/v2\/product_tag?post=132275"}],"curies":[{"name":"wp","href":"https:\/\/api.w.org\/{rel}","templated":true}]}}