{"id":132410,"date":"2022-09-02T10:06:38","date_gmt":"2022-09-02T10:06:38","guid":{"rendered":"https:\/\/clearchox.com\/de\/?post_type=product&#038;p=132410"},"modified":"2026-04-23T19:13:36","modified_gmt":"2026-04-23T19:13:36","slug":"auro-x-don-papa-dunkle-schokolade-70-rum-infusion","status":"publish","type":"product","link":"https:\/\/clearchox.com\/de\/shop\/auro-x-don-papa-dunkle-schokolade-70-rum-infusion\/","title":{"rendered":"Auro x Don Papa Dunkle Schokolade 70% Rum Infusion"},"content":{"rendered":"<h3>Limitierte Auflage.<\/h3>\n<p>Eingebettet in die tropischen Berge, wird Saloy von frischem Quellwasser gespeist, das durch die \u00fcppigen W\u00e4lder flie\u00dft und der Schokolade einen sehr dynamischen Geschmack verleiht.<\/p>\n<p><a href=\"https:\/\/www.philatlas.com\/mindanao\/r11\/davao-city\/saloy.html\" target=\"_blank\" rel=\"noopener\">Saloy<\/a> ist eine Gemeinschaft mit knapp 2.100 Einwohnern, die zur Stadt <a href=\"https:\/\/de.wikipedia.org\/wiki\/Davao_City\" target=\"_blank\" rel=\"noopener\">Davao<\/a> im S\u00fcden der Insel Mindanao geh\u00f6rt. Davao war einst das Zentrum des Kakaoanbaus. Saloy liegt weit au\u00dferhalb der Stadt Davao, in einem bergigen Gebiet mit tropischem Wald.<\/p>\n<p>Don Papa hat die Philippinen seit etwa 2010 (auch) als Rum-Land auf die Weltkarte gebracht. Es ist auch der erste echte, handwerklich hergestellte philippinische Rum. Und das, obwohl dieses Land so ungef\u00e4hr das Land ist, in dem am meisten Rum getrunken wird.<\/p>\n<p>Und jetzt die beste Schokolade x der beste Rum!<\/p>\n<p>&nbsp;<\/p>\n<hr \/>\n<p><strong>Aroma<\/strong>: don papa rum<br \/>\n<strong>Zutaten<\/strong>: Kakaomasse, Rohrzucker, Kakaobutter, Rum<\/p>\n<p><span style=\"color: #993300\"><em><strong>Kann Spuren von Milch, Hafer, Soja, N\u00fcssen und Erdn\u00fcssen enthalten.<\/strong><\/em><\/span><\/p>\n<table border=\"0\" width=\"593\" cellspacing=\"0\" cellpadding=\"0\">\n<tbody>\n<tr>\n<td class=\"xl68\" width=\"333\" height=\"15\"><strong>Nutrition values\/N\u00e4hrwerte\/Voedingswaarde\/Information nutritionelles<\/strong><\/td>\n<td class=\"xl66\" width=\"260\"><strong>per\/pro\/per 100 g<\/strong><\/td>\n<\/tr>\n<tr>\n<td class=\"xl64\" height=\"15\">Energy\/Energie<\/td>\n<td class=\"xl65\">547 kcal\/ 2290 kJ<\/td>\n<\/tr>\n<tr>\n<td class=\"xl64\" height=\"15\">Fat\/Fett\/vetten\/lipides<\/td>\n<td class=\"xl65\">37 g<\/td>\n<\/tr>\n<tr>\n<td class=\"xl64\" height=\"15\">of which saturated\/davon ges\u00e4ttigte Fetts\u00e4uren\/waarvan verzadigd\/dont acides gras saturis<\/td>\n<td class=\"xl65\">22 g<\/td>\n<\/tr>\n<tr>\n<td class=\"xl64\" height=\"15\">Carbonhydrates\/Kohlenhydrate\/koolhydraten\/glucides<\/td>\n<td class=\"xl65\">45 g<\/td>\n<\/tr>\n<tr>\n<td class=\"xl64\" height=\"15\">of which sugar\/davon Zucker\/dont sucre<\/td>\n<td class=\"xl65\">30 g<\/td>\n<\/tr>\n<tr>\n<td class=\"xl64\" height=\"15\">Proteins\/Eiweiss\/eiwitten\/prot\u00e9ines<\/td>\n<td class=\"xl65\">7 g<\/td>\n<\/tr>\n<tr>\n<td class=\"xl67\" height=\"15\">Salt\/Salz\/zout\/sel<\/td>\n<td class=\"xl63\">&lt; 2 mg<\/td>\n<\/tr>\n<\/tbody>\n<\/table>\n<p>EAN 4806531802412<\/p>\n","protected":false},"excerpt":{"rendered":"<p>Diese 70%ige Zartbitterschokolade aus den besten Kakaobohnen von Saloy ist sorgf\u00e4ltig mit Don Papa &#8211; einem erstklassigen, gereiften Single Island Rum &#8211; versetzt. Die perfekte Harmonie zwischen handwerklich hergestellter philippinischer Schokolade und philippinischem Rum!<\/p>\n","protected":false},"featured_media":132407,"comment_status":"open","ping_status":"closed","template":"","meta":[],"product_brand":[116],"product_cat":[754,15],"product_tag":[],"class_list":{"0":"post-132410","1":"product","2":"type-product","3":"status-publish","4":"has-post-thumbnail","6":"product_brand-auro","7":"product_cat-herkunftschokolade","8":"product_cat-schokolade","9":"product_shipping_class-16","10":"infinite-scroll-item","11":"resize-featured-image","12":"sales-flash-overlay","13":"woocommerce-text-align-center","14":"woocommerce-image-align-center","15":"wc-has-gallery","17":"first","18":"instock","19":"shipping-taxable","20":"purchasable","21":"product-type-simple"},"_links":{"self":[{"href":"https:\/\/clearchox.com\/de\/wp-json\/wp\/v2\/product\/132410","targetHints":{"allow":["GET"]}}],"collection":[{"href":"https:\/\/clearchox.com\/de\/wp-json\/wp\/v2\/product"}],"about":[{"href":"https:\/\/clearchox.com\/de\/wp-json\/wp\/v2\/types\/product"}],"replies":[{"embeddable":true,"href":"https:\/\/clearchox.com\/de\/wp-json\/wp\/v2\/comments?post=132410"}],"wp:featuredmedia":[{"embeddable":true,"href":"https:\/\/clearchox.com\/de\/wp-json\/wp\/v2\/media\/132407"}],"wp:attachment":[{"href":"https:\/\/clearchox.com\/de\/wp-json\/wp\/v2\/media?parent=132410"}],"wp:term":[{"taxonomy":"product_brand","embeddable":true,"href":"https:\/\/clearchox.com\/de\/wp-json\/wp\/v2\/product_brand?post=132410"},{"taxonomy":"product_cat","embeddable":true,"href":"https:\/\/clearchox.com\/de\/wp-json\/wp\/v2\/product_cat?post=132410"},{"taxonomy":"product_tag","embeddable":true,"href":"https:\/\/clearchox.com\/de\/wp-json\/wp\/v2\/product_tag?post=132410"}],"curies":[{"name":"wp","href":"https:\/\/api.w.org\/{rel}","templated":true}]}}