{"id":132412,"date":"2022-09-02T18:27:19","date_gmt":"2022-09-02T18:27:19","guid":{"rendered":"https:\/\/clearchox.com\/de\/?post_type=product&#038;p=132412"},"modified":"2026-04-23T07:34:44","modified_gmt":"2026-04-23T07:34:44","slug":"auro-weise-schokolade-32-gerostete-cashew","status":"publish","type":"product","link":"https:\/\/clearchox.com\/de\/shop\/auro-weise-schokolade-32-gerostete-cashew\/","title":{"rendered":"Auro wei\u00dfe Schokolade 32% ger\u00f6stete Cashew"},"content":{"rendered":"<p>Aus der von Filippino Fiesta inspirierten Kollektion: Diese Tafel ist ein Festmahl f\u00fcr den Gaumen!<\/p>\n<p>Eine sehr s\u00fcchtig machender Tafel, kann man sagen. Probieren Sie selbst! Das Design ist inspiriert von <a href=\"https:\/\/en.wikipedia.org\/wiki\/Giant_Lantern_Festival\" target=\"_blank\" rel=\"noopener\">San Fernando&#8217;s Giant Lantern Festival<\/a>, das Weihnachten auf den Philippinen symbolisiert. Jeder Biss wird Ihre Sinne erleuchten.<\/p>\n<p>&nbsp;<\/p>\n<p><strong>2018 AoC Bronze in der Kategorie &#8222;Flavoured White Chocolate Bars&#8220;<\/strong><\/p>\n<hr \/>\n<p><span lang=\"DE\"><b>Zutaten<\/b>: <\/span>Rohrzucker, Kakaobutter, Voll<span style=\"color: #993300;\"><em><strong>milch<\/strong><\/em><\/span>pulver, Mager<span style=\"color: #993300;\"><em><strong>milch<\/strong><\/em><\/span>pulver, <span style=\"color: #993300;\"><em><strong>Soja<\/strong><\/em><\/span>lecithin (Emulgator), <span style=\"color: #993300;\"><strong><em>Cashewn\u00fcsse<\/em><\/strong><\/span>, Meersalz<\/p>\n<p><span style=\"color: #993300;\"><em><strong>Enth\u00e4lt Milch, Soja und N\u00fcsse. Kann auch Spuren von Hafer und Erdn\u00fcssen enthalten.<\/strong><\/em><\/span><\/p>\n<table border=\"0\" width=\"593\" cellspacing=\"0\" cellpadding=\"0\">\n<tbody>\n<tr>\n<td class=\"xl68\" width=\"333\" height=\"15\"><strong>Nutrition values\/N\u00e4hrwerte\/Voedingswaarde\/Information nutritionelles<\/strong><\/td>\n<td class=\"xl66\" width=\"260\"><strong>per\/pro\/per 100 g<\/strong><\/td>\n<\/tr>\n<tr>\n<td class=\"xl64\" height=\"15\">Energy\/Energie<\/td>\n<td class=\"xl65\">577 kcal\/ 2416 kJ<\/td>\n<\/tr>\n<tr>\n<td class=\"xl64\" height=\"15\">Fat\/Fett\/vetten\/lipides<\/td>\n<td class=\"xl65\">40 g<\/td>\n<\/tr>\n<tr>\n<td class=\"xl64\" height=\"15\">of which saturated\/davon ges\u00e4ttigte Fetts\u00e4uren\/waarvan verzadigd\/dont acides gras saturis<\/td>\n<td class=\"xl65\">23 g<\/td>\n<\/tr>\n<tr>\n<td class=\"xl64\" height=\"15\">Carbonhydrates\/Kohlenhydrate\/koolhydraten\/glucides<\/td>\n<td class=\"xl65\">49 g<\/td>\n<\/tr>\n<tr>\n<td class=\"xl64\" height=\"15\">of which sugar\/davon Zucker\/dont sucre<\/td>\n<td class=\"xl65\">12 g<\/td>\n<\/tr>\n<tr>\n<td class=\"xl64\" height=\"15\">Proteins\/Eiweiss\/eiwitten\/prot\u00e9ines<\/td>\n<td class=\"xl65\">8 g<\/td>\n<\/tr>\n<tr>\n<td class=\"xl67\" height=\"15\">Salt\/Salz\/zout\/sel<\/td>\n<td class=\"xl63\">176 mg<\/td>\n<\/tr>\n<\/tbody>\n<\/table>\n<p>EAN 4806531802672<\/p>\n","protected":false},"excerpt":{"rendered":"<p>Aus der Filippino Fiesta Collection: Entdecken Sie ein Fest der tropischen Aromen mit der preisgekr\u00f6nten Cashew Dulce &#8211; eine Kombination aus 32% ger\u00f6steter wei\u00dfer Schokolade und ger\u00f6steten Cashew-St\u00fccken.<\/p>\n","protected":false},"featured_media":132405,"comment_status":"open","ping_status":"closed","template":"","meta":[],"product_brand":[116],"product_cat":[754,733,15],"product_tag":[],"class_list":{"0":"post-132412","1":"product","2":"type-product","3":"status-publish","4":"has-post-thumbnail","6":"product_brand-auro","7":"product_cat-herkunftschokolade","8":"product_cat-preistraeger","9":"product_cat-schokolade","10":"product_shipping_class-16","11":"infinite-scroll-item","12":"resize-featured-image","13":"sales-flash-overlay","14":"woocommerce-text-align-center","15":"woocommerce-image-align-center","16":"wc-has-gallery","18":"first","19":"instock","20":"shipping-taxable","21":"purchasable","22":"product-type-simple"},"_links":{"self":[{"href":"https:\/\/clearchox.com\/de\/wp-json\/wp\/v2\/product\/132412","targetHints":{"allow":["GET"]}}],"collection":[{"href":"https:\/\/clearchox.com\/de\/wp-json\/wp\/v2\/product"}],"about":[{"href":"https:\/\/clearchox.com\/de\/wp-json\/wp\/v2\/types\/product"}],"replies":[{"embeddable":true,"href":"https:\/\/clearchox.com\/de\/wp-json\/wp\/v2\/comments?post=132412"}],"wp:featuredmedia":[{"embeddable":true,"href":"https:\/\/clearchox.com\/de\/wp-json\/wp\/v2\/media\/132405"}],"wp:attachment":[{"href":"https:\/\/clearchox.com\/de\/wp-json\/wp\/v2\/media?parent=132412"}],"wp:term":[{"taxonomy":"product_brand","embeddable":true,"href":"https:\/\/clearchox.com\/de\/wp-json\/wp\/v2\/product_brand?post=132412"},{"taxonomy":"product_cat","embeddable":true,"href":"https:\/\/clearchox.com\/de\/wp-json\/wp\/v2\/product_cat?post=132412"},{"taxonomy":"product_tag","embeddable":true,"href":"https:\/\/clearchox.com\/de\/wp-json\/wp\/v2\/product_tag?post=132412"}],"curies":[{"name":"wp","href":"https:\/\/api.w.org\/{rel}","templated":true}]}}