{"id":132415,"date":"2022-09-03T18:07:05","date_gmt":"2022-09-03T18:07:05","guid":{"rendered":"https:\/\/clearchox.com\/de\/?post_type=product&#038;p=132415"},"modified":"2026-04-21T11:48:17","modified_gmt":"2026-04-21T11:48:17","slug":"auro-weise-schokolade-plant-based-calamansi-cheesecake-34","status":"publish","type":"product","link":"https:\/\/clearchox.com\/de\/shop\/auro-weise-schokolade-plant-based-calamansi-cheesecake-34\/","title":{"rendered":"Auro wei\u00dfe Schokolade Plant-Based Calamansi Cheesecake 34%"},"content":{"rendered":"<p>Aus der von Filippino Fiesta inspirierten Kollektion: Diese Tafel ist ein wahrer Gaumenschmaus!<\/p>\n<p>Entdecken Sie ein Fest der tropischen Aromen mit dem erfrischenden Calamansi Cheesecake: eine Kombination aus Calamansi in 34% pflanzlicher wei\u00dfer Schokolade, gemischt mit k\u00f6stlich gew\u00fcrzten Keksst\u00fccken.<\/p>\n<p>Die Calamansi ist eine typische philippinische Zitrusfrucht, die vermutlich eine Kreuzung aus Mandarine und Kumquat ist.<\/p>\n<p>Das Verpackungsdesign ist festlich, angelehnt an das <a href=\"https:\/\/en.wikipedia.org\/wiki\/Kadayawan_Festival\" target=\"_blank\" rel=\"noopener\">Kadayawan-Fest in Davao<\/a>, das zu Ehren einer reichhaltigen Ernte gefeiert wird. Erleben Sie diese Reichhaltigkeit in jedem Biss.<\/p>\n<h6>Die Fotos des Festivals stammen von Wikimedia Commons, Constantine-Agustin<\/h6>\n<hr \/>\n<p><strong>Zutaten<\/strong>: Rohrzucker, Kakaobutter, <span style=\"color: #993300\"><em><strong>Hafer<\/strong><\/em><\/span>pulver, Gew\u00fcrzkekse (<span style=\"color: #993300\"><em><strong>Weizen<\/strong><\/em><\/span>mehl, Zucker, pflanzliches \u00d6l, Kandissirup, Natriumbikarbonat als Backtriebmittel, <span style=\"color: #993300\"><strong><em>Soja<\/em><\/strong><\/span>mehl, Salz, Zimt), Calamansi-Extrakt, nat\u00fcrlicher Vanilleextrakt, Meersalz<\/p>\n<p><span style=\"color: #993300\"><em><strong>Enth\u00e4lt Hafer, Weizen und Soja. Kann auch Spuren von Milch, N\u00fcssen und Erdn\u00fcssen enthalten.<\/strong><\/em><\/span><\/p>\n<table border=\"0\" width=\"593\" cellspacing=\"0\" cellpadding=\"0\">\n<tbody>\n<tr>\n<td class=\"xl68\" width=\"333\" height=\"15\"><strong>Nutrition values\/N\u00e4hrwerte\/Voedingswaarde\/Information nutritionelles<\/strong><\/td>\n<td class=\"xl66\" width=\"260\"><strong>per\/pro\/per 100 g<\/strong><\/td>\n<\/tr>\n<tr>\n<td class=\"xl64\" height=\"15\">Energy\/Energie<\/td>\n<td class=\"xl65\">538 kcal\/ 2252 kJ<\/td>\n<\/tr>\n<tr>\n<td class=\"xl64\" height=\"15\">Fat\/Fett\/vetten\/lipides<\/td>\n<td class=\"xl65\">33 g<\/td>\n<\/tr>\n<tr>\n<td class=\"xl64\" height=\"15\">of which saturated\/davon ges\u00e4ttigte Fetts\u00e4uren\/waarvan verzadigd\/dont acides gras saturis<\/td>\n<td class=\"xl65\">19 g<\/td>\n<\/tr>\n<tr>\n<td class=\"xl64\" height=\"15\">Carbonhydrates\/Kohlenhydrate\/koolhydraten\/glucides<\/td>\n<td class=\"xl65\">58 g<\/td>\n<\/tr>\n<tr>\n<td class=\"xl64\" height=\"15\">of which sugar\/davon Zucker\/dont sucre<\/td>\n<td class=\"xl65\">36 g<\/td>\n<\/tr>\n<tr>\n<td class=\"xl64\" height=\"15\">Proteins\/Eiweiss\/eiwitten\/prot\u00e9ines<\/td>\n<td class=\"xl65\">4 g<\/td>\n<\/tr>\n<tr>\n<td class=\"xl67\" height=\"15\">Salt\/Salz\/zout\/sel<\/td>\n<td class=\"xl63\">83 mg<\/td>\n<\/tr>\n<\/tbody>\n<\/table>\n<p>EAN 4806531802641<\/p>\n","protected":false},"excerpt":{"rendered":"<p>Aus der Filippino Fiesta-Kollektion: Wei\u00dfe rein pflanzliche wei\u00dfe Schokolade mit Calamansi-Infusion und k\u00f6stlich gew\u00fcrzten Biskuitst\u00fcckchen. Was f\u00fcr ein Geschmack!<\/p>\n","protected":false},"featured_media":132403,"comment_status":"open","ping_status":"closed","template":"","meta":[],"product_brand":[116],"product_cat":[754,15,736],"product_tag":[],"class_list":{"0":"post-132415","1":"product","2":"type-product","3":"status-publish","4":"has-post-thumbnail","6":"product_brand-auro","7":"product_cat-herkunftschokolade","8":"product_cat-schokolade","9":"product_cat-vegan","10":"product_shipping_class-16","11":"infinite-scroll-item","12":"resize-featured-image","13":"sales-flash-overlay","14":"woocommerce-text-align-center","15":"woocommerce-image-align-center","16":"wc-has-gallery","18":"first","19":"instock","20":"shipping-taxable","21":"purchasable","22":"product-type-simple"},"_links":{"self":[{"href":"https:\/\/clearchox.com\/de\/wp-json\/wp\/v2\/product\/132415","targetHints":{"allow":["GET"]}}],"collection":[{"href":"https:\/\/clearchox.com\/de\/wp-json\/wp\/v2\/product"}],"about":[{"href":"https:\/\/clearchox.com\/de\/wp-json\/wp\/v2\/types\/product"}],"replies":[{"embeddable":true,"href":"https:\/\/clearchox.com\/de\/wp-json\/wp\/v2\/comments?post=132415"}],"wp:featuredmedia":[{"embeddable":true,"href":"https:\/\/clearchox.com\/de\/wp-json\/wp\/v2\/media\/132403"}],"wp:attachment":[{"href":"https:\/\/clearchox.com\/de\/wp-json\/wp\/v2\/media?parent=132415"}],"wp:term":[{"taxonomy":"product_brand","embeddable":true,"href":"https:\/\/clearchox.com\/de\/wp-json\/wp\/v2\/product_brand?post=132415"},{"taxonomy":"product_cat","embeddable":true,"href":"https:\/\/clearchox.com\/de\/wp-json\/wp\/v2\/product_cat?post=132415"},{"taxonomy":"product_tag","embeddable":true,"href":"https:\/\/clearchox.com\/de\/wp-json\/wp\/v2\/product_tag?post=132415"}],"curies":[{"name":"wp","href":"https:\/\/api.w.org\/{rel}","templated":true}]}}